{"id":730136,"date":"2025-08-27T21:09:04","date_gmt":"2025-08-27T18:09:04","guid":{"rendered":"https:\/\/roveyayinevi.com.tr\/index.php\/urun\/celaleddin-karatay-siyasetin-dengesi\/"},"modified":"2026-04-16T02:37:41","modified_gmt":"2026-04-15T23:37:41","slug":"celaleddin-karatay-siyasetin-dengesi","status":"publish","type":"product","link":"https:\/\/roveyayinevi.com.tr\/index.php\/urun\/celaleddin-karatay-siyasetin-dengesi\/","title":{"rendered":"Celaleddin Karatay &#8211; Siyasetin Dengesi"},"content":{"rendered":"<p>Sel\u00e7uklular d\u00f6neminde, \u00f6zellikle Hristiyan ailelerden al\u0131narak yeti\u015ftirilen y\u00f6neticilerin, devlete hizmetleri yan\u0131nda k\u00fclt\u00fcr ve medeniyet tarihine de \u00f6nemli katk\u0131lar\u0131 olmu\u015ftur. On \u00fc\u00e7\u00fcnc\u00fc y\u00fczy\u0131lda, 1. Alaeddin Keybubad\u2019\u0131n himayesinde k\u00f6lelikten emirli\u011fe ve atabeyli\u011fe uzanan \u00f6yle birisi \u00e7\u0131kar ki; emirler ve k\u00fc\u00e7\u00fck ya\u015ftaki \u015fehzadelerin \u00e7alkant\u0131lar\u0131 aras\u0131nda sars\u0131lan T\u00fcrkiye Sel\u00e7uklu Devletinin \u00f6mr\u00fcne \u00f6m\u00fcr katar.T\u00fcrkiye Sel\u00e7uklu Devletinde \u015fehzadelerin aras\u0131n\u0131 bulan, emirleri makul gerek\u00e7elerle hizaya getiren stratejik ve analitik politikalar\u0131yla siyasi dengeyi kuran Celaleddin Karatay, bu \u00f6zellikleriyle g\u00fcn\u00fcm\u00fcz okurlar\u0131na hat\u0131rlat\u0131lmay\u0131 hak ediyor. Devlet adaml\u0131\u011f\u0131 kadar k\u00fclt\u00fcrel, sosyal, ilmi hayata etkileriyle de \u00f6ne \u00e7\u0131kan Karatay\u2019\u0131n izlerini Anadolu\u2019da b\u0131rakt\u0131\u011f\u0131 eserlerden s\u00fcrebiliyoruz.Halen Sel\u00e7uk \u00dcniversitesi Edebiyat Fak\u00fcltesi Tarih B\u00f6l\u00fcm\u00fcnde \u00d6\u011fretim \u00dcyesi olarak g\u00f6rev yapan Dr. Zehra Odaba\u015f\u0131\u2019n\u0131n kaleminden \u00e7\u0131kan bu biyografi yazar\u0131n \u201cSel\u00e7uklu Devleti\u2019nde M\u00fchted\u00ee Vak\u0131flar\u0131: Celaleddin Karatay Vak\u0131flar\u0131 \u00d6rne\u011fi\u201d adl\u0131 doktora tezinden kitapla\u015ft\u0131. \u0130ki ana b\u00f6l\u00fcme sahip kitab\u0131n ilk b\u00f6l\u00fcm\u00fcnde yazar Karatay\u2019\u0131n do\u011fumdan \u00f6l\u00fcme hayat\u0131n\u0131; ailesi, k\u00f6keni, devlet kademesindeki g\u00f6revlerini ve T\u00fcrkiye Sel\u00e7uklu Devleti\u2019nde ilk defa uygulad\u0131\u011f\u0131 \u201cortak saltanat\u201d uygulamas\u0131n\u0131, Anadolu\u2019nun tasavvuf hayat\u0131ndaki yerini; alim ve mutasavv\u0131flarla ili\u015fkilerini ve yak\u0131n \u00e7evresini anlat\u0131yor. Karatay\u2019\u0131n sosyal, k\u00fclt\u00fcrel ve dini hayata etkilerini arkas\u0131nda b\u0131rakt\u0131\u011f\u0131 eserler \u00fczerinden ele alan ikinci b\u00f6l\u00fcmdeyse Karatay Kervansaray\u0131, zaviyesi ve vak\u0131flar\u0131 b\u00fct\u00fcn i\u00e7erikleriyle inceleniyor.<\/p>\n","protected":false},"excerpt":{"rendered":"<p>Sel\u00e7uklular d\u00f6neminde, \u00f6zellikle Hristiyan ailelerden al\u0131narak yeti\u015ftirilen y\u00f6neticilerin, devlete hizmetleri yan\u0131nda k\u00fclt\u00fcr ve medeniyet tarihine de \u00f6nemli katk\u0131lar\u0131 olmu\u015ftur. On \u00fc\u00e7\u00fcnc\u00fc y\u00fczy\u0131lda, 1. Alaeddin Keybubad\u2019\u0131n himayesinde<span class=\"excerpt-hellip\"> [\u2026]<\/span><\/p>\n","protected":false},"featured_media":0,"template":"","meta":{"_monsterinsights_skip_tracking":false,"_monsterinsights_sitenote_active":false,"_monsterinsights_sitenote_note":"","_monsterinsights_sitenote_category":0},"product_brand":[],"product_cat":[12370,12304],"product_tag":[],"class_list":{"0":"post-730136","1":"product","2":"type-product","3":"status-publish","5":"product_cat-arastirma-inceleme","6":"product_cat-tarih","7":"pa_cilt-ciltsiz","8":"pa_tur-kitap","9":"pa_yayinevi-erdem-yayinlari","10":"pa_yazar-zehra-odabasi","12":"first","13":"instock","14":"sale","15":"shipping-taxable","16":"purchasable","17":"product-type-simple"},"_links":{"self":[{"href":"https:\/\/roveyayinevi.com.tr\/index.php\/wp-json\/wp\/v2\/product\/730136","targetHints":{"allow":["GET"]}}],"collection":[{"href":"https:\/\/roveyayinevi.com.tr\/index.php\/wp-json\/wp\/v2\/product"}],"about":[{"href":"https:\/\/roveyayinevi.com.tr\/index.php\/wp-json\/wp\/v2\/types\/product"}],"wp:attachment":[{"href":"https:\/\/roveyayinevi.com.tr\/index.php\/wp-json\/wp\/v2\/media?parent=730136"}],"wp:term":[{"taxonomy":"product_brand","embeddable":true,"href":"https:\/\/roveyayinevi.com.tr\/index.php\/wp-json\/wp\/v2\/product_brand?post=730136"},{"taxonomy":"product_cat","embeddable":true,"href":"https:\/\/roveyayinevi.com.tr\/index.php\/wp-json\/wp\/v2\/product_cat?post=730136"},{"taxonomy":"product_tag","embeddable":true,"href":"https:\/\/roveyayinevi.com.tr\/index.php\/wp-json\/wp\/v2\/product_tag?post=730136"}],"curies":[{"name":"wp","href":"https:\/\/api.w.org\/{rel}","templated":true}]}}