{"id":730135,"date":"2025-08-27T21:09:03","date_gmt":"2025-08-27T18:09:03","guid":{"rendered":"https:\/\/roveyayinevi.com.tr\/index.php\/urun\/celaleddin-harezmsah\/"},"modified":"2026-04-16T02:37:41","modified_gmt":"2026-04-15T23:37:41","slug":"celaleddin-harezmsah","status":"publish","type":"product","link":"https:\/\/roveyayinevi.com.tr\/index.php\/urun\/celaleddin-harezmsah\/","title":{"rendered":"Celaleddin Harezm\u015fah"},"content":{"rendered":"<p>Tarihte \u00f6v\u00fclen h\u00fck\u00fcmdarlar farkl\u0131 ba\u015far\u0131lar\u0131ndan dolay\u0131 b\u00fcy\u00fck olarak tan\u0131mlan\u0131rlar. Sultan Cel\u00e2leddin Harezm\u015fah da asla vazge\u00e7memek, y\u0131lmadan m\u00fccadele etmek ve durmaks\u0131z\u0131n sava\u015fmak y\u00f6n\u00fcyle T\u00fcrk tarihindeki b\u00fcy\u00fck h\u00fck\u00fcmdarlardan biri olarak yerini alm\u0131\u015ft\u0131r. Cel\u00e2leddin Meng\u00fcberti\u2019nin Harezm\u015fahlar Devleti\u2019nin ba\u015f\u0131na ge\u00e7ip h\u00fck\u00fcmranl\u0131k etti\u011fi saltanat y\u0131llar\u0131 sadece Mo\u011follara kar\u015f\u0131 y\u0131lmadan sava\u015fan kahraman bir h\u00fck\u00fcmdar\u0131n hik\u00e2yesinden ibaret de\u011fildir.B\u00fcy\u00fck bir d\u00fc\u015fmana kar\u015f\u0131 bir bayrak alt\u0131nda toplanamaman\u0131n da h\u00fcz\u00fcnl\u00fc hik\u00e2yesidir. Ya\u015fad\u0131\u011f\u0131 d\u00f6nemde verdi\u011fi m\u00fccadele ile topluma umut olan bu Sultan, \u00f6l\u00fcm\u00fcnden sonra da efsanevi bir kahramana d\u00f6n\u00fc\u015fm\u00fc\u015ft\u00fcr.Bu kitap, T\u00fcrk tarihinin \u00f6nemli bir devrini temsil eden Harezm\u015fahlar\u0131n son h\u00fck\u00fcmdar\u0131 Sultan Cel\u00e2leddin Meng\u00fcberti\u2019yi yeni nesillerin daha iyi tan\u0131malar\u0131 i\u00e7in kaleme al\u0131nm\u0131\u015ft\u0131r.<\/p>\n","protected":false},"excerpt":{"rendered":"<p>Tarihte \u00f6v\u00fclen h\u00fck\u00fcmdarlar farkl\u0131 ba\u015far\u0131lar\u0131ndan dolay\u0131 b\u00fcy\u00fck olarak tan\u0131mlan\u0131rlar. Sultan Cel\u00e2leddin Harezm\u015fah da asla vazge\u00e7memek, y\u0131lmadan m\u00fccadele etmek ve durmaks\u0131z\u0131n sava\u015fmak y\u00f6n\u00fcyle T\u00fcrk tarihindeki b\u00fcy\u00fck h\u00fck\u00fcmdarlardan<span class=\"excerpt-hellip\"> [\u2026]<\/span><\/p>\n","protected":false},"featured_media":0,"template":"","meta":{"_monsterinsights_skip_tracking":false,"_monsterinsights_sitenote_active":false,"_monsterinsights_sitenote_note":"","_monsterinsights_sitenote_category":0},"product_brand":[],"product_cat":[13946,12304],"product_tag":[],"class_list":{"0":"post-730135","1":"product","2":"type-product","3":"status-publish","5":"product_cat-biyografi-otobiyografi","6":"product_cat-tarih","7":"pa_cilt-ciltsiz","8":"pa_tur-kitap","9":"pa_yayinevi-erdem-yayinlari","10":"pa_yazar-meryem-gurbuz","12":"first","13":"instock","14":"sale","15":"shipping-taxable","16":"purchasable","17":"product-type-simple"},"_links":{"self":[{"href":"https:\/\/roveyayinevi.com.tr\/index.php\/wp-json\/wp\/v2\/product\/730135","targetHints":{"allow":["GET"]}}],"collection":[{"href":"https:\/\/roveyayinevi.com.tr\/index.php\/wp-json\/wp\/v2\/product"}],"about":[{"href":"https:\/\/roveyayinevi.com.tr\/index.php\/wp-json\/wp\/v2\/types\/product"}],"wp:attachment":[{"href":"https:\/\/roveyayinevi.com.tr\/index.php\/wp-json\/wp\/v2\/media?parent=730135"}],"wp:term":[{"taxonomy":"product_brand","embeddable":true,"href":"https:\/\/roveyayinevi.com.tr\/index.php\/wp-json\/wp\/v2\/product_brand?post=730135"},{"taxonomy":"product_cat","embeddable":true,"href":"https:\/\/roveyayinevi.com.tr\/index.php\/wp-json\/wp\/v2\/product_cat?post=730135"},{"taxonomy":"product_tag","embeddable":true,"href":"https:\/\/roveyayinevi.com.tr\/index.php\/wp-json\/wp\/v2\/product_tag?post=730135"}],"curies":[{"name":"wp","href":"https:\/\/api.w.org\/{rel}","templated":true}]}}