{"id":730132,"date":"2025-08-27T21:09:00","date_gmt":"2025-08-27T18:09:00","guid":{"rendered":"https:\/\/roveyayinevi.com.tr\/index.php\/urun\/yapacak-bir-sey-yok\/"},"modified":"2026-04-16T02:37:41","modified_gmt":"2026-04-15T23:37:41","slug":"yapacak-bir-sey-yok","status":"publish","type":"product","link":"https:\/\/roveyayinevi.com.tr\/index.php\/urun\/yapacak-bir-sey-yok\/","title":{"rendered":"Yapacak Bir \u015eey Yok"},"content":{"rendered":"<p>Pandemiyle birlikte kendimize d\u00f6nd\u00fc\u011f\u00fcm\u00fcz bu zamanlarda, derinlere g\u00f6md\u00fc\u011f\u00fcm\u00fcz hangi taraf lar\u0131m\u0131zla yeniden tan\u0131\u015f\u0131yoruz? Ayr\u0131cal\u0131klar\u0131m\u0131z\u0131 hangi noktaya kadar koruyabilece\u011fiz? Bir anda ortaya \u00e7\u0131kan devasa bo\u015f zamanlarla ne yapaca\u011f\u0131z? Bu yepyeni ko\u015fullarda do\u011fan ili\u015fki bi\u00e7imleri bize neler \u00f6\u011fretiyor? \u00c7ekti\u011fimiz s\u0131k\u0131nt\u0131lar\u0131 ba\u015fkalar\u0131yla kar\u015f\u0131la\u015ft\u0131rman\u0131n bir anlam\u0131 var m\u0131? Vir\u00fcs m\u00fc daha k\u00f6t\u00fc, yoksulluk mu yoksa \u0131rk\u00e7\u0131l\u0131k m\u0131? Eski biz olabilecek miyiz? \u0130lk roman\u0131 \u0130nci Gibi Di\u015fler\u2019den bu yana ad\u0131ndan \u00f6vg\u00fcyle s\u00f6z ettiren bol \u00f6d\u00fcll\u00fc yazar Zadie Smith, Yapacak Bir \u015eey\u2019de, t\u00fcm d\u00fcnyan\u0131n haz\u0131rl\u0131ks\u0131z yakaland\u0131\u011f\u0131 k\u00fcresel salg\u0131n\u0131n ilk d\u00f6nemlerinde hemen herkesin akl\u0131n\u0131 kurcalayan sorulara yan\u0131t ar\u0131yor. Smith, ak\u0131c\u0131, yal\u0131n \u00fcslubuyla sak\u0131nmadan ortaya koydu\u011fu endi\u015feleri, sab\u0131rs\u0131zl\u0131klar\u0131, bencillikleri ve ayr\u0131cal\u0131klar\u0131yla okuruna \u00e7ok \u00f6znel bir yerden ayna tutuyor. Bunu yaparken de okurunun d\u00fcnyada olup biteni, merhamet duygusunu kaybetmeden g\u00f6zden ge\u00e7irebilmesi i\u00e7in etrafl\u0131ca d\u00fc\u015f\u00fcn\u00fclm\u00fc\u015f bir perspektif sunuyor. Zadie Smith\u2019in pandemiyle ba\u015flay\u0131p George Floyd\u2019un \u00f6ld\u00fcr\u00fclmesiyle son bulan d\u00f6nemin ona hissettirdiklerini aktard\u0131\u011f\u0131 bu k\u00fc\u00e7\u00fck kitap, toplumsal haf\u0131zan\u0131n kayd\u0131n\u0131 tutmas\u0131 a\u00e7\u0131s\u0131ndan da k\u0131ymetli.<\/p>\n","protected":false},"excerpt":{"rendered":"<p>Pandemiyle birlikte kendimize d\u00f6nd\u00fc\u011f\u00fcm\u00fcz bu zamanlarda, derinlere g\u00f6md\u00fc\u011f\u00fcm\u00fcz hangi taraf lar\u0131m\u0131zla yeniden tan\u0131\u015f\u0131yoruz? Ayr\u0131cal\u0131klar\u0131m\u0131z\u0131 hangi noktaya kadar koruyabilece\u011fiz? Bir anda ortaya \u00e7\u0131kan devasa bo\u015f zamanlarla ne<span class=\"excerpt-hellip\"> [\u2026]<\/span><\/p>\n","protected":false},"featured_media":0,"template":"","meta":{"_monsterinsights_skip_tracking":false,"_monsterinsights_sitenote_active":false,"_monsterinsights_sitenote_note":"","_monsterinsights_sitenote_category":0},"product_brand":[],"product_cat":[12777,12291],"product_tag":[],"class_list":{"0":"post-730132","1":"product","2":"type-product","3":"status-publish","5":"product_cat-deneme","6":"product_cat-edebiyat","7":"pa_cilt-ciltsiz","8":"pa_tur-kitap","9":"pa_yayinevi-everest-yayinlari","10":"pa_yazar-zadie-smith","12":"first","13":"instock","14":"sale","15":"shipping-taxable","16":"purchasable","17":"product-type-simple"},"_links":{"self":[{"href":"https:\/\/roveyayinevi.com.tr\/index.php\/wp-json\/wp\/v2\/product\/730132","targetHints":{"allow":["GET"]}}],"collection":[{"href":"https:\/\/roveyayinevi.com.tr\/index.php\/wp-json\/wp\/v2\/product"}],"about":[{"href":"https:\/\/roveyayinevi.com.tr\/index.php\/wp-json\/wp\/v2\/types\/product"}],"wp:attachment":[{"href":"https:\/\/roveyayinevi.com.tr\/index.php\/wp-json\/wp\/v2\/media?parent=730132"}],"wp:term":[{"taxonomy":"product_brand","embeddable":true,"href":"https:\/\/roveyayinevi.com.tr\/index.php\/wp-json\/wp\/v2\/product_brand?post=730132"},{"taxonomy":"product_cat","embeddable":true,"href":"https:\/\/roveyayinevi.com.tr\/index.php\/wp-json\/wp\/v2\/product_cat?post=730132"},{"taxonomy":"product_tag","embeddable":true,"href":"https:\/\/roveyayinevi.com.tr\/index.php\/wp-json\/wp\/v2\/product_tag?post=730132"}],"curies":[{"name":"wp","href":"https:\/\/api.w.org\/{rel}","templated":true}]}}