{"id":730131,"date":"2025-08-27T21:08:59","date_gmt":"2025-08-27T18:08:59","guid":{"rendered":"https:\/\/roveyayinevi.com.tr\/index.php\/urun\/ayriligin-ilk-gunu\/"},"modified":"2026-04-16T02:37:41","modified_gmt":"2026-04-15T23:37:41","slug":"ayriligin-ilk-gunu","status":"publish","type":"product","link":"https:\/\/roveyayinevi.com.tr\/index.php\/urun\/ayriligin-ilk-gunu\/","title":{"rendered":"Ayr\u0131l\u0131\u011f\u0131n \u0130lk G\u00fcn\u00fc"},"content":{"rendered":"<p>Hemen her kad\u0131n\u0131n hayat\u0131na pranga gibi bir a\u015fk girmi\u015ftir; biri, o bir adam, bir t\u00fcrl\u00fc \u00e7\u0131kmaz hayat\u0131n\u0131zdan. \u00c7\u0131karamazs\u0131n\u0131z. Size eziyet eder, sizi h\u0131rpalar, sevmez, aldat\u0131r, kand\u0131r\u0131r, b\u00fct\u00fcn benli\u011finizi alt\u00fcst eder, ama onu yine de g\u00f6nderemezsiniz. G\u00f6zlerinden anlars\u0131n\u0131z yalanlar\u0131n\u0131, susars\u0131n\u0131z, s\u0131rf bitmesin diye. Ama bir g\u00fcn gelir, emin olursunuz: Sizi sevmiyor, sizinle oynuyor. Ba\u015fka kad\u0131nlar\u0131n yata\u011f\u0131ndan \u00e7\u0131k\u0131p sizinkine giriyor. Onun sevmemesi bir yana, art\u0131k siz de sevmezsiniz kendinizi. Gitsin o zaman. B\u0131rak\u0131n, gitsin. \u00c7ok sevmi\u015f her kad\u0131n gibi bu kitab\u0131n ba\u015fkahraman\u0131n\u0131 da zor bir g\u00fcn bekliyor. Tutkuyla ba\u011fland\u0131\u011f\u0131, y\u0131k\u0131c\u0131 bir ili\u015fkiden kendi iste\u011fiyle, d\u00fcn ayr\u0131ld\u0131. Her \u00e2n\u0131 kalp a\u011fr\u0131lar\u0131 ve sert dalgalarla dolu, kazas\u0131z belas\u0131z atlat\u0131lmas\u0131 gereken yirmi d\u00f6rt saat var \u00f6n\u00fcnde. Nereden baksan\u0131z s\u0131rad\u0131\u015f\u0131 bir yirmi d\u00f6rt saat&#8230; \u0130\u00e7sesinin rehberli\u011finde b\u00fcy\u00fck bir maceray\u0131 g\u00f6\u011f\u00fcsleyecek; kalbinin derinliklerine, ge\u00e7mi\u015fine, kad\u0131nl\u0131\u011f\u0131na ve yaln\u0131zl\u0131k korkusuna do\u011fru, tehlikeli bir yolculuk.  Sevilen yazar Asl\u0131 Perker, son roman\u0131nda \u00e2\u015f\u0131k oldu\u011fu adamdan ayr\u0131lm\u0131\u015f bir kad\u0131n\u0131n ilk g\u00fcn\u00fcn\u00fc saat saat, ustal\u0131kla anlat\u0131yor. H\u00fcz\u00fcnle kara mizah\u0131, kad\u0131nl\u0131\u011f\u0131n i\u00e7sesiyle a\u015fk\u0131n evrensel sanc\u0131lar\u0131n\u0131 bulu\u015fturan Ayr\u0131l\u0131\u011f\u0131n \u0130lk G\u00fcn\u00fc, zamana kar\u015f\u0131 yar\u0131\u015fan ama zamana yenik d\u00fc\u015fmeyecek bir roman. A\u015fka dair b\u00fcy\u00fck bir hesapla\u015fma. <\/p>\n","protected":false},"excerpt":{"rendered":"<p>Hemen her kad\u0131n\u0131n hayat\u0131na pranga gibi bir a\u015fk girmi\u015ftir; biri, o bir adam, bir t\u00fcrl\u00fc \u00e7\u0131kmaz hayat\u0131n\u0131zdan. \u00c7\u0131karamazs\u0131n\u0131z. Size eziyet eder, sizi h\u0131rpalar, sevmez, aldat\u0131r, kand\u0131r\u0131r,<span class=\"excerpt-hellip\"> [\u2026]<\/span><\/p>\n","protected":false},"featured_media":0,"template":"","meta":{"_monsterinsights_skip_tracking":false,"_monsterinsights_sitenote_active":false,"_monsterinsights_sitenote_note":"","_monsterinsights_sitenote_category":0},"product_brand":[],"product_cat":[12291,50487],"product_tag":[],"class_list":{"0":"post-730131","1":"product","2":"type-product","3":"status-publish","5":"product_cat-edebiyat","6":"product_cat-kurgu","7":"pa_cilt-ciltsiz","8":"pa_tur-kitap","9":"pa_yayinevi-epsilon-yayinlari","10":"pa_yazar-asli-perker","12":"first","13":"instock","14":"sale","15":"shipping-taxable","16":"purchasable","17":"product-type-simple"},"_links":{"self":[{"href":"https:\/\/roveyayinevi.com.tr\/index.php\/wp-json\/wp\/v2\/product\/730131","targetHints":{"allow":["GET"]}}],"collection":[{"href":"https:\/\/roveyayinevi.com.tr\/index.php\/wp-json\/wp\/v2\/product"}],"about":[{"href":"https:\/\/roveyayinevi.com.tr\/index.php\/wp-json\/wp\/v2\/types\/product"}],"wp:attachment":[{"href":"https:\/\/roveyayinevi.com.tr\/index.php\/wp-json\/wp\/v2\/media?parent=730131"}],"wp:term":[{"taxonomy":"product_brand","embeddable":true,"href":"https:\/\/roveyayinevi.com.tr\/index.php\/wp-json\/wp\/v2\/product_brand?post=730131"},{"taxonomy":"product_cat","embeddable":true,"href":"https:\/\/roveyayinevi.com.tr\/index.php\/wp-json\/wp\/v2\/product_cat?post=730131"},{"taxonomy":"product_tag","embeddable":true,"href":"https:\/\/roveyayinevi.com.tr\/index.php\/wp-json\/wp\/v2\/product_tag?post=730131"}],"curies":[{"name":"wp","href":"https:\/\/api.w.org\/{rel}","templated":true}]}}