{"id":730130,"date":"2025-08-27T21:08:58","date_gmt":"2025-08-27T18:08:58","guid":{"rendered":"https:\/\/roveyayinevi.com.tr\/index.php\/urun\/eski-toplum-cilt-2\/"},"modified":"2026-04-16T02:37:41","modified_gmt":"2026-04-15T23:37:41","slug":"eski-toplum-cilt-2","status":"publish","type":"product","link":"https:\/\/roveyayinevi.com.tr\/index.php\/urun\/eski-toplum-cilt-2\/","title":{"rendered":"Eski Toplum Cilt 2"},"content":{"rendered":"<p>\u0130nsanl\u0131\u011f\u0131n yery\u00fcz\u00fcndeki eskil \u00e7a\u011flara uzanan ge\u00e7mi\u015fi, g\u00fcn\u00fcm\u00fczde b\u00fct\u00fcn\u00fcyle ve yeniden kurgulanm\u0131\u015f gibi ortaya \u00e7\u0131kar\u0131lm\u0131\u015f bulunmaktad\u0131r. \u00d6nemli olan, b\u00fct\u00fcn bu bulgular\u0131n ge\u00e7irdi\u011fimiz son otuz y\u0131l i\u00e7inde ger\u00e7ekle\u015ftirilmi\u015f olmas\u0131; g\u00fcn\u00fcm\u00fcz ku\u015fa\u011f\u0131n\u0131n ise b\u00f6ylesine \u00f6nemli bir olguya tan\u0131kl\u0131k eden ilk ku\u015fak olmas\u0131d\u0131r.Bug\u00fcn, Avrupa\u2019da buzul \u00e7a\u011f\u0131nda, hatta bu \u00e7a\u011f\u0131n yak\u0131n \u00f6ncesinde de insano\u011flunun ya\u015fam\u0131\u015f oldu\u011fu; insan\u0131n bundan da \u00f6ncelere uzanan yerbilimsel \u00e7a\u011fda bile bu topraklarda hayat\u0131 s\u00fcrd\u00fcrm\u00fc\u015f olmas\u0131 \u00e7ok olas\u0131 g\u00f6r\u00fcn\u00fcyor. Bu ilk insanlar, zamanlar\u0131n\u0131n bir\u00e7ok canl\u0131 t\u00fcr\u00fcnden sonra da ya\u015famaya devam etmi\u015f; belirli bir geli\u015fme s\u00fcreci ge\u00e7irmi\u015f; insan familyas\u0131n\u0131n \u00e7e\u015fitli dallar\u0131nda, geli\u015fme alanlar\u0131nda ve s\u00fcre\u00e7lerinde parlak ba\u015far\u0131lar g\u00f6stermi\u015flerdir.\u0130nsanl\u0131\u011f\u0131n b\u00fct\u00fcn bu ge\u00e7mi\u015f \u00e7a\u011flar\u0131 ard\u0131 ard\u0131na nas\u0131l a\u015ft\u0131\u011f\u0131n\u0131; fark edilmeyecek kadar k\u00fc\u00e7\u00fck k\u00fc\u00e7\u00fck ad\u0131mlarla ilerleyerek yaban\u0131l toplulu\u011fundan barbarl\u0131\u011f\u0131n en \u00fcst d\u00fczeyine nas\u0131l eri\u015fti\u011fini; baz\u0131lar\u0131n\u0131n ise, bu ilerleme yar\u0131\u015f\u0131nda ni\u00e7in gerilerde kald\u0131\u011f\u0131n\u0131 \u2013bir b\u00f6l\u00fcm\u00fc uygarl\u0131\u011fa ge\u00e7ebilmi\u015fse de, di\u011ferleri barbarl\u0131k d\u00f6nemini, hatta bir b\u00f6l\u00fcm\u00fc daha da ilkel olan yaban\u0131ll\u0131k d\u00f6nemini a\u015famam\u0131\u015ft\u0131r\u2013 \u00f6\u011frenmeyi istemek, yerinde ve do\u011fal bir arzudur.\u201d(Yazar\u0131n \u00f6ns\u00fcz\u00fcnden)Budunbilim konusunda en \u00f6nemli kaynaklardan biri olarak g\u00f6sterilen Eski Toplum, g\u00fcn\u00fcm\u00fcz toplum \u015fekillerine ve toplumsal \u00f6rg\u00fctlenmelerine nas\u0131l ula\u015ft\u0131\u011f\u0131m\u0131z\u0131, bug\u00fcnden sonra da de\u011fi\u015fimin ayn\u0131 \u015fekilde devam edip bizleri ba\u015fka bir a\u015famaya ta\u015f\u0131yaca\u011f\u0131n\u0131 geni\u015f \u00e7apl\u0131 ara\u015ft\u0131rmalarla ortaya koyuyor.L. Henry Morgan\u2019\u0131n bu ba\u015fyap\u0131t\u0131n\u0131 \u00dcnsal Oskay\u2019\u0131n \u00e7evirisiyle sunuyoruz.<\/p>\n","protected":false},"excerpt":{"rendered":"<p>\u0130nsanl\u0131\u011f\u0131n yery\u00fcz\u00fcndeki eskil \u00e7a\u011flara uzanan ge\u00e7mi\u015fi, g\u00fcn\u00fcm\u00fczde b\u00fct\u00fcn\u00fcyle ve yeniden kurgulanm\u0131\u015f gibi ortaya \u00e7\u0131kar\u0131lm\u0131\u015f bulunmaktad\u0131r. \u00d6nemli olan, b\u00fct\u00fcn bu bulgular\u0131n ge\u00e7irdi\u011fimiz son otuz y\u0131l i\u00e7inde ger\u00e7ekle\u015ftirilmi\u015f<span class=\"excerpt-hellip\"> [\u2026]<\/span><\/p>\n","protected":false},"featured_media":0,"template":"","meta":{"_monsterinsights_skip_tracking":false,"_monsterinsights_sitenote_active":false,"_monsterinsights_sitenote_note":"","_monsterinsights_sitenote_category":0},"product_brand":[],"product_cat":[12370,12304],"product_tag":[],"class_list":{"0":"post-730130","1":"product","2":"type-product","3":"status-publish","5":"product_cat-arastirma-inceleme","6":"product_cat-tarih","7":"pa_cilt-ciltsiz","8":"pa_tur-kitap","9":"pa_yayinevi-inkilap-kitabevi","10":"pa_yazar-lewis-henry-morgan","12":"first","13":"instock","14":"sale","15":"shipping-taxable","16":"purchasable","17":"product-type-simple"},"_links":{"self":[{"href":"https:\/\/roveyayinevi.com.tr\/index.php\/wp-json\/wp\/v2\/product\/730130","targetHints":{"allow":["GET"]}}],"collection":[{"href":"https:\/\/roveyayinevi.com.tr\/index.php\/wp-json\/wp\/v2\/product"}],"about":[{"href":"https:\/\/roveyayinevi.com.tr\/index.php\/wp-json\/wp\/v2\/types\/product"}],"wp:attachment":[{"href":"https:\/\/roveyayinevi.com.tr\/index.php\/wp-json\/wp\/v2\/media?parent=730130"}],"wp:term":[{"taxonomy":"product_brand","embeddable":true,"href":"https:\/\/roveyayinevi.com.tr\/index.php\/wp-json\/wp\/v2\/product_brand?post=730130"},{"taxonomy":"product_cat","embeddable":true,"href":"https:\/\/roveyayinevi.com.tr\/index.php\/wp-json\/wp\/v2\/product_cat?post=730130"},{"taxonomy":"product_tag","embeddable":true,"href":"https:\/\/roveyayinevi.com.tr\/index.php\/wp-json\/wp\/v2\/product_tag?post=730130"}],"curies":[{"name":"wp","href":"https:\/\/api.w.org\/{rel}","templated":true}]}}