{"id":730129,"date":"2025-08-27T21:08:57","date_gmt":"2025-08-27T18:08:57","guid":{"rendered":"https:\/\/roveyayinevi.com.tr\/index.php\/urun\/eski-toplum-cilt-1\/"},"modified":"2026-04-16T02:37:41","modified_gmt":"2026-04-15T23:37:41","slug":"eski-toplum-cilt-1","status":"publish","type":"product","link":"https:\/\/roveyayinevi.com.tr\/index.php\/urun\/eski-toplum-cilt-1\/","title":{"rendered":"Eski Toplum Cilt 1"},"content":{"rendered":"<p>Evrimci budunbilimin kurucusu say\u0131lan Lewis Henry Morgan, hukuk \u00f6\u011freniminin ard\u0131ndan Amerika k\u0131tas\u0131ndaki yerli halklara kar\u015f\u0131 yap\u0131lan haks\u0131zl\u0131klara kar\u015f\u0131 \u00e7\u0131km\u0131\u015ft\u0131r. Morgan 1851-1877 y\u0131llar\u0131 aras\u0131nda K\u0131z\u0131lderililerin aras\u0131nda ya\u015fam\u0131\u015f, yapt\u0131\u011f\u0131 g\u00f6zlemleri ve ara\u015ft\u0131rmalar\u0131 kitaplar\u0131na konu etmi\u015f ve antropolojinin simge adlar\u0131ndan biri haline gelmi\u015ftir. Eski Toplum yap\u0131t\u0131yla Friedrich Engels\u2019e de esin kayna\u011f\u0131 olmu\u015f; Engels bu eserle Charles Darwin\u2019in T\u00fcrlerin K\u00f6keni \u2019ni k\u0131yaslayarak Ailenin, \u00d6zel M\u00fclkiyetin ve Devletin K\u00f6keni adl\u0131 yap\u0131t\u0131n\u0131 olu\u015fturmu\u015ftur.Morgan, K\u0131z\u0131lderililer aras\u0131nda ge\u00e7irdi\u011fi otuz y\u0131ll\u0131k deneyimi neticesinde insanl\u0131\u011f\u0131n yaban\u0131ll\u0131k, barbarl\u0131k ve uygarl\u0131k a\u015famalar\u0131ndan ge\u00e7ti\u011fini \u00f6ne s\u00fcrer ve bu sav\u0131n\u0131 sadece Amerika yerlileri ile s\u0131n\u0131rlamayarak, d\u00fcnya \u00fczerindeki t\u00fcm ilk toplumlarda da ayn\u0131 a\u015famalar\u0131n ya\u015fand\u0131\u011f\u0131n\u0131 \u00f6rnekler. Morgan\u2019a g\u00f6re insanl\u0131k k\u00f6ken olarak tek ve birdir; ayr\u0131 yerlerde, ayr\u0131 zamanlarda, ayn\u0131 yollardan ge\u00e7mi\u015f; ayn\u0131 s\u00fcre\u00e7leri tamamlayarak uygarl\u0131\u011f\u0131n\/geli\u015fmenin benzer a\u015famalar\u0131na varm\u0131\u015ft\u0131r.Budunbilim konusunda en \u00f6nemli kaynaklardan biri olarak g\u00f6sterilen Eski Toplum, g\u00fcn\u00fcm\u00fcz toplum \u015fekillerine ve toplumsal \u00f6rg\u00fctlenmelerine nas\u0131l ula\u015ft\u0131\u011f\u0131m\u0131z\u0131, bug\u00fcnden sonra da de\u011fi\u015fimin ayn\u0131 \u015fekilde devam edip bizleri ba\u015fka bir a\u015famaya ta\u015f\u0131yaca\u011f\u0131n\u0131 geni\u015f \u00e7apl\u0131 ara\u015ft\u0131rmalarla ortaya koyuyor.\u201cBudunbilimin kurucusu Lewis Henry Morgan\u2019\u0131n y\u00fcz y\u0131l\u0131 a\u015fan bir s\u00fcre\u00e7ten sonra da, g\u00fcn\u00fcm\u00fczde ge\u00e7erlili\u011fini s\u00fcrd\u00fcren bir\u00e7ok g\u00f6r\u00fc\u015f\u00fc, de\u011ferlendirmesi vard\u0131r. Morgan\u2019\u0131 ele\u015ftirenlerin, zaman\u0131n kar\u015f\u0131s\u0131nda Morgan kadar ba\u015far\u0131l\u0131 olup olamayacaklar\u0131n\u0131 ve bug\u00fcn kendilerinin yapt\u0131\u011f\u0131 \u00e7al\u0131\u015fmalar\u0131n hangi insani de\u011ferlere hizmet etti\u011fini d\u00fc\u015f\u00fcnmelerinde yarar vard\u0131r.\u201d-\u00dcnsal Oskay<\/p>\n","protected":false},"excerpt":{"rendered":"<p>Evrimci budunbilimin kurucusu say\u0131lan Lewis Henry Morgan, hukuk \u00f6\u011freniminin ard\u0131ndan Amerika k\u0131tas\u0131ndaki yerli halklara kar\u015f\u0131 yap\u0131lan haks\u0131zl\u0131klara kar\u015f\u0131 \u00e7\u0131km\u0131\u015ft\u0131r. Morgan 1851-1877 y\u0131llar\u0131 aras\u0131nda K\u0131z\u0131lderililerin aras\u0131nda ya\u015fam\u0131\u015f,<span class=\"excerpt-hellip\"> [\u2026]<\/span><\/p>\n","protected":false},"featured_media":0,"template":"","meta":{"_monsterinsights_skip_tracking":false,"_monsterinsights_sitenote_active":false,"_monsterinsights_sitenote_note":"","_monsterinsights_sitenote_category":0},"product_brand":[],"product_cat":[12370,12304],"product_tag":[],"class_list":{"0":"post-730129","1":"product","2":"type-product","3":"status-publish","5":"product_cat-arastirma-inceleme","6":"product_cat-tarih","7":"pa_cilt-ciltsiz","8":"pa_tur-kitap","9":"pa_yayinevi-inkilap-kitabevi","10":"pa_yazar-lewis-henry-morgan","12":"first","13":"instock","14":"sale","15":"shipping-taxable","16":"purchasable","17":"product-type-simple"},"_links":{"self":[{"href":"https:\/\/roveyayinevi.com.tr\/index.php\/wp-json\/wp\/v2\/product\/730129","targetHints":{"allow":["GET"]}}],"collection":[{"href":"https:\/\/roveyayinevi.com.tr\/index.php\/wp-json\/wp\/v2\/product"}],"about":[{"href":"https:\/\/roveyayinevi.com.tr\/index.php\/wp-json\/wp\/v2\/types\/product"}],"wp:attachment":[{"href":"https:\/\/roveyayinevi.com.tr\/index.php\/wp-json\/wp\/v2\/media?parent=730129"}],"wp:term":[{"taxonomy":"product_brand","embeddable":true,"href":"https:\/\/roveyayinevi.com.tr\/index.php\/wp-json\/wp\/v2\/product_brand?post=730129"},{"taxonomy":"product_cat","embeddable":true,"href":"https:\/\/roveyayinevi.com.tr\/index.php\/wp-json\/wp\/v2\/product_cat?post=730129"},{"taxonomy":"product_tag","embeddable":true,"href":"https:\/\/roveyayinevi.com.tr\/index.php\/wp-json\/wp\/v2\/product_tag?post=730129"}],"curies":[{"name":"wp","href":"https:\/\/api.w.org\/{rel}","templated":true}]}}