{"id":730127,"date":"2025-08-27T21:08:56","date_gmt":"2025-08-27T18:08:56","guid":{"rendered":"https:\/\/roveyayinevi.com.tr\/index.php\/urun\/asiriligin-peygamberleri\/"},"modified":"2026-04-16T02:37:41","modified_gmt":"2026-04-15T23:37:41","slug":"asiriligin-peygamberleri","status":"publish","type":"product","link":"https:\/\/roveyayinevi.com.tr\/index.php\/urun\/asiriligin-peygamberleri\/","title":{"rendered":"A\u015f\u0131r\u0131l\u0131\u011f\u0131n Peygamberleri"},"content":{"rendered":"<p>Bat\u0131 tarihinde birka\u00e7 d\u00fc\u015f\u00fcn\u00fcr a\u015fk\u0131n ve zorlay\u0131c\u0131 k\u00fclt\u00fcrel vizyonlar ortaya koymu\u015ftur. Bu vizyonlar \u00f6nceki d\u00fc\u015f\u00fcncelerden kopmalar\u0131 a\u00e7\u0131s\u0131ndan a\u015fk\u0131n, kendilerinden sonra gelen d\u00fc\u015f\u00fcn\u00fcrleri onlar\u0131 b\u00fcy\u00fck bir ciddiyetle ele almaya itmeleri a\u00e7\u0131s\u0131ndan zorlay\u0131c\u0131d\u0131rlar. Bu t\u00fcr vizyonlar\u0131 dile getiren d\u00fc\u015f\u00fcn\u00fcrlere yerinde bir nitelemeyle g\u00fcndem belirleyiciler ad\u0131 verilir: Onlar kendilerini takip edenler i\u00e7in d\u00fc\u015f\u00fcnsel \u00f6nceliklerin s\u0131ras\u0131n\u0131 belirlerler. Yeni bir \u015fey ke\u015ffetme umuduyla s\u0131n\u0131rda ya\u015farlar.Nietzsche\u2019den Heidegger, Foucault ve Derrida\u2019ya uzanan \u00e7izgi, bence, kendine \u00f6zg\u00fc bir b\u00fct\u00fcnl\u00fc\u011fe sahiptir; Bat\u0131\u2019n\u0131n yak\u0131n d\u00f6nemdeki d\u00fc\u015f\u00fcnce tarihinin \u00f6nemli bir k\u0131sm\u0131n\u0131 anlamam\u0131za yard\u0131mc\u0131 olan bir b\u00fct\u00fcnl\u00fckt\u00fcr bu. Nietzsche\u2019yle birlikte bir \u015fey biter ve yeni bir \u015fey ba\u015flar; Derrida\u2019yla birlikteyse bu yeni ba\u015flang\u0131\u00e7 sona eriyormu\u015f gibi g\u00f6r\u00fcnmektedir. Dahas\u0131, bu \u00e7izgi ile d\u00fc\u015f\u00fcnce tarihimizdeki gittik\u00e7e daha fazla kabul g\u00f6ren di\u011fer ger\u00e7eklikler aras\u0131nda bir dizi ilgin\u00e7 ba\u011flant\u0131 vard\u0131r. Ge\u00e7mi\u015fe bakt\u0131\u011f\u0131m\u0131zda, bu \u00e7izgi Ayd\u0131nlanma\u2019n\u0131n \u201cba\u015far\u0131s\u0131zl\u0131\u011f\u0131\u201d diye adland\u0131r\u0131lagelen \u015feyle ba\u011flant\u0131l\u0131d\u0131r.Bug\u00fcne bakt\u0131\u011f\u0131m\u0131zda ise bu \u00e7izgi 20. y\u00fczy\u0131l sonunda ya\u015fayan bir\u00e7ok sanat\u00e7\u0131 ve entelekt\u00fcelin h\u00e2l\u00e2 benimsedi\u011fi bir\u00e7ok varsay\u0131mla ba\u011flant\u0131l\u0131d\u0131r. Modernizmin ve postmodernizmin varsay\u0131mlar\u0131 en g\u00fc\u00e7l\u00fc ve tutarl\u0131 bi\u00e7imde burada ele ald\u0131\u011f\u0131m\u0131z d\u00fc\u015f\u00fcn\u00fcrler taraf\u0131ndan dile getirilir. Onlarda dile getirildikleri bi\u00e7imiyle bu varsay\u0131mlar\u0131 incelemek, h\u00e2l\u00e2 y\u00fcr\u00fcrl\u00fckte olan g\u00f6r\u00fc\u015fleri incelemek demektir. Bu d\u00fc\u015f\u00fcn\u00fcrleri ele\u015ftirirken, dolayl\u0131 olarak kendimizi ele\u015ftiriyoruz.-Allan Megill<\/p>\n","protected":false},"excerpt":{"rendered":"<p>Bat\u0131 tarihinde birka\u00e7 d\u00fc\u015f\u00fcn\u00fcr a\u015fk\u0131n ve zorlay\u0131c\u0131 k\u00fclt\u00fcrel vizyonlar ortaya koymu\u015ftur. Bu vizyonlar \u00f6nceki d\u00fc\u015f\u00fcncelerden kopmalar\u0131 a\u00e7\u0131s\u0131ndan a\u015fk\u0131n, kendilerinden sonra gelen d\u00fc\u015f\u00fcn\u00fcrleri onlar\u0131 b\u00fcy\u00fck bir ciddiyetle<span class=\"excerpt-hellip\"> [\u2026]<\/span><\/p>\n","protected":false},"featured_media":0,"template":"","meta":{"_monsterinsights_skip_tracking":false,"_monsterinsights_sitenote_active":false,"_monsterinsights_sitenote_note":"","_monsterinsights_sitenote_category":0},"product_brand":[],"product_cat":[12388,15309],"product_tag":[],"class_list":{"0":"post-730127","1":"product","2":"type-product","3":"status-publish","5":"product_cat-felsefe","6":"product_cat-felsefi-akimlar","7":"pa_cilt-ciltsiz","8":"pa_tur-kitap","9":"pa_yayinevi-metis-yayinlari","10":"pa_yazar-allan-megill","12":"first","13":"instock","14":"sale","15":"shipping-taxable","16":"purchasable","17":"product-type-simple"},"_links":{"self":[{"href":"https:\/\/roveyayinevi.com.tr\/index.php\/wp-json\/wp\/v2\/product\/730127","targetHints":{"allow":["GET"]}}],"collection":[{"href":"https:\/\/roveyayinevi.com.tr\/index.php\/wp-json\/wp\/v2\/product"}],"about":[{"href":"https:\/\/roveyayinevi.com.tr\/index.php\/wp-json\/wp\/v2\/types\/product"}],"wp:attachment":[{"href":"https:\/\/roveyayinevi.com.tr\/index.php\/wp-json\/wp\/v2\/media?parent=730127"}],"wp:term":[{"taxonomy":"product_brand","embeddable":true,"href":"https:\/\/roveyayinevi.com.tr\/index.php\/wp-json\/wp\/v2\/product_brand?post=730127"},{"taxonomy":"product_cat","embeddable":true,"href":"https:\/\/roveyayinevi.com.tr\/index.php\/wp-json\/wp\/v2\/product_cat?post=730127"},{"taxonomy":"product_tag","embeddable":true,"href":"https:\/\/roveyayinevi.com.tr\/index.php\/wp-json\/wp\/v2\/product_tag?post=730127"}],"curies":[{"name":"wp","href":"https:\/\/api.w.org\/{rel}","templated":true}]}}