{"id":730124,"date":"2025-08-27T21:08:53","date_gmt":"2025-08-27T18:08:53","guid":{"rendered":"https:\/\/roveyayinevi.com.tr\/index.php\/urun\/sag-beyin-sol-beyin-egzersizleri-set-3-kitap\/"},"modified":"2026-04-16T02:37:41","modified_gmt":"2026-04-15T23:37:41","slug":"sag-beyin-sol-beyin-egzersizleri-set-3-kitap","status":"publish","type":"product","link":"https:\/\/roveyayinevi.com.tr\/index.php\/urun\/sag-beyin-sol-beyin-egzersizleri-set-3-kitap\/","title":{"rendered":"Sa\u011f Beyin Sol Beyin Egzersizleri Set (3 Kitap)"},"content":{"rendered":"<p>Beynimizin iki par\u00e7as\u0131 fiziksel olarak birbirine \u00e7ok benziyor gibi g\u00f6r\u00fcn\u00fcr. Ancak i\u015flevleri tamamen farkl\u0131d\u0131r. Buna ra\u011fmen iki k\u0131s\u0131m da birbirinden ba\u011f\u0131ms\u0131z \u00e7al\u0131\u015famaz.Sol beyin, daha \u00e7ok s\u00f6zel, analitik ve d\u00fczenlidir. Bazen dijital beyin olarak adland\u0131r\u0131l\u0131r. Okuma, yazma ve hesaplama gibi alanlarda daha iyidir.Sa\u011f beyin, daha \u00e7ok g\u00f6rsel vesezgiseldir. Bazen analog beyin olarak an\u0131l\u0131r. Daha yarat\u0131c\u0131 ve daha az organize bir d\u00fc\u015f\u00fcnce tarz\u0131na sahiptir.Bu kitapta beynin iki yar\u0131s\u0131n\u0131 birlikte \u00e7al\u0131\u015ft\u0131rmaya d\u00f6n\u00fck oyun niteli\u011finde, e\u011flenceli etkinliklerle \u00e7ocuklar\u0131m\u0131za d\u00fczenli \u00e7al\u0131\u015fma al\u0131\u015fkanl\u0131\u011f\u0131 ve bilgileri kullanma yetene\u011fi kazand\u0131rmay\u0131 hedeflemekteyiz.<\/p>\n","protected":false},"excerpt":{"rendered":"<p>Beynimizin iki par\u00e7as\u0131 fiziksel olarak birbirine \u00e7ok benziyor gibi g\u00f6r\u00fcn\u00fcr. Ancak i\u015flevleri tamamen farkl\u0131d\u0131r. Buna ra\u011fmen iki k\u0131s\u0131m da birbirinden ba\u011f\u0131ms\u0131z \u00e7al\u0131\u015famaz.Sol beyin, daha \u00e7ok s\u00f6zel,<span class=\"excerpt-hellip\"> [\u2026]<\/span><\/p>\n","protected":false},"featured_media":0,"template":"","meta":{"_monsterinsights_skip_tracking":false,"_monsterinsights_sitenote_active":false,"_monsterinsights_sitenote_note":"","_monsterinsights_sitenote_category":0},"product_brand":[],"product_cat":[12274,24599],"product_tag":[],"class_list":{"0":"post-730124","1":"product","2":"type-product","3":"status-publish","5":"product_cat-cocuk-ve-genclik-kitaplari","6":"product_cat-zeka-gelisimi","7":"pa_cilt-ciltsiz","8":"pa_tur-kitap","9":"pa_yayinevi-dikkat-ve-zeka-akademisi-yayinlari","10":"pa_yazar-mutahhare-muslime-arslaner","12":"first","13":"instock","14":"sale","15":"shipping-taxable","16":"purchasable","17":"product-type-simple"},"_links":{"self":[{"href":"https:\/\/roveyayinevi.com.tr\/index.php\/wp-json\/wp\/v2\/product\/730124","targetHints":{"allow":["GET"]}}],"collection":[{"href":"https:\/\/roveyayinevi.com.tr\/index.php\/wp-json\/wp\/v2\/product"}],"about":[{"href":"https:\/\/roveyayinevi.com.tr\/index.php\/wp-json\/wp\/v2\/types\/product"}],"wp:attachment":[{"href":"https:\/\/roveyayinevi.com.tr\/index.php\/wp-json\/wp\/v2\/media?parent=730124"}],"wp:term":[{"taxonomy":"product_brand","embeddable":true,"href":"https:\/\/roveyayinevi.com.tr\/index.php\/wp-json\/wp\/v2\/product_brand?post=730124"},{"taxonomy":"product_cat","embeddable":true,"href":"https:\/\/roveyayinevi.com.tr\/index.php\/wp-json\/wp\/v2\/product_cat?post=730124"},{"taxonomy":"product_tag","embeddable":true,"href":"https:\/\/roveyayinevi.com.tr\/index.php\/wp-json\/wp\/v2\/product_tag?post=730124"}],"curies":[{"name":"wp","href":"https:\/\/api.w.org\/{rel}","templated":true}]}}