{"id":730112,"date":"2025-08-27T21:08:42","date_gmt":"2025-08-27T18:08:42","guid":{"rendered":"https:\/\/roveyayinevi.com.tr\/index.php\/urun\/genel-muzik-kulturu-ve-muzik-ogretimi\/"},"modified":"2026-04-16T02:37:40","modified_gmt":"2026-04-15T23:37:40","slug":"genel-muzik-kulturu-ve-muzik-ogretimi","status":"publish","type":"product","link":"https:\/\/roveyayinevi.com.tr\/index.php\/urun\/genel-muzik-kulturu-ve-muzik-ogretimi\/","title":{"rendered":"Genel M\u00fczik K\u00fclt\u00fcr\u00fc ve M\u00fczik \u00d6\u011fretimi"},"content":{"rendered":"<p>Atat\u00fcrk, T\u00fcrkiye Cumhuriyeti\u2019nin toplumsal, siyasal, k\u00fclt\u00fcrel, bilimsel ve sanatsal bak\u0131mdan uluslararas\u0131 d\u00fczeyde yerini alabilmesinin; T\u00fcrk toplumuna verilmesi gereken \u00e7a\u011fda\u015f genel m\u00fczik k\u00fclt\u00fcr\u00fc e\u011fitimi ile ili\u015fkisinin \u00f6nemini \u00e7ok iyi biliyordu. Cumhuriyetin kurulmas\u0131yla birlikte genel m\u00fczik k\u00fclt\u00fcr\u00fc e\u011fitimine y\u00f6nelik pek \u00e7ok \u00e7al\u0131\u015fmay\u0131 ba\u015flatm\u0131\u015ft\u0131r. K\u00fclt\u00fcrel boyutun en \u00f6nemli \u00f6gelerinden biri olan m\u00fczik konusunda AB s\u00fcrecine y\u00f6nelik olarak, T\u00fcrkiye Cumhuriyeti T\u00fcrk m\u00fczik e\u011fitiminin, k\u00fclt\u00fcr\u00fcn\u00fcn, sanat\u0131n\u0131n, end\u00fcstrisinin geli\u015ftirilmesine ve \u00e7a\u011fda\u015f d\u00fcnya ile entegrasyonuna y\u00f6nelik devlet politikalar\u0131 belirlemek zorundad\u0131r. Genel m\u00fczik e\u011fitimi m\u00fcziksel k\u00fclt\u00fcr birikiminin programl\u0131 \u00f6\u011fretimine dayan\u0131r. Bu nedenle \u201cGenel M\u00fczik K\u00fclt\u00fcr\u00fc ve M\u00fczik \u00d6\u011fretimi\u201d kitab\u0131mda \u00f6ncelikle bir m\u00fczik e\u011fitimcisinin m\u00fczik k\u00fclt\u00fcr\u00fc \u00f6\u011fretimine ait sahip olmas\u0131 gereken, kuram ve uygulama bilgilerini m\u00fczi\u011fin tarih\u00e7esinden ba\u015flayarak \u00f6zet halinde vermeye \u00e7al\u0131\u015ft\u0131m. M\u00fczik \u00f6\u011fretmeni, \u00f6\u011frencilerine kuram ve uygulamay\u0131 birlikte verir. Bu anlamda da m\u00fczik \u00f6\u011fretiminde ders i\u00e7i etkinlik uygulamalar\u0131na yer verdim. \u00c7\u00fcnk\u00fc bu m\u00fczik \u00f6\u011fretimi alan\u0131n\u0131n gere\u011fidir. AB kat\u0131l\u0131m s\u00fcrecindeki etki ve katk\u0131lar\u0131 \u00e7er\u00e7evesinde, \u00fclkemizde m\u00fczik e\u011fitimi \u00e7a\u011fda\u015f normlara sahip programlara ula\u015fmak zorundad\u0131r. Ayn\u0131 zamanda \u00f6\u011fretmenlerin de bu programlar\u0131 uygulayacak yeterlilikte olmas\u0131 gerekir.Bunun i\u00e7in daha \u00f6nce yap\u0131lm\u0131\u015f olan programlar ve g\u00fcn\u00fcm\u00fczde uygulananm\u00fczik \u00f6\u011fretimi program\u0131 uygulama bilgileri kitapta yer almaktad\u0131r.<\/p>\n","protected":false},"excerpt":{"rendered":"<p>Atat\u00fcrk, T\u00fcrkiye Cumhuriyeti\u2019nin toplumsal, siyasal, k\u00fclt\u00fcrel, bilimsel ve sanatsal bak\u0131mdan uluslararas\u0131 d\u00fczeyde yerini alabilmesinin; T\u00fcrk toplumuna verilmesi gereken \u00e7a\u011fda\u015f genel m\u00fczik k\u00fclt\u00fcr\u00fc e\u011fitimi ile ili\u015fkisinin \u00f6nemini<span class=\"excerpt-hellip\"> [\u2026]<\/span><\/p>\n","protected":false},"featured_media":0,"template":"","meta":{"_monsterinsights_skip_tracking":false,"_monsterinsights_sitenote_active":false,"_monsterinsights_sitenote_note":"","_monsterinsights_sitenote_category":0},"product_brand":[],"product_cat":[14556,20810],"product_tag":[],"class_list":{"0":"post-730112","1":"product","2":"type-product","3":"status-publish","5":"product_cat-muzik","6":"product_cat-ogrenim-kitaplari","7":"pa_cilt-ciltsiz","8":"pa_tur-kitap","9":"pa_yayinevi-efil-yayinevi","10":"pa_yazar-h-yilmaz-kucukoncu","12":"first","13":"instock","14":"sale","15":"shipping-taxable","16":"purchasable","17":"product-type-simple"},"_links":{"self":[{"href":"https:\/\/roveyayinevi.com.tr\/index.php\/wp-json\/wp\/v2\/product\/730112","targetHints":{"allow":["GET"]}}],"collection":[{"href":"https:\/\/roveyayinevi.com.tr\/index.php\/wp-json\/wp\/v2\/product"}],"about":[{"href":"https:\/\/roveyayinevi.com.tr\/index.php\/wp-json\/wp\/v2\/types\/product"}],"wp:attachment":[{"href":"https:\/\/roveyayinevi.com.tr\/index.php\/wp-json\/wp\/v2\/media?parent=730112"}],"wp:term":[{"taxonomy":"product_brand","embeddable":true,"href":"https:\/\/roveyayinevi.com.tr\/index.php\/wp-json\/wp\/v2\/product_brand?post=730112"},{"taxonomy":"product_cat","embeddable":true,"href":"https:\/\/roveyayinevi.com.tr\/index.php\/wp-json\/wp\/v2\/product_cat?post=730112"},{"taxonomy":"product_tag","embeddable":true,"href":"https:\/\/roveyayinevi.com.tr\/index.php\/wp-json\/wp\/v2\/product_tag?post=730112"}],"curies":[{"name":"wp","href":"https:\/\/api.w.org\/{rel}","templated":true}]}}