{"id":730109,"date":"2025-08-27T21:08:40","date_gmt":"2025-08-27T18:08:40","guid":{"rendered":"https:\/\/roveyayinevi.com.tr\/index.php\/urun\/hayvan-ciftligi-20\/"},"modified":"2026-04-16T02:37:40","modified_gmt":"2026-04-15T23:37:40","slug":"hayvan-ciftligi-20","status":"publish","type":"product","link":"https:\/\/roveyayinevi.com.tr\/index.php\/urun\/hayvan-ciftligi-20\/","title":{"rendered":"Hayvan \u00c7iftli\u011fi"},"content":{"rendered":"<p>\u201cB\u00fct\u00fcn hayvanlar e\u015fittir ama baz\u0131 hayvanlar di\u011ferlerinden daha e\u015fittir.\u201d \u00d6zg\u00fcrl\u00fck, e\u015fitlik ve karde\u015flik u\u011fruna ba\u015flat\u0131lan bir ayaklanman\u0131n oport\u00fcnist emellerle totaliter bir y\u00f6netime evrilen alegorik hik\u00e2yesi. Politik dehas\u0131 ve keskin kalemiyle d\u00fcnyay\u0131 sarsan \u0130ngiliz yazar George Orwell 1984\u2019le meydan okudu\u011fu totaliter rejimleri Hayvan \u00c7iftli\u011fi\u2019nde adeta orant\u0131s\u0131z bir g\u00fc\u00e7le alt ediyor. Asla sadece \u201creel sosyalizm\u201d ele\u015ftirisi olarak g\u00f6r\u00fclemeyecek bu ba\u015fyap\u0131t, t\u00fcm zamanlara h\u00fckmeden kurgusuyla her t\u00fcrl\u00fc despotik y\u00f6netimi ustaca hicvediyor. S\u00f6m\u00fcr\u00fcs\u00fcz bir gelecek umuduyla \u00e7iftlik sahibi Bay Jones\u2019a ba\u015fkald\u0131ran hayvanlar, \u00f6nderli\u011fi sahiplenen domuzlar\u0131n giderek zalimle\u015fen egemenli\u011finde baltalanm\u0131\u015f bir devrimin a\u011f\u0131r sonu\u00e7lar\u0131na tan\u0131kl\u0131k ediyor.<\/p>\n","protected":false},"excerpt":{"rendered":"<p>\u201cB\u00fct\u00fcn hayvanlar e\u015fittir ama baz\u0131 hayvanlar di\u011ferlerinden daha e\u015fittir.\u201d \u00d6zg\u00fcrl\u00fck, e\u015fitlik ve karde\u015flik u\u011fruna ba\u015flat\u0131lan bir ayaklanman\u0131n oport\u00fcnist emellerle totaliter bir y\u00f6netime evrilen alegorik hik\u00e2yesi. Politik<span class=\"excerpt-hellip\"> [\u2026]<\/span><\/p>\n","protected":false},"featured_media":0,"template":"","meta":{"_monsterinsights_skip_tracking":false,"_monsterinsights_sitenote_active":false,"_monsterinsights_sitenote_note":"","_monsterinsights_sitenote_category":0},"product_brand":[],"product_cat":[12291,12711],"product_tag":[],"class_list":{"0":"post-730109","1":"product","2":"type-product","3":"status-publish","5":"product_cat-edebiyat","6":"product_cat-roman-oyku","7":"pa_cilt-ciltsiz","8":"pa_tur-kitap","9":"pa_yayinevi-inkilap-kitabevi","10":"pa_yazar-george-orwell","12":"first","13":"instock","14":"sale","15":"shipping-taxable","16":"purchasable","17":"product-type-simple"},"_links":{"self":[{"href":"https:\/\/roveyayinevi.com.tr\/index.php\/wp-json\/wp\/v2\/product\/730109","targetHints":{"allow":["GET"]}}],"collection":[{"href":"https:\/\/roveyayinevi.com.tr\/index.php\/wp-json\/wp\/v2\/product"}],"about":[{"href":"https:\/\/roveyayinevi.com.tr\/index.php\/wp-json\/wp\/v2\/types\/product"}],"wp:attachment":[{"href":"https:\/\/roveyayinevi.com.tr\/index.php\/wp-json\/wp\/v2\/media?parent=730109"}],"wp:term":[{"taxonomy":"product_brand","embeddable":true,"href":"https:\/\/roveyayinevi.com.tr\/index.php\/wp-json\/wp\/v2\/product_brand?post=730109"},{"taxonomy":"product_cat","embeddable":true,"href":"https:\/\/roveyayinevi.com.tr\/index.php\/wp-json\/wp\/v2\/product_cat?post=730109"},{"taxonomy":"product_tag","embeddable":true,"href":"https:\/\/roveyayinevi.com.tr\/index.php\/wp-json\/wp\/v2\/product_tag?post=730109"}],"curies":[{"name":"wp","href":"https:\/\/api.w.org\/{rel}","templated":true}]}}