{"id":730107,"date":"2025-08-27T21:08:38","date_gmt":"2025-08-27T18:08:38","guid":{"rendered":"https:\/\/roveyayinevi.com.tr\/index.php\/urun\/alkali-yasam-bir-butundur\/"},"modified":"2025-08-31T17:11:30","modified_gmt":"2025-08-31T14:11:30","slug":"alkali-yasam-bir-butundur","status":"publish","type":"product","link":"https:\/\/roveyayinevi.com.tr\/index.php\/urun\/alkali-yasam-bir-butundur\/","title":{"rendered":"Alkali Ya\u015fam Bir B\u00fct\u00fcnd\u00fcr"},"content":{"rendered":"<p>Alkali beslenme; %70-80 alkali g\u0131dalar \u00f6nerirken, protein ihtiya\u00e7lar\u0131m\u0131z\u0131n ve baz\u0131 vitaminlerin kar\u015f\u0131lanmas\u0131 i\u00e7in de %20-30 az veya orta derecede asidik g\u0131da \u00f6nermektedir. Sa\u011fl\u0131kl\u0131 ve dengeli bir ya\u015fam i\u00e7in, birbirinin yerini tamamlayacak ve ikame edebilecek, daha az zararl\u0131 veya zarars\u0131z besinleri bilmek zorunday\u0131z. Bilgi, bilim ve ke\u015fifler \u00e7a\u011f\u0131nday\u0131z. T\u0131p ilerliyor, yeni \u00e7al\u0131\u015fmalar, ara\u015ft\u0131rmalar, deneyimler, besinler ve tatlar ortaya \u00e7\u0131k\u0131yor. \u0130\u015fte bu kitap da geli\u015fmeler \u0131\u015f\u0131\u011f\u0131nda ve geni\u015f ara\u015ft\u0131rmalardan sonra yaz\u0131ld\u0131. Alkali ya\u015fam\u0131 benimsemenin hem ne kadar \u00f6nemli hem de ne kadar m\u00fcmk\u00fcn oldu\u011funu \u00f6\u011frenmenin tam zaman\u0131&#8230; <\/p>\n","protected":false},"excerpt":{"rendered":"<p>Alkali beslenme; %70-80 alkali g\u0131dalar \u00f6nerirken, protein ihtiya\u00e7lar\u0131m\u0131z\u0131n ve baz\u0131 vitaminlerin kar\u015f\u0131lanmas\u0131 i\u00e7in de %20-30 az veya orta derecede asidik g\u0131da \u00f6nermektedir. Sa\u011fl\u0131kl\u0131 ve dengeli bir<span class=\"excerpt-hellip\"> [\u2026]<\/span><\/p>\n","protected":false},"featured_media":0,"template":"","meta":{"_monsterinsights_skip_tracking":false,"_monsterinsights_sitenote_active":false,"_monsterinsights_sitenote_note":"","_monsterinsights_sitenote_category":0},"product_brand":[],"product_cat":[13402,13365],"product_tag":[],"class_list":{"0":"post-730107","1":"product","2":"type-product","3":"status-publish","5":"product_cat-beslenme-ve-diyet","6":"product_cat-saglik","7":"pa_cilt-ciltsiz","8":"pa_tur-kitap","9":"pa_yayinevi-kitapol-yayinlari","10":"pa_yazar-sema-nur-ayyildiz-ali-ayyildiz","12":"first","13":"instock","14":"sale","15":"shipping-taxable","16":"purchasable","17":"product-type-simple"},"_links":{"self":[{"href":"https:\/\/roveyayinevi.com.tr\/index.php\/wp-json\/wp\/v2\/product\/730107","targetHints":{"allow":["GET"]}}],"collection":[{"href":"https:\/\/roveyayinevi.com.tr\/index.php\/wp-json\/wp\/v2\/product"}],"about":[{"href":"https:\/\/roveyayinevi.com.tr\/index.php\/wp-json\/wp\/v2\/types\/product"}],"wp:attachment":[{"href":"https:\/\/roveyayinevi.com.tr\/index.php\/wp-json\/wp\/v2\/media?parent=730107"}],"wp:term":[{"taxonomy":"product_brand","embeddable":true,"href":"https:\/\/roveyayinevi.com.tr\/index.php\/wp-json\/wp\/v2\/product_brand?post=730107"},{"taxonomy":"product_cat","embeddable":true,"href":"https:\/\/roveyayinevi.com.tr\/index.php\/wp-json\/wp\/v2\/product_cat?post=730107"},{"taxonomy":"product_tag","embeddable":true,"href":"https:\/\/roveyayinevi.com.tr\/index.php\/wp-json\/wp\/v2\/product_tag?post=730107"}],"curies":[{"name":"wp","href":"https:\/\/api.w.org\/{rel}","templated":true}]}}