{"id":730106,"date":"2025-08-27T21:08:37","date_gmt":"2025-08-27T18:08:37","guid":{"rendered":"https:\/\/roveyayinevi.com.tr\/index.php\/urun\/kim-uyur-kim-uyanik\/"},"modified":"2026-04-16T02:37:40","modified_gmt":"2026-04-15T23:37:40","slug":"kim-uyur-kim-uyanik","status":"publish","type":"product","link":"https:\/\/roveyayinevi.com.tr\/index.php\/urun\/kim-uyur-kim-uyanik\/","title":{"rendered":"Kim Uyur Kim Uyan\u0131k?"},"content":{"rendered":"<p>\u0130nsanl\u0131k de\u011ferlerine kar\u015f\u0131 kay\u0131ts\u0131zla\u015ft\u0131r\u0131lan insan, \u00f6zne olmaktan \u00e7\u0131kar\u0131l\u0131p nesne yap\u0131l\u0131r olmu\u015f. S\u00f6zl\u00fc k\u00fclt\u00fcr de\u011ferlerine sahip \u00e7\u0131kmak kay\u0131ts\u0131zl\u0131\u011fa \u015fifaym\u0131\u015f. Bir \u015fifa kayna\u011f\u0131 da masallarm\u0131\u015f. Masallar\u0131n kendi k\u00fclt\u00fcr dokular\u0131yla aktar\u0131lmas\u0131nda ve yayg\u0131nla\u015ft\u0131r\u0131lmas\u0131nda gerilere d\u00fc\u015fm\u00fc\u015f\u00fcz. Masallarla beslenemeyen \u00e7ocuklar, k\u00fcresel k\u00fclt\u00fcr sava\u015flar\u0131nda korunmas\u0131z kal\u0131yormu\u015f. \u00c7ocuklar\u0131m\u0131z k\u00fcresel ve pop\u00fcler k\u00fclt\u00fcr yang\u0131n\u0131ndan korunmal\u0131ym\u0131\u015f. Y\u00fcksek oranda yerel olmayan k\u00fclt\u00fcr \u00fcr\u00fcnleri dola\u015f\u0131mdaym\u0131\u015f. Bas\u0131n yay\u0131n ve sosyal medyan\u0131n b\u00fct\u00fcn ara\u00e7 gere\u00e7leriyle kendimize yeniden \u00e7ekid\u00fczen vermek, kendi masallar\u0131m\u0131za d\u00f6nmek mecburiyetindeymi\u015fiz. \u00c7ocuklar\u0131m\u0131za kendi masallar\u0131m\u0131z\u0131 anlatmay\u0131 ihmal etmemeliymi\u015fiz. Mehmet Naci \u00d6nal, Kim Uyur Kim Uyan\u0131k\u2019ta bir araya toplad\u0131\u011f\u0131 masal \u00e7\u00f6z\u00fcmlemeleriyle, bu konularda al\u0131nacak yollar\u0131n yordam\u0131n\u0131 ortaya koyuyor.\u0130nsanl\u0131k de\u011ferlerine kar\u015f\u0131 kay\u0131ts\u0131zla\u015ft\u0131r\u0131lan insan, \u00f6zne olmaktan \u00e7\u0131kar\u0131l\u0131p nesne yap\u0131l\u0131r olmu\u015f. S\u00f6zl\u00fc k\u00fclt\u00fcr de\u011ferlerine sahip \u00e7\u0131kmak kay\u0131ts\u0131zl\u0131\u011fa \u015fifaym\u0131\u015f. Bir \u015fifa kayna\u011f\u0131 da masallarm\u0131\u015f. Masallar\u0131n kendi k\u00fclt\u00fcr dokular\u0131yla aktar\u0131lmas\u0131nda ve yayg\u0131nla\u015ft\u0131r\u0131lmas\u0131nda gerilere d\u00fc\u015fm\u00fc\u015f\u00fcz. Masallarla beslenemeyen \u00e7ocuklar, k\u00fcresel k\u00fclt\u00fcr sava\u015flar\u0131nda korunmas\u0131z kal\u0131yormu\u015f. \u00c7ocuklar\u0131m\u0131z k\u00fcresel ve pop\u00fcler k\u00fclt\u00fcr yang\u0131n\u0131ndan korunmal\u0131ym\u0131\u015f. Y\u00fcksek oranda yerel olmayan k\u00fclt\u00fcr \u00fcr\u00fcnleri dola\u015f\u0131mdaym\u0131\u015f. Bas\u0131n yay\u0131n ve sosyal medyan\u0131n b\u00fct\u00fcn ara\u00e7 gere\u00e7leriyle kendimize yeniden \u00e7ekid\u00fczen vermek, kendi masallar\u0131m\u0131za d\u00f6nmek mecburiyetindeymi\u015fiz. \u00c7ocuklar\u0131m\u0131za kendi masallar\u0131m\u0131z\u0131 anlatmay\u0131 ihmal etmemeliymi\u015fiz. Mehmet Naci \u00d6nal, Kim Uyur Kim Uyan\u0131k\u2019ta bir araya toplad\u0131\u011f\u0131 masal \u00e7\u00f6z\u00fcmlemeleriyle, bu konularda al\u0131nacak yollar\u0131n yordam\u0131n\u0131 ortaya koyuyor.<\/p>\n","protected":false},"excerpt":{"rendered":"<p>\u0130nsanl\u0131k de\u011ferlerine kar\u015f\u0131 kay\u0131ts\u0131zla\u015ft\u0131r\u0131lan insan, \u00f6zne olmaktan \u00e7\u0131kar\u0131l\u0131p nesne yap\u0131l\u0131r olmu\u015f. S\u00f6zl\u00fc k\u00fclt\u00fcr de\u011ferlerine sahip \u00e7\u0131kmak kay\u0131ts\u0131zl\u0131\u011fa \u015fifaym\u0131\u015f. Bir \u015fifa kayna\u011f\u0131 da masallarm\u0131\u015f. Masallar\u0131n kendi k\u00fclt\u00fcr<span class=\"excerpt-hellip\"> [\u2026]<\/span><\/p>\n","protected":false},"featured_media":0,"template":"","meta":{"_monsterinsights_skip_tracking":false,"_monsterinsights_sitenote_active":false,"_monsterinsights_sitenote_note":"","_monsterinsights_sitenote_category":0},"product_brand":[],"product_cat":[13072,12291],"product_tag":[],"class_list":{"0":"post-730106","1":"product","2":"type-product","3":"status-publish","5":"product_cat-arastirma-inceleme-referans","6":"product_cat-edebiyat","7":"pa_cilt-ciltsiz","8":"pa_tur-kitap","9":"pa_yayinevi-otuken-nesriyat","10":"pa_yazar-mehmet-naci-onal","12":"first","13":"instock","14":"sale","15":"shipping-taxable","16":"purchasable","17":"product-type-simple"},"_links":{"self":[{"href":"https:\/\/roveyayinevi.com.tr\/index.php\/wp-json\/wp\/v2\/product\/730106","targetHints":{"allow":["GET"]}}],"collection":[{"href":"https:\/\/roveyayinevi.com.tr\/index.php\/wp-json\/wp\/v2\/product"}],"about":[{"href":"https:\/\/roveyayinevi.com.tr\/index.php\/wp-json\/wp\/v2\/types\/product"}],"wp:attachment":[{"href":"https:\/\/roveyayinevi.com.tr\/index.php\/wp-json\/wp\/v2\/media?parent=730106"}],"wp:term":[{"taxonomy":"product_brand","embeddable":true,"href":"https:\/\/roveyayinevi.com.tr\/index.php\/wp-json\/wp\/v2\/product_brand?post=730106"},{"taxonomy":"product_cat","embeddable":true,"href":"https:\/\/roveyayinevi.com.tr\/index.php\/wp-json\/wp\/v2\/product_cat?post=730106"},{"taxonomy":"product_tag","embeddable":true,"href":"https:\/\/roveyayinevi.com.tr\/index.php\/wp-json\/wp\/v2\/product_tag?post=730106"}],"curies":[{"name":"wp","href":"https:\/\/api.w.org\/{rel}","templated":true}]}}