{"id":730104,"date":"2025-08-27T21:08:35","date_gmt":"2025-08-27T18:08:35","guid":{"rendered":"https:\/\/roveyayinevi.com.tr\/index.php\/urun\/orgutsel-iletisim\/"},"modified":"2026-04-16T02:37:40","modified_gmt":"2026-04-15T23:37:40","slug":"orgutsel-iletisim","status":"publish","type":"product","link":"https:\/\/roveyayinevi.com.tr\/index.php\/urun\/orgutsel-iletisim\/","title":{"rendered":"\u00d6rg\u00fctsel \u0130leti\u015fim"},"content":{"rendered":"<p>\u0130\u00e7indekiler 1.  B\u00f6l\u00fcm \u2013 \u00d6rg\u00fctsel \u0130leti\u015fim 2.  B\u00f6l\u00fcm \u2013 Siyasi Reklamlar\u0131n Geli\u015fim S\u00fcreci 3.  B\u00f6l\u00fcm \u2013 \u0130kna Kavram\u0131 ve Tutum Davran\u0131\u015f\u0131 4.  B\u00f6l\u00fcm \u2013 Siyasal \u0130leti\u015fim, Propaganda, Reklam ve Halkla \u0130li\u015fkiler Aras\u0131ndaki Uygulama ve Benzerlikleri 5.  B\u00f6l\u00fcm \u2013 Siyasi \u00d6rg\u00fctler, Sosyoloji Bilimi ve \u0130leti\u015fim 6. B\u00f6l\u00fcm \u2013 Siyasal \u0130leti\u015fim Uygulama ve S\u00fcre\u00e7leri 7.  B\u00f6l\u00fcm \u2013 Siyasi Faaliyetlerin Medya \u0130\u00e7indeki Rol\u00fc 8.  B\u00f6l\u00fcm \u2013 Kamuoyu Ara\u015ft\u0131rmalar\u0131, Kat\u0131lmay\u0131 \u00d6zendirme \u0130\u015flevi 9.  B\u00f6l\u00fcm \u2013 Genel Se\u00e7im Analizleri <\/p>\n","protected":false},"excerpt":{"rendered":"<p>\u0130\u00e7indekiler 1. B\u00f6l\u00fcm \u2013 \u00d6rg\u00fctsel \u0130leti\u015fim 2. B\u00f6l\u00fcm \u2013 Siyasi Reklamlar\u0131n Geli\u015fim S\u00fcreci 3. B\u00f6l\u00fcm \u2013 \u0130kna Kavram\u0131 ve Tutum Davran\u0131\u015f\u0131 4. B\u00f6l\u00fcm \u2013 Siyasal \u0130leti\u015fim,<span class=\"excerpt-hellip\"> [\u2026]<\/span><\/p>\n","protected":false},"featured_media":0,"template":"","meta":{"_monsterinsights_skip_tracking":false,"_monsterinsights_sitenote_active":false,"_monsterinsights_sitenote_note":"","_monsterinsights_sitenote_category":0},"product_brand":[],"product_cat":[13043,14381],"product_tag":[],"class_list":{"0":"post-730104","1":"product","2":"type-product","3":"status-publish","5":"product_cat-ekonomi","6":"product_cat-isletme-muhasebe-maliye","7":"pa_cilt-ciltsiz","8":"pa_tur-kitap","9":"pa_yayinevi-gazi-kitabevi","10":"pa_yazar-nesrin-ada","12":"first","13":"instock","14":"sale","15":"shipping-taxable","16":"purchasable","17":"product-type-simple"},"_links":{"self":[{"href":"https:\/\/roveyayinevi.com.tr\/index.php\/wp-json\/wp\/v2\/product\/730104","targetHints":{"allow":["GET"]}}],"collection":[{"href":"https:\/\/roveyayinevi.com.tr\/index.php\/wp-json\/wp\/v2\/product"}],"about":[{"href":"https:\/\/roveyayinevi.com.tr\/index.php\/wp-json\/wp\/v2\/types\/product"}],"wp:attachment":[{"href":"https:\/\/roveyayinevi.com.tr\/index.php\/wp-json\/wp\/v2\/media?parent=730104"}],"wp:term":[{"taxonomy":"product_brand","embeddable":true,"href":"https:\/\/roveyayinevi.com.tr\/index.php\/wp-json\/wp\/v2\/product_brand?post=730104"},{"taxonomy":"product_cat","embeddable":true,"href":"https:\/\/roveyayinevi.com.tr\/index.php\/wp-json\/wp\/v2\/product_cat?post=730104"},{"taxonomy":"product_tag","embeddable":true,"href":"https:\/\/roveyayinevi.com.tr\/index.php\/wp-json\/wp\/v2\/product_tag?post=730104"}],"curies":[{"name":"wp","href":"https:\/\/api.w.org\/{rel}","templated":true}]}}