{"id":730103,"date":"2025-08-27T21:08:35","date_gmt":"2025-08-27T18:08:35","guid":{"rendered":"https:\/\/roveyayinevi.com.tr\/index.php\/urun\/gayrimenkul-alaninda-disiplinlerarasi-yaklasimlar\/"},"modified":"2026-04-16T02:37:40","modified_gmt":"2026-04-15T23:37:40","slug":"gayrimenkul-alaninda-disiplinlerarasi-yaklasimlar","status":"publish","type":"product","link":"https:\/\/roveyayinevi.com.tr\/index.php\/urun\/gayrimenkul-alaninda-disiplinlerarasi-yaklasimlar\/","title":{"rendered":"Gayrimenkul Alan\u0131nda Disiplinleraras\u0131 Yakla\u015f\u0131mlar"},"content":{"rendered":"<p>\u0130\u00e7indekilerI B\u00f6l\u00fcm \u2013 \u0130ktisat I B\u00f6l\u00fcm \u2013 Y\u00f6netim III B\u00f6l\u00fcm \u2013 Pazarlama IV B\u00f6l\u00fcm &#8211; Muhasebe Ve Finansman V B\u00f6l\u00fcm &#8211; M\u00fchendislik Ve Planlama VI B\u00f6l\u00fcm \u2013 Kamu Y\u00f6netimi<\/p>\n","protected":false},"excerpt":{"rendered":"<p>\u0130\u00e7indekilerI B\u00f6l\u00fcm \u2013 \u0130ktisat I B\u00f6l\u00fcm \u2013 Y\u00f6netim III B\u00f6l\u00fcm \u2013 Pazarlama IV B\u00f6l\u00fcm &#8211; Muhasebe Ve Finansman V B\u00f6l\u00fcm &#8211; M\u00fchendislik Ve Planlama VI B\u00f6l\u00fcm<span class=\"excerpt-hellip\"> [\u2026]<\/span><\/p>\n","protected":false},"featured_media":0,"template":"","meta":{"_monsterinsights_skip_tracking":false,"_monsterinsights_sitenote_active":false,"_monsterinsights_sitenote_note":"","_monsterinsights_sitenote_category":0},"product_brand":[],"product_cat":[13043,14381],"product_tag":[],"class_list":{"0":"post-730103","1":"product","2":"type-product","3":"status-publish","5":"product_cat-ekonomi","6":"product_cat-isletme-muhasebe-maliye","7":"pa_cilt-ciltsiz","8":"pa_tur-kitap","9":"pa_yayinevi-gazi-kitabevi","10":"pa_yazar-ender-guler","12":"first","13":"instock","14":"sale","15":"shipping-taxable","16":"purchasable","17":"product-type-simple"},"_links":{"self":[{"href":"https:\/\/roveyayinevi.com.tr\/index.php\/wp-json\/wp\/v2\/product\/730103","targetHints":{"allow":["GET"]}}],"collection":[{"href":"https:\/\/roveyayinevi.com.tr\/index.php\/wp-json\/wp\/v2\/product"}],"about":[{"href":"https:\/\/roveyayinevi.com.tr\/index.php\/wp-json\/wp\/v2\/types\/product"}],"wp:attachment":[{"href":"https:\/\/roveyayinevi.com.tr\/index.php\/wp-json\/wp\/v2\/media?parent=730103"}],"wp:term":[{"taxonomy":"product_brand","embeddable":true,"href":"https:\/\/roveyayinevi.com.tr\/index.php\/wp-json\/wp\/v2\/product_brand?post=730103"},{"taxonomy":"product_cat","embeddable":true,"href":"https:\/\/roveyayinevi.com.tr\/index.php\/wp-json\/wp\/v2\/product_cat?post=730103"},{"taxonomy":"product_tag","embeddable":true,"href":"https:\/\/roveyayinevi.com.tr\/index.php\/wp-json\/wp\/v2\/product_tag?post=730103"}],"curies":[{"name":"wp","href":"https:\/\/api.w.org\/{rel}","templated":true}]}}