{"id":730102,"date":"2025-08-27T21:08:34","date_gmt":"2025-08-27T18:08:34","guid":{"rendered":"https:\/\/roveyayinevi.com.tr\/index.php\/urun\/yuregimden-dokulenler\/"},"modified":"2026-04-16T02:37:40","modified_gmt":"2026-04-15T23:37:40","slug":"yuregimden-dokulenler","status":"publish","type":"product","link":"https:\/\/roveyayinevi.com.tr\/index.php\/urun\/yuregimden-dokulenler\/","title":{"rendered":"Y\u00fcre\u011fimden D\u00f6k\u00fclenler"},"content":{"rendered":"<p>\u015eiiri do\u011fan\u0131n sesi diye d\u00fc\u015f\u00fcn\u00fcr\u00fcm. A\u00e7\u0131k havada akarsuyun, ku\u015flar\u0131n, r\u00fczg\u00e2r\u0131n, ya\u011fmurun, dalgan\u0131n sesi, \u00f6yle ahenkli gelir ki kula\u011f\u0131ma \u015fiir gibidir sanki. \u015eiir olaylar kar\u015f\u0131s\u0131nda olu\u015fan d\u00fc\u015f\u00fcncelerimizin duygularla yo\u011frulup, y\u00fcreklerde olu\u015fturdu\u011fu sesin yans\u0131mas\u0131d\u0131r. Sessiz bir \u015fark\u0131 gibidir. Her \u015fiir bence ya\u015fanm\u0131\u015fl\u0131klar\u0131n \u00fcr\u00fcn\u00fcd\u00fcr. Herkes kendine ait bir \u015fey bulabilir \u015fiirlerde\u2026   Hayat\u0131m\u0131z\u0131 bozuk bir plak gibi \u00e7al\u0131yoruz. Ne tamir ediyoruz bozulan yerlerini, Ne dinlemekten vazge\u00e7iyoruz. Hep ayn\u0131 nameler, ayn\u0131 nakarat. C\u0131z\u0131rdasa da, sarsa da ba\u015fa bazen. Yine de vazge\u00e7emiyoruz al\u0131\u015fkanl\u0131klardan.<\/p>\n","protected":false},"excerpt":{"rendered":"<p>\u015eiiri do\u011fan\u0131n sesi diye d\u00fc\u015f\u00fcn\u00fcr\u00fcm. A\u00e7\u0131k havada akarsuyun, ku\u015flar\u0131n, r\u00fczg\u00e2r\u0131n, ya\u011fmurun, dalgan\u0131n sesi, \u00f6yle ahenkli gelir ki kula\u011f\u0131ma \u015fiir gibidir sanki. \u015eiir olaylar kar\u015f\u0131s\u0131nda olu\u015fan d\u00fc\u015f\u00fcncelerimizin<span class=\"excerpt-hellip\"> [\u2026]<\/span><\/p>\n","protected":false},"featured_media":0,"template":"","meta":{"_monsterinsights_skip_tracking":false,"_monsterinsights_sitenote_active":false,"_monsterinsights_sitenote_note":"","_monsterinsights_sitenote_category":0},"product_brand":[],"product_cat":[12291,12509],"product_tag":[],"class_list":{"0":"post-730102","1":"product","2":"type-product","3":"status-publish","5":"product_cat-edebiyat","6":"product_cat-siir","7":"pa_cilt-ciltsiz","8":"pa_tur-kitap","9":"pa_yayinevi-herdem-kitap","10":"pa_yazar-aysel-artiktay","12":"first","13":"instock","14":"sale","15":"shipping-taxable","16":"purchasable","17":"product-type-simple"},"_links":{"self":[{"href":"https:\/\/roveyayinevi.com.tr\/index.php\/wp-json\/wp\/v2\/product\/730102","targetHints":{"allow":["GET"]}}],"collection":[{"href":"https:\/\/roveyayinevi.com.tr\/index.php\/wp-json\/wp\/v2\/product"}],"about":[{"href":"https:\/\/roveyayinevi.com.tr\/index.php\/wp-json\/wp\/v2\/types\/product"}],"wp:attachment":[{"href":"https:\/\/roveyayinevi.com.tr\/index.php\/wp-json\/wp\/v2\/media?parent=730102"}],"wp:term":[{"taxonomy":"product_brand","embeddable":true,"href":"https:\/\/roveyayinevi.com.tr\/index.php\/wp-json\/wp\/v2\/product_brand?post=730102"},{"taxonomy":"product_cat","embeddable":true,"href":"https:\/\/roveyayinevi.com.tr\/index.php\/wp-json\/wp\/v2\/product_cat?post=730102"},{"taxonomy":"product_tag","embeddable":true,"href":"https:\/\/roveyayinevi.com.tr\/index.php\/wp-json\/wp\/v2\/product_tag?post=730102"}],"curies":[{"name":"wp","href":"https:\/\/api.w.org\/{rel}","templated":true}]}}