{"id":730100,"date":"2025-08-27T21:08:31","date_gmt":"2025-08-27T18:08:31","guid":{"rendered":"https:\/\/roveyayinevi.com.tr\/index.php\/urun\/1984-bin-dokuz-yuz-seksendort\/"},"modified":"2026-04-16T02:37:40","modified_gmt":"2026-04-15T23:37:40","slug":"1984-bin-dokuz-yuz-seksendort","status":"publish","type":"product","link":"https:\/\/roveyayinevi.com.tr\/index.php\/urun\/1984-bin-dokuz-yuz-seksendort\/","title":{"rendered":"1984 Bin Dokuz Y\u00fcz Seksend\u00f6rt"},"content":{"rendered":"<p>\u0130lk yay\u0131mland\u0131\u011f\u0131 g\u00fcnden itibaren g\u00fcncelli\u011fini yitirmeyen Orwell\u2019\u0131n distopik roman\u0131 Bin Dokuz Y\u00fcz Seksen D\u00f6rt, g\u00fcndelik hayatlar\u0131ndaki her \u015feyin d\u00fczenlendi\u011fi, denetlendi\u011fi bir toplum ve onu her anlamda bask\u0131 alt\u0131nda tutarak zorla \u015fekillendiren, belleksiz b\u0131rakarak nesnele\u015ftiren iktidar ayg\u0131t\u0131 \u00e7arp\u0131c\u0131 bir bi\u00e7imde g\u00f6zler \u00f6n\u00fcne seriliyor. \u201cB\u00fcy\u00fck Birader\u2019e duyulan sevgi d\u0131\u015f\u0131nda sevgi olmayacak. D\u00fc\u015fman\u0131 bozguna u\u011fratt\u0131ktan sonra at\u0131lan zafer kahkahas\u0131 d\u0131\u015f\u0131nda hi\u00e7bir kahkaha olmayacak. Sanat, edebiyat ve bilim diye bir \u015fey de olmayacak. Kadir-i mutlak oldu\u011fumuzda bilime gerek kalmayacak. G\u00fczellik ve \u00e7irkinlik aras\u0131nda hi\u00e7bir fark kalmayacak. Merak, ya\u015fama sevinci diye bir \u015fey olmayacak. Ya\u015fam\u0131n t\u00fcm zevkleri yok edilecek. Ama durmadan b\u00fcy\u00fcyen, gittik\u00e7e ustala\u015f\u0131p yetkinle\u015fen bir iktidar esrikli\u011fi olacak; bunu sak\u0131n unutma Winston. Zafer heyecan\u0131, \u00e7aresiz d\u00fc\u015fman\u0131 ezip ge\u00e7menin co\u015fkusu her zaman, her an ya\u015fanacak. Gelece\u011fin resmini g\u00f6rmek istiyorsan, bir insan y\u00fcz\u00fcne basm\u0131\u015f bir postal getir g\u00f6zlerinin \u00f6n\u00fcne, sonsuza dek.\u201d<\/p>\n","protected":false},"excerpt":{"rendered":"<p>\u0130lk yay\u0131mland\u0131\u011f\u0131 g\u00fcnden itibaren g\u00fcncelli\u011fini yitirmeyen Orwell\u2019\u0131n distopik roman\u0131 Bin Dokuz Y\u00fcz Seksen D\u00f6rt, g\u00fcndelik hayatlar\u0131ndaki her \u015feyin d\u00fczenlendi\u011fi, denetlendi\u011fi bir toplum ve onu her anlamda<span class=\"excerpt-hellip\"> [\u2026]<\/span><\/p>\n","protected":false},"featured_media":0,"template":"","meta":{"_monsterinsights_skip_tracking":false,"_monsterinsights_sitenote_active":false,"_monsterinsights_sitenote_note":"","_monsterinsights_sitenote_category":0},"product_brand":[],"product_cat":[12291,12711],"product_tag":[],"class_list":{"0":"post-730100","1":"product","2":"type-product","3":"status-publish","5":"product_cat-edebiyat","6":"product_cat-roman-oyku","7":"pa_cilt-ciltsiz","8":"pa_tur-kitap","9":"pa_yayinevi-herdem-kitap","10":"pa_yazar-george-orwell","12":"first","13":"instock","14":"sale","15":"shipping-taxable","16":"purchasable","17":"product-type-simple"},"_links":{"self":[{"href":"https:\/\/roveyayinevi.com.tr\/index.php\/wp-json\/wp\/v2\/product\/730100","targetHints":{"allow":["GET"]}}],"collection":[{"href":"https:\/\/roveyayinevi.com.tr\/index.php\/wp-json\/wp\/v2\/product"}],"about":[{"href":"https:\/\/roveyayinevi.com.tr\/index.php\/wp-json\/wp\/v2\/types\/product"}],"wp:attachment":[{"href":"https:\/\/roveyayinevi.com.tr\/index.php\/wp-json\/wp\/v2\/media?parent=730100"}],"wp:term":[{"taxonomy":"product_brand","embeddable":true,"href":"https:\/\/roveyayinevi.com.tr\/index.php\/wp-json\/wp\/v2\/product_brand?post=730100"},{"taxonomy":"product_cat","embeddable":true,"href":"https:\/\/roveyayinevi.com.tr\/index.php\/wp-json\/wp\/v2\/product_cat?post=730100"},{"taxonomy":"product_tag","embeddable":true,"href":"https:\/\/roveyayinevi.com.tr\/index.php\/wp-json\/wp\/v2\/product_tag?post=730100"}],"curies":[{"name":"wp","href":"https:\/\/api.w.org\/{rel}","templated":true}]}}