{"id":730097,"date":"2025-08-27T21:08:28","date_gmt":"2025-08-27T18:08:28","guid":{"rendered":"https:\/\/roveyayinevi.com.tr\/index.php\/urun\/gernonun-sirri-gecmisin-izinde-2\/"},"modified":"2026-04-16T02:37:40","modified_gmt":"2026-04-15T23:37:40","slug":"gernonun-sirri-gecmisin-izinde-2","status":"publish","type":"product","link":"https:\/\/roveyayinevi.com.tr\/index.php\/urun\/gernonun-sirri-gecmisin-izinde-2\/","title":{"rendered":"Gerno&#8217;nun S\u0131rr\u0131 &#8211; Ge\u00e7mi\u015fin \u0130zinde 2"},"content":{"rendered":"<p>S\u00fcrprizlerle dolu 2062 Amsterdam&#8217;\u0131nda s\u00fcr\u00fckleyici bir macera&#8230; Gerno Dekker&#8217;\u0131n gizli ya\u015fam\u0131, evsizlerin umutsuz hayatlar\u0131, insans\u0131 robotlar, u\u00e7ang\u00f6zlerle bezenmi\u015f g\u00f6ky\u00fcz\u00fc, devasa su setleri, Usk\u00fcdar sokaklar\u0131nda imk\u00e2ns\u0131z bir a\u015fk, karanl\u0131\u011f\u0131n hizmetk\u00e2rlar\u0131 ve an\u0131 de\u011fi\u015ftiriciyle gelen peri masal\u0131 hik\u00e2yelerinin yeniden dizayn edili\u015fi&#8230;Selim ve Benedict&#8217;in, John Ramsden&#8217;\u0131n kanl\u0131 mektubunun \u015fifrelerini \u00e7\u00f6zmek i\u00e7in gitti\u011fi Amsterdam&#8217;da ya\u015fad\u0131\u011f\u0131 ola\u011fan\u00fcst\u00fc olaylar, k\u00fcresel \u0131s\u0131nman\u0131n getirdi\u011fi a\u011f\u0131r y\u00fck\u00fcml\u00fcl\u00fckler, bir t\u00fcrl\u00fc dizginlenemeyen okyanustan gelen dev dalgalar, Amsterdam sakinlerinin endi\u015fe i\u00e7indeki bekleyi\u015fi&#8230;G\u00fcvensiz b\u00f6lgeye adeta hapsedilen evsizlerin ak\u0131beti ve sistemin i\u00e7inde kaybedenlerden birinin isyan ate\u015fi koca bir \u015fehrin kaderini nas\u0131l etkileyecek?Selim&#8217;in; ki\u015fisel bir trajediden, k\u00fcresel bir ak\u0131ma d\u00f6n\u00fc\u015fen m\u00fcthi\u015f hikayesinde ikinci perde. Irk\u00e7\u0131l\u0131\u011f\u0131n, bilimkurgunun ve a\u015fk\u0131n doruklarda hissedildi\u011fi destans\u0131 bir roman.Yazar Cihan Ormanc\u0131, ger\u00e7ekler \u00fczerinden kurgulad\u0131\u011f\u0131 romanda sadece gelecek ile ilgili arg\u00fcmanlar sunmuyor okurlar\u0131na. \u0130lk kitapta Amerika&#8217;n\u0131n y\u00fczy\u0131llard\u0131r \u00e7\u00f6zemedi\u011fi \u0131rk\u00e7\u0131l\u0131k sorununa \u0131\u015f\u0131k tutarken, bu kez evsizlerin umutsuz d\u00fcnyas\u0131yla tan\u0131\u015ft\u0131r\u0131yor bizleri. B\u00fcy\u00fck finale, Afrika&#8217;n\u0131n \u015fahlan\u0131\u015f\u0131na ramak kala Amsterdam&#8217;da ya\u015fananlar sizi derinden etkileyecek&#8230;.\u201cOkyanus, g\u00fcnde iki kez u\u00e7suz bucaks\u0131z bir \u00fclkenin \u00fczerine b\u00fcy\u00fck bir h\u0131zla d\u00f6k\u00fcl\u00fcr, \u00f6yle ki yerin karaya m\u0131 yoksa denize mi ait oldu\u011fundan \u015f\u00fcphe edilir. Bu \u00fclkede, kendi kurduklar\u0131 y\u00fcksek tepelerde ac\u0131nacak durumda olan bir halk ya\u015far. Halk bu tepeleri bildikleri en y\u00fcksek su seviyesinin \u00fcst\u00fcndeki bir y\u00fckseklikte kurmu\u015ftur.\u201dGaius Plinius Secundus*Keder dolu d\u00fc\u015f\u00fcncelerle bo\u011fu\u015ftu\u011fundan m\u0131d\u0131r bilinmez; az sonra kalbinin derinliklerinden kopup gelen bir kelime, bo\u011faz\u0131nda d\u00fc\u011f\u00fcmlenip \u00f6ylece kald\u0131. Bir bedeli vard\u0131 her \u015feyin. Hayat\u0131n, kararlar\u0131n, gayelerin, anla\u015fmalar\u0131n&#8230; Nihayet bedeli \u00fcstlenmi\u015f bir \u00e7ift g\u00f6zden akan iki damla ya\u015f, Benedict&#8217;in bo\u011faz\u0131nda d\u00fc\u011f\u00fcmlenen kelimeyi, sigara i\u00e7en birinin \u00e7\u0131kard\u0131\u011f\u0131 h\u00fcz\u00fcn dolu bir duman gibi \u00f6ylece \u00f6zg\u00fcr b\u0131rakt\u0131 a\u011fz\u0131ndan: -Caroline.<\/p>\n","protected":false},"excerpt":{"rendered":"<p>S\u00fcrprizlerle dolu 2062 Amsterdam&#8217;\u0131nda s\u00fcr\u00fckleyici bir macera&#8230; Gerno Dekker&#8217;\u0131n gizli ya\u015fam\u0131, evsizlerin umutsuz hayatlar\u0131, insans\u0131 robotlar, u\u00e7ang\u00f6zlerle bezenmi\u015f g\u00f6ky\u00fcz\u00fc, devasa su setleri, Usk\u00fcdar sokaklar\u0131nda imk\u00e2ns\u0131z bir<span class=\"excerpt-hellip\"> [\u2026]<\/span><\/p>\n","protected":false},"featured_media":0,"template":"","meta":{"_monsterinsights_skip_tracking":false,"_monsterinsights_sitenote_active":false,"_monsterinsights_sitenote_note":"","_monsterinsights_sitenote_category":0},"product_brand":[],"product_cat":[12291,12711],"product_tag":[],"class_list":{"0":"post-730097","1":"product","2":"type-product","3":"status-publish","5":"product_cat-edebiyat","6":"product_cat-roman-oyku","7":"pa_cilt-ciltsiz","8":"pa_tur-kitap","9":"pa_yayinevi-herdem-kitap","10":"pa_yazar-cihan-ormanci","12":"first","13":"instock","14":"sale","15":"shipping-taxable","16":"purchasable","17":"product-type-simple"},"_links":{"self":[{"href":"https:\/\/roveyayinevi.com.tr\/index.php\/wp-json\/wp\/v2\/product\/730097","targetHints":{"allow":["GET"]}}],"collection":[{"href":"https:\/\/roveyayinevi.com.tr\/index.php\/wp-json\/wp\/v2\/product"}],"about":[{"href":"https:\/\/roveyayinevi.com.tr\/index.php\/wp-json\/wp\/v2\/types\/product"}],"wp:attachment":[{"href":"https:\/\/roveyayinevi.com.tr\/index.php\/wp-json\/wp\/v2\/media?parent=730097"}],"wp:term":[{"taxonomy":"product_brand","embeddable":true,"href":"https:\/\/roveyayinevi.com.tr\/index.php\/wp-json\/wp\/v2\/product_brand?post=730097"},{"taxonomy":"product_cat","embeddable":true,"href":"https:\/\/roveyayinevi.com.tr\/index.php\/wp-json\/wp\/v2\/product_cat?post=730097"},{"taxonomy":"product_tag","embeddable":true,"href":"https:\/\/roveyayinevi.com.tr\/index.php\/wp-json\/wp\/v2\/product_tag?post=730097"}],"curies":[{"name":"wp","href":"https:\/\/api.w.org\/{rel}","templated":true}]}}