{"id":730096,"date":"2025-08-27T21:08:27","date_gmt":"2025-08-27T18:08:27","guid":{"rendered":"https:\/\/roveyayinevi.com.tr\/index.php\/urun\/musluman-mahallesinde-salyangoz-satmak\/"},"modified":"2026-04-16T02:37:40","modified_gmt":"2026-04-15T23:37:40","slug":"musluman-mahallesinde-salyangoz-satmak","status":"publish","type":"product","link":"https:\/\/roveyayinevi.com.tr\/index.php\/urun\/musluman-mahallesinde-salyangoz-satmak\/","title":{"rendered":"M\u00fcsl\u00fcman Mahallesinde Salyangoz Satmak"},"content":{"rendered":"<p>1900\u2019l\u00fc y\u0131llar\u0131n ba\u015flar\u0131nda Osmanl\u0131 topraklar\u0131na g\u00f6z dikmi\u015f olan \u0130ngiltere, yeti\u015ftirdi\u011fi provokat\u00f6r ve casuslar\u0131 M\u00fcsl\u00fcman kimli\u011fi ile Osmanl\u0131 \u0130mparatorlu\u011fu i\u00e7ine s\u0131zd\u0131rm\u0131\u015ft\u0131r.\u00c7anakkale Sava\u015f\u0131, Milli M\u00fccadele D\u00f6nemi ve \u0130stanbul\u2019un i\u015fgal g\u00fcnlerinde Kuva-yi Milliye hareketini engellemek i\u00e7in halk\u0131 k\u0131\u015fk\u0131rtan bu din bezirg\u00e2nlar\u0131 ortaya \u00e7\u0131kt\u0131klar\u0131 \u0130stanbul\u2019da \u00e7evrelerine binlerce m\u00fcrit toplam\u0131\u015f ve halk\u0131 Kuva-yi Milliye\u2019ye kar\u015f\u0131 k\u0131\u015fk\u0131rtm\u0131\u015flard\u0131r.Kurtulu\u015f Sava\u015f\u0131 sonras\u0131 bu topraklara ak\u0131t\u0131lan zehir, uzun y\u0131llar kulu\u00e7ka d\u00f6nemini ya\u015fam\u0131\u015f, parazitler palazlanm\u0131\u015f ve g\u00fcn\u00fcm\u00fczde bile Cumhuriyet ve Atat\u00fcrk d\u00fc\u015fmanl\u0131\u011f\u0131 yapanlar\u0131n yeg\u00e2ne dayana\u011f\u0131 olmu\u015ftur.<\/p>\n","protected":false},"excerpt":{"rendered":"<p>1900\u2019l\u00fc y\u0131llar\u0131n ba\u015flar\u0131nda Osmanl\u0131 topraklar\u0131na g\u00f6z dikmi\u015f olan \u0130ngiltere, yeti\u015ftirdi\u011fi provokat\u00f6r ve casuslar\u0131 M\u00fcsl\u00fcman kimli\u011fi ile Osmanl\u0131 \u0130mparatorlu\u011fu i\u00e7ine s\u0131zd\u0131rm\u0131\u015ft\u0131r.\u00c7anakkale Sava\u015f\u0131, Milli M\u00fccadele D\u00f6nemi ve \u0130stanbul\u2019un<span class=\"excerpt-hellip\"> [\u2026]<\/span><\/p>\n","protected":false},"featured_media":0,"template":"","meta":{"_monsterinsights_skip_tracking":false,"_monsterinsights_sitenote_active":false,"_monsterinsights_sitenote_note":"","_monsterinsights_sitenote_category":0},"product_brand":[],"product_cat":[12291,12711],"product_tag":[],"class_list":{"0":"post-730096","1":"product","2":"type-product","3":"status-publish","5":"product_cat-edebiyat","6":"product_cat-roman-oyku","7":"pa_cilt-ciltsiz","8":"pa_tur-kitap","9":"pa_yayinevi-herdem-kitap","10":"pa_yazar-senel-gulbudak","12":"first","13":"instock","14":"sale","15":"shipping-taxable","16":"purchasable","17":"product-type-simple"},"_links":{"self":[{"href":"https:\/\/roveyayinevi.com.tr\/index.php\/wp-json\/wp\/v2\/product\/730096","targetHints":{"allow":["GET"]}}],"collection":[{"href":"https:\/\/roveyayinevi.com.tr\/index.php\/wp-json\/wp\/v2\/product"}],"about":[{"href":"https:\/\/roveyayinevi.com.tr\/index.php\/wp-json\/wp\/v2\/types\/product"}],"wp:attachment":[{"href":"https:\/\/roveyayinevi.com.tr\/index.php\/wp-json\/wp\/v2\/media?parent=730096"}],"wp:term":[{"taxonomy":"product_brand","embeddable":true,"href":"https:\/\/roveyayinevi.com.tr\/index.php\/wp-json\/wp\/v2\/product_brand?post=730096"},{"taxonomy":"product_cat","embeddable":true,"href":"https:\/\/roveyayinevi.com.tr\/index.php\/wp-json\/wp\/v2\/product_cat?post=730096"},{"taxonomy":"product_tag","embeddable":true,"href":"https:\/\/roveyayinevi.com.tr\/index.php\/wp-json\/wp\/v2\/product_tag?post=730096"}],"curies":[{"name":"wp","href":"https:\/\/api.w.org\/{rel}","templated":true}]}}