{"id":730095,"date":"2025-08-27T21:08:26","date_gmt":"2025-08-27T18:08:26","guid":{"rendered":"https:\/\/roveyayinevi.com.tr\/index.php\/urun\/mechule-giden-yolcu\/"},"modified":"2026-04-16T02:37:40","modified_gmt":"2026-04-15T23:37:40","slug":"mechule-giden-yolcu","status":"publish","type":"product","link":"https:\/\/roveyayinevi.com.tr\/index.php\/urun\/mechule-giden-yolcu\/","title":{"rendered":"Me\u00e7hule Giden Yolcu"},"content":{"rendered":"<p>&#8220;O ana kadar hi\u00e7bir \u015fey d\u00fc\u015f\u00fcnemiyordum, sadece trenin kalk\u0131\u015f sesine odaklanm\u0131\u015ft\u0131m. Belki bir milyon defa Allah&#8217;\u0131n ad\u0131n\u0131 anm\u0131\u015f\u0131md\u0131r. Bir milyon kere de Kerbela&#8217;ya yalvarm\u0131\u015f\u0131md\u0131r. Ayetler okuyorum, Kuran okuyorum, &#8220;Allah\u0131m,&#8221; diyorum, &#8220;kendimi sana emanet ettim, darday\u0131m.&#8221; Akl\u0131ma ne geldiyse s\u00f6yl\u00fcyorum, yalvar\u0131yorum.Tren bu arada yava\u015f yava\u015f, tak tak diye hareket edip yol almaya ba\u015fl\u0131yor. T\u0131k t\u0131k t\u0131k t\u0131k diye h\u0131zlan\u0131yor. Bir be\u015f dakika daha ge\u00e7ti, nihayet kapak a\u00e7\u0131ld\u0131. Arap\u00e7a ba\u011f\u0131r\u0131yorlar: \u201cHuna polis, huna polis.\u201c Tak tak vuruyorlar bazan\u0131n kapa\u011f\u0131na. Hasan abi beni akl\u0131nca korkutuyor. Ama ben o oldu\u011funu biliyorum, \u00e7\u00fcnk\u00fc T\u00fcrklerin dilinde Arap\u00e7a aksan\u0131 tan\u0131yorum hemen. Bu sefer Arap\u00e7a &#8220;Yallah yallah inzilo\u201c diye ba\u011f\u0131rmaya ba\u015fl\u0131yor. &#8216;Yakalad\u0131k seni&#8217; anlam\u0131nda.Kapa\u011f\u0131 a\u00e7t\u0131, bana bakt\u0131, dedi: \u201cNe olmu\u015f sana, sen \u00f6ld\u00fcn m\u00fc?\u201c Su i\u00e7indeyim, o kadar terlemi\u015fim ki, &#8220;Bana bir bardak su ver,&#8221; dedim. Getirdi, i\u00e7tim, idrar ihtiyac\u0131m geldi\u011fi gibi kaybolmu\u015ftu. Fakat ter i\u00e7indeyim, oldu\u011fum yerde t\u00fcm v\u00fccudum ter d\u00f6km\u00fc\u015f. &#8220;Hadi g\u00f6z\u00fcn ayd\u0131n, Suriye topraklar\u0131nday\u0131z. Korkuya hacet kalmad\u0131&#8230;&#8221;Berlin T\u00fcrkmen Cephesi\u2018nin en \u00f6nde gelen isimlerinden biri olan Ganim Authman&#8217;\u0131n etkileyici ya\u015fam hikayesi, yine Berlinli olan yazar Defne Seidel&#8217;in usta kalemi ile, bir solukta okunacak bir biyografik romana d\u00f6n\u00fc\u015fm\u00fc\u015f\u2026<\/p>\n","protected":false},"excerpt":{"rendered":"<p>&#8220;O ana kadar hi\u00e7bir \u015fey d\u00fc\u015f\u00fcnemiyordum, sadece trenin kalk\u0131\u015f sesine odaklanm\u0131\u015ft\u0131m. Belki bir milyon defa Allah&#8217;\u0131n ad\u0131n\u0131 anm\u0131\u015f\u0131md\u0131r. Bir milyon kere de Kerbela&#8217;ya yalvarm\u0131\u015f\u0131md\u0131r. Ayetler okuyorum,<span class=\"excerpt-hellip\"> [\u2026]<\/span><\/p>\n","protected":false},"featured_media":0,"template":"","meta":{"_monsterinsights_skip_tracking":false,"_monsterinsights_sitenote_active":false,"_monsterinsights_sitenote_note":"","_monsterinsights_sitenote_category":0},"product_brand":[],"product_cat":[14009,12291],"product_tag":[],"class_list":{"0":"post-730095","1":"product","2":"type-product","3":"status-publish","5":"product_cat-biyografi-otobiyografi-edebiyat","6":"product_cat-edebiyat","7":"pa_cilt-ciltsiz","8":"pa_tur-kitap","9":"pa_yayinevi-herdem-kitap","10":"pa_yazar-defne-seidel","12":"first","13":"instock","14":"sale","15":"shipping-taxable","16":"purchasable","17":"product-type-simple"},"_links":{"self":[{"href":"https:\/\/roveyayinevi.com.tr\/index.php\/wp-json\/wp\/v2\/product\/730095","targetHints":{"allow":["GET"]}}],"collection":[{"href":"https:\/\/roveyayinevi.com.tr\/index.php\/wp-json\/wp\/v2\/product"}],"about":[{"href":"https:\/\/roveyayinevi.com.tr\/index.php\/wp-json\/wp\/v2\/types\/product"}],"wp:attachment":[{"href":"https:\/\/roveyayinevi.com.tr\/index.php\/wp-json\/wp\/v2\/media?parent=730095"}],"wp:term":[{"taxonomy":"product_brand","embeddable":true,"href":"https:\/\/roveyayinevi.com.tr\/index.php\/wp-json\/wp\/v2\/product_brand?post=730095"},{"taxonomy":"product_cat","embeddable":true,"href":"https:\/\/roveyayinevi.com.tr\/index.php\/wp-json\/wp\/v2\/product_cat?post=730095"},{"taxonomy":"product_tag","embeddable":true,"href":"https:\/\/roveyayinevi.com.tr\/index.php\/wp-json\/wp\/v2\/product_tag?post=730095"}],"curies":[{"name":"wp","href":"https:\/\/api.w.org\/{rel}","templated":true}]}}