{"id":730093,"date":"2025-08-27T21:08:24","date_gmt":"2025-08-27T18:08:24","guid":{"rendered":"https:\/\/roveyayinevi.com.tr\/index.php\/urun\/bir-bezelye-tanesi\/"},"modified":"2026-04-16T02:37:40","modified_gmt":"2026-04-15T23:37:40","slug":"bir-bezelye-tanesi","status":"publish","type":"product","link":"https:\/\/roveyayinevi.com.tr\/index.php\/urun\/bir-bezelye-tanesi\/","title":{"rendered":"Bir Bezelye Tanesi"},"content":{"rendered":"<p>En g\u00fczel ya\u015f\u0131mda, hayat\u0131n t\u00fcm g\u00fczelliklerini ya\u015fayaca\u011f\u0131m\u0131 d\u00fc\u015f\u00fcn\u00fcrken asl\u0131nda hayat\u0131n bana neler getirece\u011fini unutmu\u015fum. Hayat herkesi bir \u015feyler ile s\u0131narken beni de sa\u011fl\u0131\u011f\u0131mla s\u0131nama karar\u0131 vermi\u015f. Her g\u00fcn i\u00e7imi kemiren, beni yiyen bir d\u00fc\u015fmanla sava\u015fmam\u0131 istemi\u015f. Benim bu sava\u015fta yapacak hi\u00e7bir \u015feyim yok. Tek bildi\u011fim \u00e7ok sa\u011flam basmal\u0131 yere ayaklar\u0131m. Ve son nefesimi verene kadar sava\u015fmal\u0131y\u0131m bununla. Ve ya\u015f\u0131yorum, nefes al\u0131yorum. Sadece ya\u015famakla, var olmakla kalm\u0131yorum ama. Herkesin hayat\u0131na dokunmak istiyor, g\u00fc\u00e7l\u00fc yanlar\u0131n\u0131n fark\u0131nda olmalar\u0131n\u0131 diliyorum. Ben m\u00fccadele ediyorum. Hayattay\u0131m, Mutluyum, Umutluyum, Engelliyim, Ama \u00e7ok iyiyim&#8230; \u00c7\u00fcnk\u00fc ben: \u201cG\u00fc\u00e7l\u00fc Meltem!\u201d <\/p>\n","protected":false},"excerpt":{"rendered":"<p>En g\u00fczel ya\u015f\u0131mda, hayat\u0131n t\u00fcm g\u00fczelliklerini ya\u015fayaca\u011f\u0131m\u0131 d\u00fc\u015f\u00fcn\u00fcrken asl\u0131nda hayat\u0131n bana neler getirece\u011fini unutmu\u015fum. Hayat herkesi bir \u015feyler ile s\u0131narken beni de sa\u011fl\u0131\u011f\u0131mla s\u0131nama karar\u0131 vermi\u015f.<span class=\"excerpt-hellip\"> [\u2026]<\/span><\/p>\n","protected":false},"featured_media":0,"template":"","meta":{"_monsterinsights_skip_tracking":false,"_monsterinsights_sitenote_active":false,"_monsterinsights_sitenote_note":"","_monsterinsights_sitenote_category":0},"product_brand":[],"product_cat":[13701,12291],"product_tag":[],"class_list":{"0":"post-730093","1":"product","2":"type-product","3":"status-publish","5":"product_cat-ani-mektup-gunluk","6":"product_cat-edebiyat","7":"pa_cilt-ciltsiz","8":"pa_tur-kitap","9":"pa_yayinevi-luna-yayinlari","10":"pa_yazar-meltem-bilgin","12":"first","13":"instock","14":"sale","15":"shipping-taxable","16":"purchasable","17":"product-type-simple"},"_links":{"self":[{"href":"https:\/\/roveyayinevi.com.tr\/index.php\/wp-json\/wp\/v2\/product\/730093","targetHints":{"allow":["GET"]}}],"collection":[{"href":"https:\/\/roveyayinevi.com.tr\/index.php\/wp-json\/wp\/v2\/product"}],"about":[{"href":"https:\/\/roveyayinevi.com.tr\/index.php\/wp-json\/wp\/v2\/types\/product"}],"wp:attachment":[{"href":"https:\/\/roveyayinevi.com.tr\/index.php\/wp-json\/wp\/v2\/media?parent=730093"}],"wp:term":[{"taxonomy":"product_brand","embeddable":true,"href":"https:\/\/roveyayinevi.com.tr\/index.php\/wp-json\/wp\/v2\/product_brand?post=730093"},{"taxonomy":"product_cat","embeddable":true,"href":"https:\/\/roveyayinevi.com.tr\/index.php\/wp-json\/wp\/v2\/product_cat?post=730093"},{"taxonomy":"product_tag","embeddable":true,"href":"https:\/\/roveyayinevi.com.tr\/index.php\/wp-json\/wp\/v2\/product_tag?post=730093"}],"curies":[{"name":"wp","href":"https:\/\/api.w.org\/{rel}","templated":true}]}}