{"id":730092,"date":"2025-08-27T21:08:23","date_gmt":"2025-08-27T18:08:23","guid":{"rendered":"https:\/\/roveyayinevi.com.tr\/index.php\/urun\/dudaklarinda-mevsimler\/"},"modified":"2026-04-16T02:37:40","modified_gmt":"2026-04-15T23:37:40","slug":"dudaklarinda-mevsimler","status":"publish","type":"product","link":"https:\/\/roveyayinevi.com.tr\/index.php\/urun\/dudaklarinda-mevsimler\/","title":{"rendered":"Dudaklar\u0131nda Mevsimler"},"content":{"rendered":"<p>Dudaklar\u0131m\u0131zdan \u00e7\u0131kan s\u00f6zler i\u00e7imizi hem \u0131s\u0131tan hem de so\u011futan mevsimlere sebep olmaz m\u0131? Kelimeler hayat\u0131n belli ba\u015fl\u0131 yerlerine s\u0131ralan\u0131r. \u0130\u00e7imizi d\u00f6kt\u00fc\u011f\u00fcm\u00fcz g\u00fczel an\u0131lar\u0131 da savurur, gelecek mevsimler. Ya\u015fand\u0131k\u00e7a koyula\u015f\u0131r s\u0131fatlar. G\u00fcld\u00fck\u00e7e, keyif ald\u0131k\u00e7a, ya\u015fam\u0131n d\u00f6ng\u00fcs\u00fc pozitif olarak sunar m\u0131sralar\u0131n\u0131. Dizilen duygular kendili\u011finden \u015fiire d\u00f6n\u00fc\u015f\u00fcr. Tan\u0131d\u0131\u011f\u0131n ve tan\u0131mad\u0131\u011f\u0131n kalplere ula\u015f\u0131r tecr\u00fcbeler. Okunduk\u00e7a mutlulukla dolar i\u00e7imizdeki s\u0131zlayan mevsimler. Dudaklarda ba\u015flar t\u00fcm g\u00fczellikler. A\u015fkla, sevgiyle renklenir imgeler. Sevdik\u00e7e, nefes ald\u0131k\u00e7a eDudaklar\u0131m\u0131zdan \u00e7\u0131kan s\u00f6zler i\u00e7imizi hem \u0131s\u0131tan hem de so\u011futan mevsimlere sebep olmaz m\u0131? Kelimeler hayat\u0131n belli ba\u015fl\u0131 yerlerine s\u0131ralan\u0131r. \u0130\u00e7imizi d\u00f6kt\u00fc\u011f\u00fcm\u00fcz g\u00fczel an\u0131lar\u0131 da savurur, gelecek mevsimler. Ya\u015fand\u0131k\u00e7a koyula\u015f\u0131r s\u0131fatlar. G\u00fcld\u00fck\u00e7e, keyif ald\u0131k\u00e7a, ya\u015fam\u0131n d\u00f6ng\u00fcs\u00fc pozitif olarak sunar m\u0131sralar\u0131n\u0131. Dizilen duygular kendili\u011finden \u015fiire d\u00f6n\u00fc\u015f\u00fcr. Tan\u0131d\u0131\u011f\u0131n ve tan\u0131mad\u0131\u011f\u0131n kalplere ula\u015f\u0131r tecr\u00fcbeler. Okunduk\u00e7a mutlulukla dolar i\u00e7imizdeki s\u0131zlayan mevsimler. Dudaklarda ba\u015flar t\u00fcm g\u00fczellikler. A\u015fkla, sevgiyle renklenir imgeler. Sevdik\u00e7e, nefes ald\u0131k\u00e7a edebiyat\u0131n sokaklar\u0131nda gezinir \u00e7ocuklu\u011fum. Kahkahalar\u0131n\u0131 t\u00fcm dizelere atar durur. Buruk bir sevin\u00e7 bile olsa toplar onu samimiyet. Yakalar hayat t\u00fcm g\u00fczel olan her \u015feyi. \u0130ntikal etti\u011fim gecelere edebiyat s\u00f6ylenir. Mutluluk kalbe dokundu\u011fu zaman \u015fiirler dile gelir ve d\u00f6k\u00fclen mevsimler hecelere seslenir. Umut dolu kelimeler hayata renk verir. <\/p>\n","protected":false},"excerpt":{"rendered":"<p>Dudaklar\u0131m\u0131zdan \u00e7\u0131kan s\u00f6zler i\u00e7imizi hem \u0131s\u0131tan hem de so\u011futan mevsimlere sebep olmaz m\u0131? Kelimeler hayat\u0131n belli ba\u015fl\u0131 yerlerine s\u0131ralan\u0131r. \u0130\u00e7imizi d\u00f6kt\u00fc\u011f\u00fcm\u00fcz g\u00fczel an\u0131lar\u0131 da savurur, gelecek<span class=\"excerpt-hellip\"> [\u2026]<\/span><\/p>\n","protected":false},"featured_media":0,"template":"","meta":{"_monsterinsights_skip_tracking":false,"_monsterinsights_sitenote_active":false,"_monsterinsights_sitenote_note":"","_monsterinsights_sitenote_category":0},"product_brand":[],"product_cat":[12291,12509],"product_tag":[],"class_list":{"0":"post-730092","1":"product","2":"type-product","3":"status-publish","5":"product_cat-edebiyat","6":"product_cat-siir","7":"pa_cilt-ciltsiz","8":"pa_tur-kitap","9":"pa_yayinevi-luna-yayinlari","10":"pa_yazar-ufuk-sezer","12":"first","13":"instock","14":"sale","15":"shipping-taxable","16":"purchasable","17":"product-type-simple"},"_links":{"self":[{"href":"https:\/\/roveyayinevi.com.tr\/index.php\/wp-json\/wp\/v2\/product\/730092","targetHints":{"allow":["GET"]}}],"collection":[{"href":"https:\/\/roveyayinevi.com.tr\/index.php\/wp-json\/wp\/v2\/product"}],"about":[{"href":"https:\/\/roveyayinevi.com.tr\/index.php\/wp-json\/wp\/v2\/types\/product"}],"wp:attachment":[{"href":"https:\/\/roveyayinevi.com.tr\/index.php\/wp-json\/wp\/v2\/media?parent=730092"}],"wp:term":[{"taxonomy":"product_brand","embeddable":true,"href":"https:\/\/roveyayinevi.com.tr\/index.php\/wp-json\/wp\/v2\/product_brand?post=730092"},{"taxonomy":"product_cat","embeddable":true,"href":"https:\/\/roveyayinevi.com.tr\/index.php\/wp-json\/wp\/v2\/product_cat?post=730092"},{"taxonomy":"product_tag","embeddable":true,"href":"https:\/\/roveyayinevi.com.tr\/index.php\/wp-json\/wp\/v2\/product_tag?post=730092"}],"curies":[{"name":"wp","href":"https:\/\/api.w.org\/{rel}","templated":true}]}}