{"id":730087,"date":"2025-08-27T21:08:18","date_gmt":"2025-08-27T18:08:18","guid":{"rendered":"https:\/\/roveyayinevi.com.tr\/index.php\/urun\/dunya-hali\/"},"modified":"2026-04-16T02:37:40","modified_gmt":"2026-04-15T23:37:40","slug":"dunya-hali","status":"publish","type":"product","link":"https:\/\/roveyayinevi.com.tr\/index.php\/urun\/dunya-hali\/","title":{"rendered":"D\u00fcnya Hali"},"content":{"rendered":"<p>Tan\u0131nm\u0131\u015f psikiyatr ve yazar Engin Ge\u00e7tan\u2019\u0131n meslekta\u015f\u0131, \u00f6\u011frencisi ve dostu Timu\u00e7in Oral\u2019la birlikte haz\u0131rlay\u0131p sundu\u011fu D\u00fcnya Hali\u2019nin dinleyicisiyle bulu\u015fmas\u0131n\u0131n \u00fczerinden 20 y\u0131l ge\u00e7ti. Engin Ge\u00e7tan\u2019\u0131n Punta Arenas\u2019tan Kuzey buzullar\u0131na, Patagonya\u2019n\u0131n sonsuzlu\u011fundan Copacabana Plaj\u0131&#8217;n\u0131n dalga seslerine uzanan seyahatlerinden biriktirdikleri, hem T\u00fcrkiye&#8217;ye hem de d\u00fcnyaya dair alt\u0131n\u0131 \u00e7izdi\u011fi anekdotlar, 2000&#8217;li y\u0131llar\u0131n ba\u015f\u0131nda insanl\u0131\u011f\u0131n ve ya\u015famlar\u0131m\u0131z\u0131n geni\u015f perspektifli bir resmini \u00e7iziyor. Engin Ge\u00e7tan ve Timu\u00e7in Oral\u2019\u0131n dostlu\u011fu, belki de art\u0131k y\u00fcr\u00fcrl\u00fckte olmayan bir ileti\u015fim anlay\u0131\u015f\u0131na, birlikte \u00fcretmenin, d\u00fc\u015f\u00fcnmenin g\u00fcc\u00fcne, birbirinden sonsuzca \u00f6\u011frenmeye, hayat\u0131 kabul etmeye, ki\u015fisel ve toplumsal tarihimize, birey olmaya ve elbette, \u201cd\u00fcnyadaki meraks\u0131zl\u0131k sendromu\u201dna dair bize bug\u00fcn de \u00e7ok \u015fey s\u00f6yl\u00fcyor. D\u00fcnya Hali\u2019yle hem zamanda hem de kendi i\u00e7imizde \u00e7\u0131kt\u0131\u011f\u0131m\u0131z bu benzersiz yolculukta d\u00fcnyaya Engin Ge\u00e7tan\u2019\u0131n g\u00f6zleriyle bakmak, yarat\u0131c\u0131l\u0131\u011f\u0131n, d\u00fcnyaya inanman\u0131n ve co\u015fkuyla ya\u015faman\u0131n her ko\u015fulda m\u00fcmk\u00fcn oldu\u011funu g\u00f6steriyor bizlere. <\/p>\n","protected":false},"excerpt":{"rendered":"<p>Tan\u0131nm\u0131\u015f psikiyatr ve yazar Engin Ge\u00e7tan\u2019\u0131n meslekta\u015f\u0131, \u00f6\u011frencisi ve dostu Timu\u00e7in Oral\u2019la birlikte haz\u0131rlay\u0131p sundu\u011fu D\u00fcnya Hali\u2019nin dinleyicisiyle bulu\u015fmas\u0131n\u0131n \u00fczerinden 20 y\u0131l ge\u00e7ti. Engin Ge\u00e7tan\u2019\u0131n Punta<span class=\"excerpt-hellip\"> [\u2026]<\/span><\/p>\n","protected":false},"featured_media":0,"template":"","meta":{"_monsterinsights_skip_tracking":false,"_monsterinsights_sitenote_active":false,"_monsterinsights_sitenote_note":"","_monsterinsights_sitenote_category":0},"product_brand":[],"product_cat":[12291,30969],"product_tag":[],"class_list":{"0":"post-730087","1":"product","2":"type-product","3":"status-publish","5":"product_cat-edebiyat","6":"product_cat-soylesi-edebiyat","7":"pa_cilt-ciltsiz","8":"pa_tur-kitap","9":"pa_yayinevi-can-yayinlari","10":"pa_yazar-engin-gectan-timucin-oral","12":"first","13":"instock","14":"sale","15":"shipping-taxable","16":"purchasable","17":"product-type-simple"},"_links":{"self":[{"href":"https:\/\/roveyayinevi.com.tr\/index.php\/wp-json\/wp\/v2\/product\/730087","targetHints":{"allow":["GET"]}}],"collection":[{"href":"https:\/\/roveyayinevi.com.tr\/index.php\/wp-json\/wp\/v2\/product"}],"about":[{"href":"https:\/\/roveyayinevi.com.tr\/index.php\/wp-json\/wp\/v2\/types\/product"}],"wp:attachment":[{"href":"https:\/\/roveyayinevi.com.tr\/index.php\/wp-json\/wp\/v2\/media?parent=730087"}],"wp:term":[{"taxonomy":"product_brand","embeddable":true,"href":"https:\/\/roveyayinevi.com.tr\/index.php\/wp-json\/wp\/v2\/product_brand?post=730087"},{"taxonomy":"product_cat","embeddable":true,"href":"https:\/\/roveyayinevi.com.tr\/index.php\/wp-json\/wp\/v2\/product_cat?post=730087"},{"taxonomy":"product_tag","embeddable":true,"href":"https:\/\/roveyayinevi.com.tr\/index.php\/wp-json\/wp\/v2\/product_tag?post=730087"}],"curies":[{"name":"wp","href":"https:\/\/api.w.org\/{rel}","templated":true}]}}