{"id":730086,"date":"2025-08-27T21:08:17","date_gmt":"2025-08-27T18:08:17","guid":{"rendered":"https:\/\/roveyayinevi.com.tr\/index.php\/urun\/darwin-hackleniyor-genetik-muhendislik-ve-insanligin-gelecegi\/"},"modified":"2026-04-16T02:37:40","modified_gmt":"2026-04-15T23:37:40","slug":"darwin-hackleniyor-genetik-muhendislik-ve-insanligin-gelecegi","status":"publish","type":"product","link":"https:\/\/roveyayinevi.com.tr\/index.php\/urun\/darwin-hackleniyor-genetik-muhendislik-ve-insanligin-gelecegi\/","title":{"rendered":"Darwin Hack&#8217;leniyor: Genetik M\u00fchendislik ve \u0130nsanl\u0131\u011f\u0131n Gelece\u011fi"},"content":{"rendered":"<p>Genetik devrimin \u015fafa\u011f\u0131nda, DNA\u2019m\u0131z t\u0131pk\u0131 bilgi teknolojimiz gibi okunabilir, yaz\u0131labilir ve hack\u2019lenebilir hale geliyor. Ancak insanl\u0131k olarak kendi genetik kodumuzu yeniden d\u00fczenlemeye ba\u015flad\u0131\u011f\u0131m\u0131zda; insan refah\u0131nda nefes kesici ilerlemeleri ger\u00e7ekle\u015ftirmek ile tehlikeli ve potansiyel olarak \u00f6l\u00fcmc\u00fcl bir genetik silahlanma yar\u0131\u015f\u0131na inmek aras\u0131ndaki fark\u0131 belirleyen, bug\u00fcn yapt\u0131\u011f\u0131m\u0131z se\u00e7imler olacak.   Biliminsanlar\u0131n\u0131n bilimkurguyu ger\u00e7e\u011fe d\u00f6n\u00fc\u015ft\u00fcrd\u00fc\u011f\u00fc laboratuvarlara girin. En derin inan\u00e7lar\u0131n, eti\u011fin ve politikan\u0131n daha \u00f6nce hi\u00e7 olmad\u0131\u011f\u0131 kadar zorland\u0131\u011f\u0131 ve insan olman\u0131n ne anlama geldi\u011finin sorguland\u0131\u011f\u0131 bir gelece\u011fe bak\u0131n. \u00c7ocuklar\u0131m\u0131z\u0131 tasarlayabilecek, \u00f6m\u00fcrlerimizi b\u00fcy\u00fck \u00f6l\u00e7\u00fcde uzatabilecek, hayat\u0131 yeniden s\u0131f\u0131rdan in\u015fa edebilecek, bitki ve hayvan d\u00fcnyas\u0131n\u0131 yeniden yaratabilecek m\u00fchendisli\u011fe eri\u015fti\u011fimiz zaman geriye tek bir soru kalacak: T\u00fcm bunlar\u0131 ger\u00e7ekten yapmal\u0131 m\u0131y\u0131z?   Darwin Hack\u2019leniyor, okuru genetik m\u00fchendisli\u011finin bir\u00e7ok a\u00e7\u0131dan hayat\u0131m\u0131z\u0131n esas temellerini \u2013seks, sava\u015f, a\u015fk ve \u00f6l\u00fcm\u2013 derinden sarsan bir ke\u015ffe davet ediyor.  <\/p>\n","protected":false},"excerpt":{"rendered":"<p>Genetik devrimin \u015fafa\u011f\u0131nda, DNA\u2019m\u0131z t\u0131pk\u0131 bilgi teknolojimiz gibi okunabilir, yaz\u0131labilir ve hack\u2019lenebilir hale geliyor. Ancak insanl\u0131k olarak kendi genetik kodumuzu yeniden d\u00fczenlemeye ba\u015flad\u0131\u011f\u0131m\u0131zda; insan refah\u0131nda nefes<span class=\"excerpt-hellip\"> [\u2026]<\/span><\/p>\n","protected":false},"featured_media":0,"template":"","meta":{"_monsterinsights_skip_tracking":false,"_monsterinsights_sitenote_active":false,"_monsterinsights_sitenote_note":"","_monsterinsights_sitenote_category":0},"product_brand":[],"product_cat":[13005,38128],"product_tag":[],"class_list":{"0":"post-730086","1":"product","2":"type-product","3":"status-publish","5":"product_cat-bilim-muhendislik","6":"product_cat-tip-bilimleri","7":"pa_cilt-ciltsiz","8":"pa_tur-kitap","9":"pa_yayinevi-tellekt","10":"pa_yazar-jamie-metzl","12":"first","13":"instock","14":"sale","15":"shipping-taxable","16":"purchasable","17":"product-type-simple"},"_links":{"self":[{"href":"https:\/\/roveyayinevi.com.tr\/index.php\/wp-json\/wp\/v2\/product\/730086","targetHints":{"allow":["GET"]}}],"collection":[{"href":"https:\/\/roveyayinevi.com.tr\/index.php\/wp-json\/wp\/v2\/product"}],"about":[{"href":"https:\/\/roveyayinevi.com.tr\/index.php\/wp-json\/wp\/v2\/types\/product"}],"wp:attachment":[{"href":"https:\/\/roveyayinevi.com.tr\/index.php\/wp-json\/wp\/v2\/media?parent=730086"}],"wp:term":[{"taxonomy":"product_brand","embeddable":true,"href":"https:\/\/roveyayinevi.com.tr\/index.php\/wp-json\/wp\/v2\/product_brand?post=730086"},{"taxonomy":"product_cat","embeddable":true,"href":"https:\/\/roveyayinevi.com.tr\/index.php\/wp-json\/wp\/v2\/product_cat?post=730086"},{"taxonomy":"product_tag","embeddable":true,"href":"https:\/\/roveyayinevi.com.tr\/index.php\/wp-json\/wp\/v2\/product_tag?post=730086"}],"curies":[{"name":"wp","href":"https:\/\/api.w.org\/{rel}","templated":true}]}}