{"id":730085,"date":"2025-08-27T21:08:16","date_gmt":"2025-08-27T18:08:16","guid":{"rendered":"https:\/\/roveyayinevi.com.tr\/index.php\/urun\/hunlar-hakani-attila\/"},"modified":"2026-04-16T02:37:40","modified_gmt":"2026-04-15T23:37:40","slug":"hunlar-hakani-attila","status":"publish","type":"product","link":"https:\/\/roveyayinevi.com.tr\/index.php\/urun\/hunlar-hakani-attila\/","title":{"rendered":"Hunlar Hakani Attila"},"content":{"rendered":"<p>D\u00fcnya tarihinin en b\u00fcy\u00fck komutanlar\u0131n\u0131 t\u00fcm y\u00f6nleriyle inceleyen OSPREY B\u00fcy\u00fck Komutanlar Serisi, Hunlar Hakan\u0131 Attila ile devam ediyor\u2026Hunlar Hakan\u0131 Attila, tarihin en simgesel \u015fahsiyetlerinden biridir; \u00f6yle ki miras\u0131 ve nam\u0131 g\u00fcn\u00fcm\u00fczde dahi hayal g\u00fcc\u00fcn\u00fc harekete ge\u00e7irebiliyor. Genel kan\u0131, onun gelmi\u015f ge\u00e7mi\u015f en etkili komutanlardan biri oldu\u011fu y\u00f6n\u00fcndedir. Gelgelelim, Attila\u2019n\u0131n efsanevi seferlerinin ard\u0131ndaki ger\u00e7eklere dair tam olarak ne biliyoruz? O, MS 430\u2019lar\u0131n sonlar\u0131ndan \u00f6ld\u00fc\u011f\u00fc y\u0131l olan 453\u2019e kadar Roma \u0130mparatorlu\u011fu\u2019nun \u00f6nce do\u011fu, sonra da bat\u0131 yar\u0131lar\u0131n\u0131 tarumar etmi\u015fti. Hatta 452 y\u0131l\u0131ndaki seferde bizzat \u0130talya\u2019y\u0131 hedef alm\u0131\u015f ve ebedi \u015fehir Roma\u2019y\u0131 tehdit alt\u0131nda b\u0131rakm\u0131\u015ft\u0131. Zengin bir g\u00f6rsel malzemeyle desteklenen bu yeni kitap, Hunlar Hakan\u0131\u2019n\u0131 etraf\u0131n\u0131 \u00e7evreleyen efsaneleri aralayarak analiz ediyor ve Avrupa\u2019y\u0131 bir u\u00e7tan \u00f6b\u00fcr\u00fcne silip s\u00fcp\u00fcrmeyi nas\u0131l ba\u015farabildi\u011fini a\u00e7\u0131kl\u0131\u011fa kavu\u015fturuyor. Attila\u2019n\u0131n getirdi\u011fi yenilikler ile verdi\u011fi sava\u015flar, ya\u015fad\u0131\u011f\u0131 pek az yenilgiden biri olan MS 451\u2019deki Chalons muharebesi de dahil, masaya yat\u0131r\u0131l\u0131yor. Elinizde tuttu\u011funuz, Attila\u2019n\u0131n ola\u011fan\u00fcst\u00fc fetihlerinin ve onun bu denli geni\u015f bir imparatorluk kurabilmesini sa\u011flayan kabiliyetlerinin eksiksiz bir hikayesidir. Salt kurucusunun iradesine ba\u011fl\u0131 bu imparatorluk, Attila sahneyi terk edince ayakta duramay\u0131p da\u011f\u0131lm\u0131\u015ft\u0131r.<\/p>\n","protected":false},"excerpt":{"rendered":"<p>D\u00fcnya tarihinin en b\u00fcy\u00fck komutanlar\u0131n\u0131 t\u00fcm y\u00f6nleriyle inceleyen OSPREY B\u00fcy\u00fck Komutanlar Serisi, Hunlar Hakan\u0131 Attila ile devam ediyor\u2026Hunlar Hakan\u0131 Attila, tarihin en simgesel \u015fahsiyetlerinden biridir; \u00f6yle<span class=\"excerpt-hellip\"> [\u2026]<\/span><\/p>\n","protected":false},"featured_media":0,"template":"","meta":{"_monsterinsights_skip_tracking":false,"_monsterinsights_sitenote_active":false,"_monsterinsights_sitenote_note":"","_monsterinsights_sitenote_category":0},"product_brand":[],"product_cat":[13946,12304],"product_tag":[],"class_list":{"0":"post-730085","1":"product","2":"type-product","3":"status-publish","5":"product_cat-biyografi-otobiyografi","6":"product_cat-tarih","7":"pa_cilt-ciltsiz","8":"pa_tur-kitap","9":"pa_yayinevi-kronik-kitap","10":"pa_yazar-nic-fields","12":"first","13":"instock","14":"sale","15":"shipping-taxable","16":"purchasable","17":"product-type-simple"},"_links":{"self":[{"href":"https:\/\/roveyayinevi.com.tr\/index.php\/wp-json\/wp\/v2\/product\/730085","targetHints":{"allow":["GET"]}}],"collection":[{"href":"https:\/\/roveyayinevi.com.tr\/index.php\/wp-json\/wp\/v2\/product"}],"about":[{"href":"https:\/\/roveyayinevi.com.tr\/index.php\/wp-json\/wp\/v2\/types\/product"}],"wp:attachment":[{"href":"https:\/\/roveyayinevi.com.tr\/index.php\/wp-json\/wp\/v2\/media?parent=730085"}],"wp:term":[{"taxonomy":"product_brand","embeddable":true,"href":"https:\/\/roveyayinevi.com.tr\/index.php\/wp-json\/wp\/v2\/product_brand?post=730085"},{"taxonomy":"product_cat","embeddable":true,"href":"https:\/\/roveyayinevi.com.tr\/index.php\/wp-json\/wp\/v2\/product_cat?post=730085"},{"taxonomy":"product_tag","embeddable":true,"href":"https:\/\/roveyayinevi.com.tr\/index.php\/wp-json\/wp\/v2\/product_tag?post=730085"}],"curies":[{"name":"wp","href":"https:\/\/api.w.org\/{rel}","templated":true}]}}