{"id":730082,"date":"2025-08-27T21:08:14","date_gmt":"2025-08-27T18:08:14","guid":{"rendered":"https:\/\/roveyayinevi.com.tr\/index.php\/urun\/roma-imparatorlari-cilt-2\/"},"modified":"2026-04-16T02:37:40","modified_gmt":"2026-04-15T23:37:40","slug":"roma-imparatorlari-cilt-2","status":"publish","type":"product","link":"https:\/\/roveyayinevi.com.tr\/index.php\/urun\/roma-imparatorlari-cilt-2\/","title":{"rendered":"Roma \u0130mparatorlari (Cilt 2)"},"content":{"rendered":"<p>\u00c7ARPICI YA\u015eAMLARIYLAROMA \u0130MPARATORLARI\u2026T\u00fcrkiye\u2019de ilk defa tamam\u0131 yay\u0131nlanacak olan Historia Augusta\u2019n\u0131n ikinci cildi, daha \u00f6nce oldu\u011fu gibi Samet \u00d6zg\u00fcler taraf\u0131ndan dilimize kazand\u0131r\u0131ld\u0131. Bu cilt, MS 211 y\u0131l\u0131nda tahta ge\u00e7en Caracalla ile ba\u015fl\u0131yor ve 244 y\u0131l\u0131nda b\u00fcy\u00fck ihtimalle tahtta g\u00f6z\u00fc olan bir di\u011fer aday taraf\u0131ndan \u00f6ld\u00fcr\u00fclen III. Gordianus ile son buluyor.Roma imparatorlar\u0131 hakk\u0131ndaki say\u0131l\u0131 Latince kaynaktan biri olan Historia Augusta, asker\u00ee anar\u015finin gitgide daha \u00e7ok h\u00e2kim oldu\u011fu, imparatorluk topraklar\u0131n\u0131n neredeyse tamam\u0131nda ya\u015fanan ve hissedilen b\u00fcy\u00fck kriz ortam\u0131n\u0131n ve d\u0131\u015f sald\u0131r\u0131lar\u0131n Roma\u2019y\u0131 k\u00f6t\u00fc bir sona s\u00fcr\u00fckledi\u011fi d\u00f6neme dair elimizdeki nadir kaynaklardan biri olmas\u0131 ve s\u00f6z konusu imparatorlar\u0131n hayatlar\u0131na dair neredeyse tek kaynak olmas\u0131 sebebiyle tarihi \u00f6nemini as\u0131rlard\u0131r muhafaza ediyor. Okuyucular metin boyunca \u00e7o\u011fu zaman di\u011fer kaynaklarla kar\u015f\u0131la\u015ft\u0131rma yap\u0131p do\u011fru olmas\u0131 en y\u00fcksek ihtimal bilgiye eri\u015fme \u015fans\u0131na sahip olacakken \u00f6te yandan zaman zaman kendi mant\u0131klar\u0131yla kalacak ve olaylar\u0131 bu do\u011frultuda de\u011ferlendirecektir. Neredeyse b\u00fct\u00fcn di\u011fer Eski \u00c7a\u011f Tarihi kaynaklar\u0131nda olan bu durumun biyografilerde daha da \u00f6ne \u00e7\u0131kmas\u0131, belki de Historia Augusta\u2019y\u0131 \u00e7ok daha ilgin\u00e7 ve \u00e7ekici k\u0131lan hususlardan biridir.Bu ciltte okuyucular Antoninus Caracalla, Antoninus Geta, Opellius Macrinus, Antoninus Diadumenianus, Antoninus Elagabalus, Severus Alexander, I. Maximinus, II. Maximinus, I. Gordianus, II. Gordianus, III. Gordianus, Maximus ve Balbinus gibi Roma imparatorlar\u0131 hakk\u0131nda \u00e7arp\u0131c\u0131 bilgiler \u00f6\u011frenebilecekler.Roma \u0130mparatorlar\u0131, birbirinden \u00e7arp\u0131c\u0131 ya\u015fam \u00f6yk\u00fcleriyle tarihi karakterlere ilgi duyan herkesin ba\u015f ucu eseri\u2026<\/p>\n","protected":false},"excerpt":{"rendered":"<p>\u00c7ARPICI YA\u015eAMLARIYLAROMA \u0130MPARATORLARI\u2026T\u00fcrkiye\u2019de ilk defa tamam\u0131 yay\u0131nlanacak olan Historia Augusta\u2019n\u0131n ikinci cildi, daha \u00f6nce oldu\u011fu gibi Samet \u00d6zg\u00fcler taraf\u0131ndan dilimize kazand\u0131r\u0131ld\u0131. Bu cilt, MS 211 y\u0131l\u0131nda<span class=\"excerpt-hellip\"> [\u2026]<\/span><\/p>\n","protected":false},"featured_media":0,"template":"","meta":{"_monsterinsights_skip_tracking":false,"_monsterinsights_sitenote_active":false,"_monsterinsights_sitenote_note":"","_monsterinsights_sitenote_category":0},"product_brand":[],"product_cat":[12312,12304],"product_tag":[],"class_list":{"0":"post-730082","1":"product","2":"type-product","3":"status-publish","5":"product_cat-diger","6":"product_cat-tarih","7":"pa_cilt-ciltsiz","8":"pa_tur-kitap","9":"pa_yayinevi-kronik-kitap","10":"pa_yazar-historia-augusta","12":"first","13":"instock","14":"sale","15":"shipping-taxable","16":"purchasable","17":"product-type-simple"},"_links":{"self":[{"href":"https:\/\/roveyayinevi.com.tr\/index.php\/wp-json\/wp\/v2\/product\/730082","targetHints":{"allow":["GET"]}}],"collection":[{"href":"https:\/\/roveyayinevi.com.tr\/index.php\/wp-json\/wp\/v2\/product"}],"about":[{"href":"https:\/\/roveyayinevi.com.tr\/index.php\/wp-json\/wp\/v2\/types\/product"}],"wp:attachment":[{"href":"https:\/\/roveyayinevi.com.tr\/index.php\/wp-json\/wp\/v2\/media?parent=730082"}],"wp:term":[{"taxonomy":"product_brand","embeddable":true,"href":"https:\/\/roveyayinevi.com.tr\/index.php\/wp-json\/wp\/v2\/product_brand?post=730082"},{"taxonomy":"product_cat","embeddable":true,"href":"https:\/\/roveyayinevi.com.tr\/index.php\/wp-json\/wp\/v2\/product_cat?post=730082"},{"taxonomy":"product_tag","embeddable":true,"href":"https:\/\/roveyayinevi.com.tr\/index.php\/wp-json\/wp\/v2\/product_tag?post=730082"}],"curies":[{"name":"wp","href":"https:\/\/api.w.org\/{rel}","templated":true}]}}