{"id":730081,"date":"2025-08-27T21:08:14","date_gmt":"2025-08-27T18:08:14","guid":{"rendered":"https:\/\/roveyayinevi.com.tr\/index.php\/urun\/hikemul-ataiyye\/"},"modified":"2026-04-16T02:37:40","modified_gmt":"2026-04-15T23:37:40","slug":"hikemul-ataiyye","status":"publish","type":"product","link":"https:\/\/roveyayinevi.com.tr\/index.php\/urun\/hikemul-ataiyye\/","title":{"rendered":"Hikem\u00fc\u2019l Ataiyye"},"content":{"rendered":"<p>At\u00e2ullah \u0130skender\u00ee Tasavvuf d\u00fcnyas\u0131n\u0131n en \u015f\u00f6hretli simalar\u0131ndan birisi. Y\u00fczlerce hikmetli s\u00f6z\u00fc yan\u0131 s\u0131ra, muhtelif ki\u015filere yazd\u0131\u011f\u0131 baz\u0131 mektuplardan par\u00e7alar her devirde ilgi g\u00f6rm\u00fc\u015ft\u00fcr. Sonundaki m\u00fcnacaatla ta\u00e7lanan Hikem\u00fc\u2019l-At\u00e2iyye, \u00f6nemli bir tasavvuf klasi\u011fi olarak kabul edilir. \u0130bn At\u00e2ullah\u2019\u0131n, m\u00fcr\u015fidi Ebu\u2019l-Abbas el-M\u00fcrs\u00ee\u2019ye takdim etti\u011fi eserde tasavvuf\u00ee hayat ve d\u00fc\u015f\u00fcncenin en tart\u0131\u015fmal\u0131 konular\u0131 \u00e7ok dikkatli bir \u00fcsl\u00fbpla \u00f6zl\u00fc bir \u015fekilde anlat\u0131lm\u0131\u015ft\u0131r. Eserde kulluk ve dervi\u015flik psikolojisinin son derece g\u00fc\u00e7l\u00fc bir \u00fcsl\u00fbpla \u00f6zetlenmesi sebebiyle daha sonraki y\u00fczy\u0131llarda s\u00fbf\u00eeler aras\u0131nda, \u201cNamazda Kur\u2019\u00e2n\u2019dan ba\u015fka bir kitap okumak c\u00e2iz olsayd\u0131 el-Hikem okunurdu\u201d s\u00f6z\u00fc yayg\u0131nl\u0131k kazanm\u0131\u015ft\u0131r. Eser, tasavvuf\u00ee yorum ve hikmetleri y\u00fcksek edeb\u00ee bir \u00fcsl\u00fbp ile i\u015flemesi sebebiyle y\u00fczy\u0131llard\u0131r okunmaya, \u015ferh edilmeye ve defalarca farkl\u0131 \u00e7evirilerle farkl\u0131 dillerde yay\u0131nlanmaya devam eder.  Osmanl\u0131 son d\u00f6neminde pek \u00e7ok g\u00f6rev \u00fcstlenmi\u015f ve Meclis-i Me\u015f\u00e2yih reisli\u011fi makam\u0131nda oturmu\u015f olan Saffet Yetkin\u2019in terc\u00fcmesi, benzerlerinden bir ad\u0131m \u00f6ndedir. Ald\u0131\u011f\u0131 tasavvuf\u00ee terbiye, kem\u00e2lat ve medrese ilimlerini birle\u015ftiren ve entelekt\u00fcel bir ki\u015filik olan Yetkin, bu eseri vefat\u0131ndan hemen \u00f6nce, 1950 y\u0131l\u0131nda bitirmi\u015f ve yay\u0131nlam\u0131\u015ft\u0131r. Hikem\u00fc\u2019l-At\u00e2iyye, bu yay\u0131nla daha kolay anla\u015f\u0131lmas\u0131 i\u00e7in yer yer sadele\u015ftirilmi\u015f ve tasavvufa ilgili okurlar\u0131n daha rahat kavrayabilece\u011fi bir k\u0131vama getirilmi\u015ftir\u2026 <\/p>\n","protected":false},"excerpt":{"rendered":"<p>At\u00e2ullah \u0130skender\u00ee Tasavvuf d\u00fcnyas\u0131n\u0131n en \u015f\u00f6hretli simalar\u0131ndan birisi. Y\u00fczlerce hikmetli s\u00f6z\u00fc yan\u0131 s\u0131ra, muhtelif ki\u015filere yazd\u0131\u011f\u0131 baz\u0131 mektuplardan par\u00e7alar her devirde ilgi g\u00f6rm\u00fc\u015ft\u00fcr. Sonundaki m\u00fcnacaatla ta\u00e7lanan<span class=\"excerpt-hellip\"> [\u2026]<\/span><\/p>\n","protected":false},"featured_media":0,"template":"","meta":{"_monsterinsights_skip_tracking":false,"_monsterinsights_sitenote_active":false,"_monsterinsights_sitenote_note":"","_monsterinsights_sitenote_category":0},"product_brand":[],"product_cat":[12718,12719,15238],"product_tag":[],"class_list":{"0":"post-730081","1":"product","2":"type-product","3":"status-publish","5":"product_cat-din","6":"product_cat-islam","7":"product_cat-tasavvuf","8":"pa_cilt-ciltsiz","9":"pa_tur-kitap","10":"pa_yayinevi-kapi-yayinlari","11":"pa_yazar-kapi-yayinlari-kolektif","13":"first","14":"instock","15":"sale","16":"shipping-taxable","17":"purchasable","18":"product-type-simple"},"_links":{"self":[{"href":"https:\/\/roveyayinevi.com.tr\/index.php\/wp-json\/wp\/v2\/product\/730081","targetHints":{"allow":["GET"]}}],"collection":[{"href":"https:\/\/roveyayinevi.com.tr\/index.php\/wp-json\/wp\/v2\/product"}],"about":[{"href":"https:\/\/roveyayinevi.com.tr\/index.php\/wp-json\/wp\/v2\/types\/product"}],"wp:attachment":[{"href":"https:\/\/roveyayinevi.com.tr\/index.php\/wp-json\/wp\/v2\/media?parent=730081"}],"wp:term":[{"taxonomy":"product_brand","embeddable":true,"href":"https:\/\/roveyayinevi.com.tr\/index.php\/wp-json\/wp\/v2\/product_brand?post=730081"},{"taxonomy":"product_cat","embeddable":true,"href":"https:\/\/roveyayinevi.com.tr\/index.php\/wp-json\/wp\/v2\/product_cat?post=730081"},{"taxonomy":"product_tag","embeddable":true,"href":"https:\/\/roveyayinevi.com.tr\/index.php\/wp-json\/wp\/v2\/product_tag?post=730081"}],"curies":[{"name":"wp","href":"https:\/\/api.w.org\/{rel}","templated":true}]}}