{"id":730078,"date":"2025-08-27T21:08:10","date_gmt":"2025-08-27T18:08:10","guid":{"rendered":"https:\/\/roveyayinevi.com.tr\/index.php\/urun\/saatler-3\/"},"modified":"2026-02-03T02:53:39","modified_gmt":"2026-02-02T23:53:39","slug":"saatler-3","status":"publish","type":"product","link":"https:\/\/roveyayinevi.com.tr\/index.php\/urun\/saatler-3\/","title":{"rendered":"Saatler"},"content":{"rendered":"<p>\u201cBir saati gizlemek i\u00e7in en iyi yol neydi? Ba\u015fka bir saat!\u201dDaha \u00f6nce renklerin, fontlar\u0131n, haritalar\u0131n, insanlar\u0131n kulland\u0131\u011f\u0131 en eski ileti\u015fim y\u00f6ntemi olan mektuplar\u0131n tarihini yazan ve her kitab\u0131nda beklenmedik, \u015fa\u015f\u0131rt\u0131c\u0131 konulara e\u011filen tan\u0131nm\u0131\u015f gazeteci yazar Simon Garfield bu kez zaman kavram\u0131na dair tutkumuzu mercek alt\u0131na al\u0131yor.Otomobil fabrikalar\u0131ndan saat ustalar\u0131n\u0131n tezg\u00e2hlar\u0131na, sanat eserlerinden film rulolar\u0131na, m\u00fczik st\u00fcdyolar\u0131ndan \u015fehir merkezlerindeki yap\u0131lara kadar hayat\u0131m\u0131z\u0131n her alan\u0131nda zaman\u0131n k\u0131s\u0131tl\u0131 \u00e7er\u00e7evesi i\u00e7inde ya\u015f\u0131yoruz. Bu \u00e7er\u00e7evenin d\u0131\u015f\u0131na \u00e7\u0131kmam\u0131z\u0131n \u015fimdilik bir yolu yok gibi g\u00f6r\u00fcn\u00fcyor. Ne var ki kimileri alternatif takvimler, on-saatlik kadranlar ya da bundan binlerce y\u0131l sonra \u00e7alacak saatlerle bu s\u0131n\u0131rlar\u0131 zorlaman\u0131n pe\u015finde.Zamanla ilgili tak\u0131nt\u0131lar\u0131m\u0131z\u0131n oldu\u011fu ortada. S\u00fcrekli olarak onu \u00f6l\u00e7meye, kontrol etmeye, satmaya, filme almaya, \u00f6l\u00fcms\u00fczle\u015ftirmeye, en nihayetinde ona bir anlam vermeye \u00e7al\u0131\u015f\u0131yoruz. Saatler i\u015fte t\u00fcm bu \u00e7abalar\u0131m\u0131z\u0131n bir \u00f6zetini sunuyor.<\/p>\n","protected":false},"excerpt":{"rendered":"<p>\u201cBir saati gizlemek i\u00e7in en iyi yol neydi? Ba\u015fka bir saat!\u201dDaha \u00f6nce renklerin, fontlar\u0131n, haritalar\u0131n, insanlar\u0131n kulland\u0131\u011f\u0131 en eski ileti\u015fim y\u00f6ntemi olan mektuplar\u0131n tarihini yazan ve<span class=\"excerpt-hellip\"> [\u2026]<\/span><\/p>\n","protected":false},"featured_media":0,"template":"","meta":{"_monsterinsights_skip_tracking":false,"_monsterinsights_sitenote_active":false,"_monsterinsights_sitenote_note":"","_monsterinsights_sitenote_category":0},"product_brand":[],"product_cat":[13072,12291],"product_tag":[],"class_list":{"0":"post-730078","1":"product","2":"type-product","3":"status-publish","5":"product_cat-arastirma-inceleme-referans","6":"product_cat-edebiyat","7":"pa_cilt-ciltsiz","8":"pa_tur-kitap","9":"pa_yayinevi-turkuvaz-kitap","10":"pa_yazar-simon-garfield","12":"first","13":"instock","14":"sale","15":"shipping-taxable","16":"purchasable","17":"product-type-simple"},"_links":{"self":[{"href":"https:\/\/roveyayinevi.com.tr\/index.php\/wp-json\/wp\/v2\/product\/730078","targetHints":{"allow":["GET"]}}],"collection":[{"href":"https:\/\/roveyayinevi.com.tr\/index.php\/wp-json\/wp\/v2\/product"}],"about":[{"href":"https:\/\/roveyayinevi.com.tr\/index.php\/wp-json\/wp\/v2\/types\/product"}],"wp:attachment":[{"href":"https:\/\/roveyayinevi.com.tr\/index.php\/wp-json\/wp\/v2\/media?parent=730078"}],"wp:term":[{"taxonomy":"product_brand","embeddable":true,"href":"https:\/\/roveyayinevi.com.tr\/index.php\/wp-json\/wp\/v2\/product_brand?post=730078"},{"taxonomy":"product_cat","embeddable":true,"href":"https:\/\/roveyayinevi.com.tr\/index.php\/wp-json\/wp\/v2\/product_cat?post=730078"},{"taxonomy":"product_tag","embeddable":true,"href":"https:\/\/roveyayinevi.com.tr\/index.php\/wp-json\/wp\/v2\/product_tag?post=730078"}],"curies":[{"name":"wp","href":"https:\/\/api.w.org\/{rel}","templated":true}]}}