{"id":730077,"date":"2025-08-27T21:08:09","date_gmt":"2025-08-27T18:08:09","guid":{"rendered":"https:\/\/roveyayinevi.com.tr\/index.php\/urun\/28-subatin-psikolojik-etkileri\/"},"modified":"2026-04-16T02:37:40","modified_gmt":"2026-04-15T23:37:40","slug":"28-subatin-psikolojik-etkileri","status":"publish","type":"product","link":"https:\/\/roveyayinevi.com.tr\/index.php\/urun\/28-subatin-psikolojik-etkileri\/","title":{"rendered":"28 \u015eubat\u2019\u0131n Psikolojik Etkileri"},"content":{"rendered":"<p>Her darbe ayn\u0131 zamanda toplumsal bir travmad\u0131r. 28 \u015eubat darbesi ise etki alan\u0131 olduk\u00e7a geni\u015f, say\u0131lar\u0131 milyonlar\u0131 bulan insan\u0131n hayat\u0131nda travmatik sonu\u00e7lar\u0131 olan darbelerden biri\u202628 \u015eubat s\u00fcreci hakk\u0131nda yaz\u0131lan, s\u00f6ylenen bir\u00e7ok s\u00f6z oldu, aradan uzun y\u0131llar ge\u00e7ti. Bu konu hakk\u0131nda bir\u00e7ok farkl\u0131 \u00e7al\u0131\u015fma yap\u0131ld\u0131. Ancak h\u00e2l\u00e2 28 \u015eubat\u2019\u0131n psikolojik etkileri ve ya\u015fanan travmatik s\u00fcre\u00e7ler yeterince ve hakk\u0131nca konu\u015fulmad\u0131. \u00c7ok a\u00e7\u0131k ki bu s\u00fcre\u00e7, deneyimleyenleri a\u00e7\u0131s\u0131ndan etkileri h\u00e2l\u00e2 devam eden zor bir s\u00fcre\u00e7ti.Bu kitap 28 \u015eubat\u2019\u0131n bitmeyen karanl\u0131k g\u00fcnlerini ve en kitlesel zul\u00fcmlerinden biri olan ba\u015f\u00f6rt\u00fcs\u00fc yasa\u011f\u0131n\u0131, yasa\u011f\u0131n ba\u015f\u00f6rt\u00fcl\u00fc kad\u0131nlar\u0131 psikolojik a\u00e7\u0131dan nas\u0131l etkiledi\u011fini ele al\u0131yor. Bunu yaparken kad\u0131nlar\u0131n ne ya\u015fad\u0131klar\u0131ndan \u00e7ok ne hissetti\u011fine odaklan\u0131yor ve en \u00e7ok onlar\u0131n seslerine kulak vermeye \u00e7a\u011f\u0131r\u0131yor.<\/p>\n","protected":false},"excerpt":{"rendered":"<p>Her darbe ayn\u0131 zamanda toplumsal bir travmad\u0131r. 28 \u015eubat darbesi ise etki alan\u0131 olduk\u00e7a geni\u015f, say\u0131lar\u0131 milyonlar\u0131 bulan insan\u0131n hayat\u0131nda travmatik sonu\u00e7lar\u0131 olan darbelerden biri\u202628 \u015eubat<span class=\"excerpt-hellip\"> [\u2026]<\/span><\/p>\n","protected":false},"featured_media":0,"template":"","meta":{"_monsterinsights_skip_tracking":false,"_monsterinsights_sitenote_active":false,"_monsterinsights_sitenote_note":"","_monsterinsights_sitenote_category":0},"product_brand":[],"product_cat":[12370,12304],"product_tag":[],"class_list":{"0":"post-730077","1":"product","2":"type-product","3":"status-publish","5":"product_cat-arastirma-inceleme","6":"product_cat-tarih","7":"pa_cilt-ciltsiz","8":"pa_tur-kitap","9":"pa_yayinevi-muhit-kitap","10":"pa_yazar-deniz-isiker-bedir","12":"first","13":"instock","14":"sale","15":"shipping-taxable","16":"purchasable","17":"product-type-simple"},"_links":{"self":[{"href":"https:\/\/roveyayinevi.com.tr\/index.php\/wp-json\/wp\/v2\/product\/730077","targetHints":{"allow":["GET"]}}],"collection":[{"href":"https:\/\/roveyayinevi.com.tr\/index.php\/wp-json\/wp\/v2\/product"}],"about":[{"href":"https:\/\/roveyayinevi.com.tr\/index.php\/wp-json\/wp\/v2\/types\/product"}],"wp:attachment":[{"href":"https:\/\/roveyayinevi.com.tr\/index.php\/wp-json\/wp\/v2\/media?parent=730077"}],"wp:term":[{"taxonomy":"product_brand","embeddable":true,"href":"https:\/\/roveyayinevi.com.tr\/index.php\/wp-json\/wp\/v2\/product_brand?post=730077"},{"taxonomy":"product_cat","embeddable":true,"href":"https:\/\/roveyayinevi.com.tr\/index.php\/wp-json\/wp\/v2\/product_cat?post=730077"},{"taxonomy":"product_tag","embeddable":true,"href":"https:\/\/roveyayinevi.com.tr\/index.php\/wp-json\/wp\/v2\/product_tag?post=730077"}],"curies":[{"name":"wp","href":"https:\/\/api.w.org\/{rel}","templated":true}]}}