{"id":730076,"date":"2025-08-27T21:08:08","date_gmt":"2025-08-27T18:08:08","guid":{"rendered":"https:\/\/roveyayinevi.com.tr\/index.php\/urun\/dervisin-fikri\/"},"modified":"2026-04-16T02:37:40","modified_gmt":"2026-04-15T23:37:40","slug":"dervisin-fikri","status":"publish","type":"product","link":"https:\/\/roveyayinevi.com.tr\/index.php\/urun\/dervisin-fikri\/","title":{"rendered":"Dervi\u015fin Fikri"},"content":{"rendered":"<p>Osman Toprak, tasavvufun ilk d\u00f6nemlerinden bug\u00fcne aya\u011f\u0131 topra\u011fa basan menk\u0131beler anlat\u0131yor ve \u00f6rnek hayatlar\u0131 g\u00f6stererek di\u011ferk\u00e2ml\u0131\u011f\u0131, c\u00f6mertli\u011fi ve iyili\u011fi hat\u0131rlat\u0131yor. Dervi\u015fin Fikri bizi &#8220;neyin pe\u015findesin?&#8221; sorusuyla ba\u015f ba\u015fa b\u0131rakarak kendi hik\u00e2yemizi aramaya te\u015fvik ediyor. Muhit Kitap, insan\u0131 modern hayat\u0131n k\u0131skac\u0131ndan kurtaracak bu eserin okura iyi gelmesini \u00fcmit eder.Ac\u0131lar, elemler, kederler, a\u011fr\u0131lar, s\u0131z\u0131lar bize kimden gelmektedir? Ya say\u0131lamayacak kadar \u00e7ok nimetleri; g\u00f6ren g\u00f6zleri, i\u015fiten kulaklar\u0131, y\u00fcr\u00fcyen ayaklar\u0131, d\u00fc\u015f\u00fcnen ba\u015flar\u0131, \u00e7al\u0131\u015fan elleri, yiyen i\u00e7en ve konu\u015fan dilleri, tertemiz havay\u0131, bol g\u00fcne\u015fi, bereketli topra\u011f\u0131 cana can katan sular\u0131 kim bizim i\u00e7in var etmi\u015ftir? Rabbine \u015f\u00fckretmeye, insanlara te\u015fekk\u00fcr etmeye al\u0131\u015fan bir dil, bunu zor zamanlarda da ihmal etmez. Nimete nank\u00f6rl\u00fck etmedi\u011fi gibi mihnete de isyanla de\u011fil sab\u0131rla; \u015fifay\u0131, devay\u0131 nas\u0131l ve kimden arayaca\u011f\u0131n\u0131 bilerek katlan\u0131r. Bakmas\u0131n\u0131, g\u00f6rmesini, \u00e2rif olmas\u0131n\u0131 bilmezsek bizim i\u00e7in nimet de zahmet de bir isyana d\u00f6n\u00fc\u015febilir. \u015ea\u015f\u0131rmamak, yoldan sapmamak, \u00e7izgiden \u00e7\u0131kmamak i\u00e7in inceli\u011fe, tefekk\u00fcre, te\u015fekk\u00fcre, \u00e2rif olmaya ihtiyac\u0131m\u0131z var<\/p>\n","protected":false},"excerpt":{"rendered":"<p>Osman Toprak, tasavvufun ilk d\u00f6nemlerinden bug\u00fcne aya\u011f\u0131 topra\u011fa basan menk\u0131beler anlat\u0131yor ve \u00f6rnek hayatlar\u0131 g\u00f6stererek di\u011ferk\u00e2ml\u0131\u011f\u0131, c\u00f6mertli\u011fi ve iyili\u011fi hat\u0131rlat\u0131yor. Dervi\u015fin Fikri bizi &#8220;neyin pe\u015findesin?&#8221; sorusuyla<span class=\"excerpt-hellip\"> [\u2026]<\/span><\/p>\n","protected":false},"featured_media":0,"template":"","meta":{"_monsterinsights_skip_tracking":false,"_monsterinsights_sitenote_active":false,"_monsterinsights_sitenote_note":"","_monsterinsights_sitenote_category":0},"product_brand":[],"product_cat":[12777,12291],"product_tag":[],"class_list":{"0":"post-730076","1":"product","2":"type-product","3":"status-publish","5":"product_cat-deneme","6":"product_cat-edebiyat","7":"pa_cilt-ciltsiz","8":"pa_tur-kitap","9":"pa_yayinevi-muhit-kitap","10":"pa_yazar-osman-toprak","12":"first","13":"instock","14":"sale","15":"shipping-taxable","16":"purchasable","17":"product-type-simple"},"_links":{"self":[{"href":"https:\/\/roveyayinevi.com.tr\/index.php\/wp-json\/wp\/v2\/product\/730076","targetHints":{"allow":["GET"]}}],"collection":[{"href":"https:\/\/roveyayinevi.com.tr\/index.php\/wp-json\/wp\/v2\/product"}],"about":[{"href":"https:\/\/roveyayinevi.com.tr\/index.php\/wp-json\/wp\/v2\/types\/product"}],"wp:attachment":[{"href":"https:\/\/roveyayinevi.com.tr\/index.php\/wp-json\/wp\/v2\/media?parent=730076"}],"wp:term":[{"taxonomy":"product_brand","embeddable":true,"href":"https:\/\/roveyayinevi.com.tr\/index.php\/wp-json\/wp\/v2\/product_brand?post=730076"},{"taxonomy":"product_cat","embeddable":true,"href":"https:\/\/roveyayinevi.com.tr\/index.php\/wp-json\/wp\/v2\/product_cat?post=730076"},{"taxonomy":"product_tag","embeddable":true,"href":"https:\/\/roveyayinevi.com.tr\/index.php\/wp-json\/wp\/v2\/product_tag?post=730076"}],"curies":[{"name":"wp","href":"https:\/\/api.w.org\/{rel}","templated":true}]}}