{"id":730075,"date":"2025-08-27T21:08:07","date_gmt":"2025-08-27T18:08:07","guid":{"rendered":"https:\/\/roveyayinevi.com.tr\/index.php\/urun\/usuyen-eller-divani\/"},"modified":"2026-04-16T02:37:40","modified_gmt":"2026-04-15T23:37:40","slug":"usuyen-eller-divani","status":"publish","type":"product","link":"https:\/\/roveyayinevi.com.tr\/index.php\/urun\/usuyen-eller-divani\/","title":{"rendered":"\u00dc\u015f\u00fcyen Eller Divan\u0131"},"content":{"rendered":"<p>Muhit Kitap T\u00fcrk \u015fiirinin \u00f6nemli isimlerinden eserler yay\u0131mlamaya, devam ediyor.Edebiyat yolculu\u011funda yerini sa\u011flamla\u015ft\u0131ran, \u015fiirini g\u00fc\u00e7l\u00fc bir gelenek damar\u0131ndan besleyen Said Yavuz, \u00dc\u015f\u00fcyen Eller Divan\u0131 ile Muhit Kitap\u2019ta. Ku\u015fa\u011f\u0131n\u0131n \u00f6nde gelen isimlerinden olan Said Yavuz\u2019un T\u00fcrk \u015fiiri ad\u0131na s\u00f6yleyecekleri merak uyand\u0131r\u0131yor. Yavuz\u2019un son kitab\u0131 dikkatli bir okur i\u00e7in \u00fcslup ve \u015fiirinin y\u00f6nelimi hakk\u0131nda bir fikir veriyor.Seninle bizim o bildi\u011fimiz Allah\u2019ta sakl\u0131Ve ne iyi baz\u0131 iyiliklerin sularda da\u011f\u0131lmas\u0131Bir hastane koridorunda \u00c7ocuk ve AllahSarar nefeste a\u00e7an yaralar\u0131Baz\u0131 \u015fiirler sessiz okunur, \u00e7\u00fcnk\u00fc bula\u015f\u0131c\u0131.<\/p>\n","protected":false},"excerpt":{"rendered":"<p>Muhit Kitap T\u00fcrk \u015fiirinin \u00f6nemli isimlerinden eserler yay\u0131mlamaya, devam ediyor.Edebiyat yolculu\u011funda yerini sa\u011flamla\u015ft\u0131ran, \u015fiirini g\u00fc\u00e7l\u00fc bir gelenek damar\u0131ndan besleyen Said Yavuz, \u00dc\u015f\u00fcyen Eller Divan\u0131 ile Muhit<span class=\"excerpt-hellip\"> [\u2026]<\/span><\/p>\n","protected":false},"featured_media":0,"template":"","meta":{"_monsterinsights_skip_tracking":false,"_monsterinsights_sitenote_active":false,"_monsterinsights_sitenote_note":"","_monsterinsights_sitenote_category":0},"product_brand":[],"product_cat":[12291,12509],"product_tag":[],"class_list":{"0":"post-730075","1":"product","2":"type-product","3":"status-publish","5":"product_cat-edebiyat","6":"product_cat-siir","7":"pa_cilt-ciltsiz","8":"pa_tur-kitap","9":"pa_yayinevi-muhit-kitap","10":"pa_yazar-said-yavuz","12":"first","13":"instock","14":"sale","15":"shipping-taxable","16":"purchasable","17":"product-type-simple"},"_links":{"self":[{"href":"https:\/\/roveyayinevi.com.tr\/index.php\/wp-json\/wp\/v2\/product\/730075","targetHints":{"allow":["GET"]}}],"collection":[{"href":"https:\/\/roveyayinevi.com.tr\/index.php\/wp-json\/wp\/v2\/product"}],"about":[{"href":"https:\/\/roveyayinevi.com.tr\/index.php\/wp-json\/wp\/v2\/types\/product"}],"wp:attachment":[{"href":"https:\/\/roveyayinevi.com.tr\/index.php\/wp-json\/wp\/v2\/media?parent=730075"}],"wp:term":[{"taxonomy":"product_brand","embeddable":true,"href":"https:\/\/roveyayinevi.com.tr\/index.php\/wp-json\/wp\/v2\/product_brand?post=730075"},{"taxonomy":"product_cat","embeddable":true,"href":"https:\/\/roveyayinevi.com.tr\/index.php\/wp-json\/wp\/v2\/product_cat?post=730075"},{"taxonomy":"product_tag","embeddable":true,"href":"https:\/\/roveyayinevi.com.tr\/index.php\/wp-json\/wp\/v2\/product_tag?post=730075"}],"curies":[{"name":"wp","href":"https:\/\/api.w.org\/{rel}","templated":true}]}}