{"id":730074,"date":"2025-08-27T21:08:06","date_gmt":"2025-08-27T18:08:06","guid":{"rendered":"https:\/\/roveyayinevi.com.tr\/index.php\/urun\/serdengecti-sairleri-2\/"},"modified":"2026-04-16T02:37:40","modified_gmt":"2026-04-15T23:37:40","slug":"serdengecti-sairleri-2","status":"publish","type":"product","link":"https:\/\/roveyayinevi.com.tr\/index.php\/urun\/serdengecti-sairleri-2\/","title":{"rendered":"Serdenge\u00e7ti \u015eairleri"},"content":{"rendered":"<p>Osman Y\u00fcksel Serdenge\u00e7ti (1917-1983), T\u00fcrk milliyet\u00e7ili\u011fi hareketinin \u00f6zg\u00fcn isimlerinden birisidir. Onun 1947-1962 y\u0131llar\u0131 aras\u0131nda ancak 33 say\u0131 \u00e7\u0131karabildi\u011fi Serdenge\u00e7ti dergisi geni\u015f halk kitleleri taraf\u0131ndan b\u00fcy\u00fck ra\u011fbet g\u00f6r\u00fcr. Ayl\u0131k tiraj\u0131 40 bin ile 60 bin aras\u0131nda de\u011fi\u015fir. Baz\u0131 say\u0131lar\u0131 iki \u00fc\u00e7 bask\u0131 yapar. Toplam say\u0131 1 milyona yakla\u015f\u0131r. \u201cSerdenge\u00e7ti \u015eairleri\u201d ad\u0131n\u0131 verdi\u011fimiz bu kitap, Serdenge\u00e7ti dergisinde \u015fiirleri yay\u0131mlanan \u015fairleri ve \u015fiirlerini konu almaktad\u0131r. \u015eairlere bakt\u0131\u011f\u0131m\u0131zda milliyet\u00e7i mukaddesat\u00e7\u0131 g\u00f6r\u00fc\u015fte geni\u015f bir yelpazenin oldu\u011fu g\u00f6r\u00fcl\u00fcr. \u015eiirlerin konular\u0131, T\u00fcrkiye\u2019nin ve milliyet\u00e7i mukaddesat\u00e7\u0131 \u00e7evrelerin o y\u0131llarda hangi problemlerle ilgilendi\u011fini g\u00f6stermesi bak\u0131m\u0131ndan \u00f6nemlidir. Bunlar\u0131n ba\u015f\u0131nda a\u015fk, memleket sevgisi, esir T\u00fcrkler meselesi, Rusya ve kom\u00fcnizm d\u00fc\u015fmanl\u0131\u011f\u0131, hapishane hayat\u0131, sosyal siyasal ele\u015ftiri ve Tek Parti kar\u015f\u0131tl\u0131\u011f\u0131, din\u00ee tasavvufi ve mill\u00ee hamasi konular gelmektedir.<\/p>\n","protected":false},"excerpt":{"rendered":"<p>Osman Y\u00fcksel Serdenge\u00e7ti (1917-1983), T\u00fcrk milliyet\u00e7ili\u011fi hareketinin \u00f6zg\u00fcn isimlerinden birisidir. Onun 1947-1962 y\u0131llar\u0131 aras\u0131nda ancak 33 say\u0131 \u00e7\u0131karabildi\u011fi Serdenge\u00e7ti dergisi geni\u015f halk kitleleri taraf\u0131ndan b\u00fcy\u00fck ra\u011fbet<span class=\"excerpt-hellip\"> [\u2026]<\/span><\/p>\n","protected":false},"featured_media":0,"template":"","meta":{"_monsterinsights_skip_tracking":false,"_monsterinsights_sitenote_active":false,"_monsterinsights_sitenote_note":"","_monsterinsights_sitenote_category":0},"product_brand":[],"product_cat":[13072,12291],"product_tag":[],"class_list":{"0":"post-730074","1":"product","2":"type-product","3":"status-publish","5":"product_cat-arastirma-inceleme-referans","6":"product_cat-edebiyat","7":"pa_cilt-ciltsiz","8":"pa_tur-kitap","9":"pa_yayinevi-muhit-kitap","10":"pa_yazar-cemal-kurnaz","12":"first","13":"instock","14":"sale","15":"shipping-taxable","16":"purchasable","17":"product-type-simple"},"_links":{"self":[{"href":"https:\/\/roveyayinevi.com.tr\/index.php\/wp-json\/wp\/v2\/product\/730074","targetHints":{"allow":["GET"]}}],"collection":[{"href":"https:\/\/roveyayinevi.com.tr\/index.php\/wp-json\/wp\/v2\/product"}],"about":[{"href":"https:\/\/roveyayinevi.com.tr\/index.php\/wp-json\/wp\/v2\/types\/product"}],"wp:attachment":[{"href":"https:\/\/roveyayinevi.com.tr\/index.php\/wp-json\/wp\/v2\/media?parent=730074"}],"wp:term":[{"taxonomy":"product_brand","embeddable":true,"href":"https:\/\/roveyayinevi.com.tr\/index.php\/wp-json\/wp\/v2\/product_brand?post=730074"},{"taxonomy":"product_cat","embeddable":true,"href":"https:\/\/roveyayinevi.com.tr\/index.php\/wp-json\/wp\/v2\/product_cat?post=730074"},{"taxonomy":"product_tag","embeddable":true,"href":"https:\/\/roveyayinevi.com.tr\/index.php\/wp-json\/wp\/v2\/product_tag?post=730074"}],"curies":[{"name":"wp","href":"https:\/\/api.w.org\/{rel}","templated":true}]}}