{"id":730072,"date":"2025-08-27T21:08:05","date_gmt":"2025-08-27T18:08:05","guid":{"rendered":"https:\/\/roveyayinevi.com.tr\/index.php\/urun\/ingiliz-bireyselciliginin-kokenleri\/"},"modified":"2026-04-16T02:37:40","modified_gmt":"2026-04-15T23:37:40","slug":"ingiliz-bireyselciliginin-kokenleri","status":"publish","type":"product","link":"https:\/\/roveyayinevi.com.tr\/index.php\/urun\/ingiliz-bireyselciliginin-kokenleri\/","title":{"rendered":"\u0130ngiliz Bireyselcili\u011finin K\u00f6kenleri"},"content":{"rendered":"<p>Ya\u015fayan en sayg\u0131n antropologlardan biri olan Alan Macfarlane, bu \u00f6nemli kitapta, \u0130ngiltere\u2019nin orta\u00e7a\u011f feodalizminden Sanayi Devrimine uzanan be\u015f y\u00fczy\u0131ll\u0131k toplumsal d\u00f6n\u00fc\u015f\u00fcm hik\u00e2yesini ele al\u0131yor. Macfarlane, feodal sistemin olgunla\u015fma \u00e7a\u011f\u0131 olan on \u00fc\u00e7\u00fcnc\u00fc y\u00fczy\u0131l \u0130ngiltere\u2019sinin aile hukuku, toprak rejimi, m\u00fclkiyet ili\u015fkileri ve dinsel-toplumsal yap\u0131lanma modelinin nas\u0131l olup da uzun vadede Avrupa anakaras\u0131ndan farkl\u0131la\u015ft\u0131\u011f\u0131n\u0131 ve \u201c\u0130ngiliz istisnaili\u011fi\u201d denen olgunun k\u00f6klerinin nelere dayand\u0131\u011f\u0131n\u0131 ara\u015ft\u0131r\u0131yor. Marx, Weber, Bloch ve Goody gibi bir\u00e7ok tarihsel sosyologla diyalog halindeki \u0130ngiliz Bireyselcili\u011finin K\u00f6kenleri, sadece \u0130ngiliz toplumunda ailenin d\u00f6n\u00fc\u015f\u00fcm\u00fcn\u00fc, k\u00f6yl\u00fcl\u00fckten kentlili\u011fe ge\u00e7i\u015fi, Ayd\u0131nlanma ve Sanayi Devrimini haz\u0131rlayan ko\u015fullar\u0131 de\u011fil, bug\u00fcn\u00fcn bireyselle\u015fmi\u015f Anglo-Amerikan ya\u015fam k\u00fclt\u00fcr\u00fcn\u00fcn de pek \u00e7ok ayr\u0131nt\u0131s\u0131n\u0131 g\u00f6steren, \u00e7ok zengin bir \u00e7al\u0131\u015fma\u2026<\/p>\n","protected":false},"excerpt":{"rendered":"<p>Ya\u015fayan en sayg\u0131n antropologlardan biri olan Alan Macfarlane, bu \u00f6nemli kitapta, \u0130ngiltere\u2019nin orta\u00e7a\u011f feodalizminden Sanayi Devrimine uzanan be\u015f y\u00fczy\u0131ll\u0131k toplumsal d\u00f6n\u00fc\u015f\u00fcm hik\u00e2yesini ele al\u0131yor. Macfarlane, feodal<span class=\"excerpt-hellip\"> [\u2026]<\/span><\/p>\n","protected":false},"featured_media":0,"template":"","meta":{"_monsterinsights_skip_tracking":false,"_monsterinsights_sitenote_active":false,"_monsterinsights_sitenote_note":"","_monsterinsights_sitenote_category":0},"product_brand":[],"product_cat":[14787,13488],"product_tag":[],"class_list":{"0":"post-730072","1":"product","2":"type-product","3":"status-publish","5":"product_cat-diger-toplum-ve-insan","6":"product_cat-toplum-ve-insan","7":"pa_cilt-ciltsiz","8":"pa_tur-kitap","9":"pa_yayinevi-vakifbank-kultur-yayinlari","10":"pa_yazar-alan-macfarlane","12":"first","13":"instock","14":"sale","15":"shipping-taxable","16":"purchasable","17":"product-type-simple"},"_links":{"self":[{"href":"https:\/\/roveyayinevi.com.tr\/index.php\/wp-json\/wp\/v2\/product\/730072","targetHints":{"allow":["GET"]}}],"collection":[{"href":"https:\/\/roveyayinevi.com.tr\/index.php\/wp-json\/wp\/v2\/product"}],"about":[{"href":"https:\/\/roveyayinevi.com.tr\/index.php\/wp-json\/wp\/v2\/types\/product"}],"wp:attachment":[{"href":"https:\/\/roveyayinevi.com.tr\/index.php\/wp-json\/wp\/v2\/media?parent=730072"}],"wp:term":[{"taxonomy":"product_brand","embeddable":true,"href":"https:\/\/roveyayinevi.com.tr\/index.php\/wp-json\/wp\/v2\/product_brand?post=730072"},{"taxonomy":"product_cat","embeddable":true,"href":"https:\/\/roveyayinevi.com.tr\/index.php\/wp-json\/wp\/v2\/product_cat?post=730072"},{"taxonomy":"product_tag","embeddable":true,"href":"https:\/\/roveyayinevi.com.tr\/index.php\/wp-json\/wp\/v2\/product_tag?post=730072"}],"curies":[{"name":"wp","href":"https:\/\/api.w.org\/{rel}","templated":true}]}}