{"id":730071,"date":"2025-08-27T21:08:03","date_gmt":"2025-08-27T18:08:03","guid":{"rendered":"https:\/\/roveyayinevi.com.tr\/index.php\/urun\/yabanil-anne\/"},"modified":"2026-04-16T02:37:40","modified_gmt":"2026-04-15T23:37:40","slug":"yabanil-anne","status":"publish","type":"product","link":"https:\/\/roveyayinevi.com.tr\/index.php\/urun\/yabanil-anne\/","title":{"rendered":"Yaban\u0131l Anne"},"content":{"rendered":"<p>Anne olmadan \u00f6nce, sessizlikte ve yava\u015f hareketlerle uyanmaktan, ku\u015flar\u0131n \u00f6t\u00fc\u015f\u00fcn\u00fc, nehrin ak\u0131\u015f\u0131n\u0131 ve kendi nefesimin sesini dinlemekten zevk al\u0131rd\u0131m. Kahvemi i\u00e7ip birka\u00e7 saat yaz\u0131 yazd\u0131ktan sonra bazen yoga yapar bazen de da\u011f eteklerinde ko\u015fard\u0131m.Annelik ne demek? Her g\u00fcn g\u00f6reve haz\u0131r uyanmak, sorular yan\u0131tlamak, alt bezi de\u011fi\u015ftirmek, yo\u011furt ve m\u0131s\u0131r gevre\u011fini kaselere doldurmak m\u0131?Peki anne oldu\u011fumuzda ki\u015fili\u011fimizden \u00f6d\u00fcn vermeli miyiz? Macera dolu bir hayat yine de m\u00fcmk\u00fcn m\u00fc yoksa annelik kli\u015felerine boyun mu e\u011fmeliyiz?Bu kitapta yaban\u0131l bir annenin, bu sorulara yan\u0131t vermeye \u00e7al\u0131\u015f\u0131rken nas\u0131l savruldu\u011funa ve kendini yeni ba\u015ftan nas\u0131l yaratt\u0131\u011f\u0131na tan\u0131k olacaks\u0131n\u0131z. Kimi zaman g\u00fcld\u00fcren kimi zaman duyguland\u0131ran bu s\u0131cac\u0131k anlat\u0131, biraz olsun cesarete ihtiyac\u0131 olan herkesi, \u00f6n\u00fcne yeni rotalar \u00e7izerek \u00f6zg\u00fcrle\u015ftirecek g\u00fcce sahip.Biz bu kitapla s\u0131n\u0131rlar\u0131n\u0131 zorlayan hem \u00f6zg\u00fcr bir birey hem iyi bir ebeveyn olmaya ihtiya\u00e7 duyan herkesin yan\u0131nda olmay\u0131 ama\u00e7l\u0131yoruz. Haritan\u0131z\u0131 elinize al\u0131n ve g\u00f6l kenar\u0131nda y\u00fcr\u00fcy\u00fc\u015flerden yaylalara, da\u011f tepelerinden eteklerine uzanaca\u011f\u0131n\u0131z; do\u011fan\u0131n ortas\u0131nda bir kul\u00fcbenin yaln\u0131zl\u0131\u011f\u0131n\u0131 orman gezilerinin heyecan\u0131n\u0131 doruklarda ya\u015fayaca\u011f\u0131n\u0131z bir seyahate haz\u0131rlan\u0131n!\u201cBu kitap yaban\u0131l insan do\u011fas\u0131n\u0131n bir kutlamas\u0131.\u201d Carrie Vissintainer<\/p>\n","protected":false},"excerpt":{"rendered":"<p>Anne olmadan \u00f6nce, sessizlikte ve yava\u015f hareketlerle uyanmaktan, ku\u015flar\u0131n \u00f6t\u00fc\u015f\u00fcn\u00fc, nehrin ak\u0131\u015f\u0131n\u0131 ve kendi nefesimin sesini dinlemekten zevk al\u0131rd\u0131m. Kahvemi i\u00e7ip birka\u00e7 saat yaz\u0131 yazd\u0131ktan sonra<span class=\"excerpt-hellip\"> [\u2026]<\/span><\/p>\n","protected":false},"featured_media":0,"template":"","meta":{"_monsterinsights_skip_tracking":false,"_monsterinsights_sitenote_active":false,"_monsterinsights_sitenote_note":"","_monsterinsights_sitenote_category":0},"product_brand":[],"product_cat":[13072,12291],"product_tag":[],"class_list":{"0":"post-730071","1":"product","2":"type-product","3":"status-publish","5":"product_cat-arastirma-inceleme-referans","6":"product_cat-edebiyat","7":"pa_cilt-ciltsiz","8":"pa_tur-kitap","9":"pa_yayinevi-yeni-insan-yayinlari","10":"pa_yazar-carrie-visintainer","12":"first","13":"instock","14":"sale","15":"shipping-taxable","16":"purchasable","17":"product-type-simple"},"_links":{"self":[{"href":"https:\/\/roveyayinevi.com.tr\/index.php\/wp-json\/wp\/v2\/product\/730071","targetHints":{"allow":["GET"]}}],"collection":[{"href":"https:\/\/roveyayinevi.com.tr\/index.php\/wp-json\/wp\/v2\/product"}],"about":[{"href":"https:\/\/roveyayinevi.com.tr\/index.php\/wp-json\/wp\/v2\/types\/product"}],"wp:attachment":[{"href":"https:\/\/roveyayinevi.com.tr\/index.php\/wp-json\/wp\/v2\/media?parent=730071"}],"wp:term":[{"taxonomy":"product_brand","embeddable":true,"href":"https:\/\/roveyayinevi.com.tr\/index.php\/wp-json\/wp\/v2\/product_brand?post=730071"},{"taxonomy":"product_cat","embeddable":true,"href":"https:\/\/roveyayinevi.com.tr\/index.php\/wp-json\/wp\/v2\/product_cat?post=730071"},{"taxonomy":"product_tag","embeddable":true,"href":"https:\/\/roveyayinevi.com.tr\/index.php\/wp-json\/wp\/v2\/product_tag?post=730071"}],"curies":[{"name":"wp","href":"https:\/\/api.w.org\/{rel}","templated":true}]}}