{"id":730070,"date":"2025-08-27T21:08:02","date_gmt":"2025-08-27T18:08:02","guid":{"rendered":"https:\/\/roveyayinevi.com.tr\/index.php\/urun\/ejderhanin-gozleri-yeni-kapak\/"},"modified":"2026-04-16T02:37:39","modified_gmt":"2026-04-15T23:37:39","slug":"ejderhanin-gozleri-yeni-kapak","status":"publish","type":"product","link":"https:\/\/roveyayinevi.com.tr\/index.php\/urun\/ejderhanin-gozleri-yeni-kapak\/","title":{"rendered":"Ejderhan\u0131n G\u00f6zleri (Yeni Kapak)"},"content":{"rendered":"<p>\u201cBu kitab\u0131n bir tek kusuru var. Bitmesini hi\u00e7 istemiyordum, oysa bitiverdi.\u201d Naomi King Stephen King\u2019in k\u0131z\u0131 Naomi\u2019ye ithaf etti\u011fi Ejderhan\u0131n G\u00f6zleri, bug\u00fcne dek \u00fcnl\u00fc yazar\u0131n d\u00fcnyas\u0131na girmeye \u00e7ekinen yeti\u015fkin ve \u00e7ocuk okurlar i\u00e7in hevesli bir ba\u015flang\u0131\u00e7. \u00dcnl\u00fc edebiyat\u00e7\u0131 bu kez okurlar\u0131na fantastik bir masal anlat\u0131yor. Bu masalda da iyilerin yan\u0131 s\u0131ra k\u00f6t\u00fc b\u00fcy\u00fcc\u00fcler, taht oyunlar\u0131 ve t\u00fcrl\u00fc k\u0131skan\u00e7l\u0131klar var ancak King\u2019in di\u011fer kitaplar\u0131nda g\u00f6rmeye al\u0131\u015ft\u0131\u011f\u0131m\u0131z vampirler, hortlaklar, gulyabaniler, \u00e7e\u015fitli yarat\u0131klar ve k\u00e2buslar yok. D\u00fcnya \u00e7ap\u0131nda \u00e7ok satan ve \u00e7ok okunan Stephen King\u2019in eserleri aras\u0131nda \u00f6zg\u00fcn bir yere sahip olan Ejderhan\u0131n G\u00f6zleri, Tu\u011f\u00e7e Aky\u00fcz \u00e7evirisiyle\u2026 <\/p>\n","protected":false},"excerpt":{"rendered":"<p>\u201cBu kitab\u0131n bir tek kusuru var. Bitmesini hi\u00e7 istemiyordum, oysa bitiverdi.\u201d Naomi King Stephen King\u2019in k\u0131z\u0131 Naomi\u2019ye ithaf etti\u011fi Ejderhan\u0131n G\u00f6zleri, bug\u00fcne dek \u00fcnl\u00fc yazar\u0131n d\u00fcnyas\u0131na<span class=\"excerpt-hellip\"> [\u2026]<\/span><\/p>\n","protected":false},"featured_media":0,"template":"","meta":{"_monsterinsights_skip_tracking":false,"_monsterinsights_sitenote_active":false,"_monsterinsights_sitenote_note":"","_monsterinsights_sitenote_category":0},"product_brand":[],"product_cat":[12291,14777],"product_tag":[],"class_list":{"0":"post-730070","1":"product","2":"type-product","3":"status-publish","5":"product_cat-edebiyat","6":"product_cat-fantastik","7":"pa_cilt-ciltsiz","8":"pa_tur-kitap","9":"pa_yayinevi-inkilap-kitabevi","10":"pa_yazar-stephen-king","12":"first","13":"instock","14":"sale","15":"shipping-taxable","16":"purchasable","17":"product-type-simple"},"_links":{"self":[{"href":"https:\/\/roveyayinevi.com.tr\/index.php\/wp-json\/wp\/v2\/product\/730070","targetHints":{"allow":["GET"]}}],"collection":[{"href":"https:\/\/roveyayinevi.com.tr\/index.php\/wp-json\/wp\/v2\/product"}],"about":[{"href":"https:\/\/roveyayinevi.com.tr\/index.php\/wp-json\/wp\/v2\/types\/product"}],"wp:attachment":[{"href":"https:\/\/roveyayinevi.com.tr\/index.php\/wp-json\/wp\/v2\/media?parent=730070"}],"wp:term":[{"taxonomy":"product_brand","embeddable":true,"href":"https:\/\/roveyayinevi.com.tr\/index.php\/wp-json\/wp\/v2\/product_brand?post=730070"},{"taxonomy":"product_cat","embeddable":true,"href":"https:\/\/roveyayinevi.com.tr\/index.php\/wp-json\/wp\/v2\/product_cat?post=730070"},{"taxonomy":"product_tag","embeddable":true,"href":"https:\/\/roveyayinevi.com.tr\/index.php\/wp-json\/wp\/v2\/product_tag?post=730070"}],"curies":[{"name":"wp","href":"https:\/\/api.w.org\/{rel}","templated":true}]}}