{"id":730068,"date":"2025-08-27T21:08:01","date_gmt":"2025-08-27T18:08:01","guid":{"rendered":"https:\/\/roveyayinevi.com.tr\/index.php\/urun\/okul-yoneticiliginden-entelektuel-liderlige\/"},"modified":"2026-04-16T02:37:39","modified_gmt":"2026-04-15T23:37:39","slug":"okul-yoneticiliginden-entelektuel-liderlige","status":"publish","type":"product","link":"https:\/\/roveyayinevi.com.tr\/index.php\/urun\/okul-yoneticiliginden-entelektuel-liderlige\/","title":{"rendered":"Okul Y\u00f6neticili\u011finden Entelekt\u00fcel Liderli\u011fe"},"content":{"rendered":"<p>Bu kitapta y\u00f6neticilerin ya\u015fad\u0131\u011f\u0131 \u00f6nemli y\u00f6netsel deneyimlerden hareketle, y\u00f6neticilere ve y\u00f6netici adaylar\u0131na \u00f6rnek olay y\u00f6ntemiyle deneyimler kazand\u0131r\u0131lmas\u0131 ama\u00e7lanmaktad\u0131r. B\u00f6ylece y\u00f6neticiler ileride kar\u015f\u0131la\u015facaklar\u0131 y\u00f6netsel sorunlarla daha iyi m\u00fccadele edebilme yeterlili\u011fi kazanacaklard\u0131r. B\u00f6l\u00fcmlerin t\u00fcm\u00fcnde y\u00f6netsel deneyimler ile kuramsal bilgi b\u00fct\u00fcnle\u015ftirilerek, okul y\u00f6netimi alan\u0131nda hem akademik \u00e7al\u0131\u015fma yapanlara hem de uygulaman\u0131n i\u00e7inde olan ve olacaklara \u00f6nemli katk\u0131lar sa\u011flanmas\u0131 hedeflenmi\u015ftir. Her bir b\u00f6l\u00fcmde konuyla ilgili kuramsal dayanaklardan hareketle var olan durum yordanmakta ve di\u011fer b\u00f6l\u00fcmlerle b\u00fct\u00fcnl\u00fck sa\u011flanmaktad\u0131r. Bu \u00e7al\u0131\u015fma, okul y\u00f6netimi ile ilgili akademik \u00e7al\u0131\u015fma yapanlara ve uygulaman\u0131n i\u00e7inde olanlara kaynak olu\u015fturacak bir kitapt\u0131r.<\/p>\n","protected":false},"excerpt":{"rendered":"<p>Bu kitapta y\u00f6neticilerin ya\u015fad\u0131\u011f\u0131 \u00f6nemli y\u00f6netsel deneyimlerden hareketle, y\u00f6neticilere ve y\u00f6netici adaylar\u0131na \u00f6rnek olay y\u00f6ntemiyle deneyimler kazand\u0131r\u0131lmas\u0131 ama\u00e7lanmaktad\u0131r. B\u00f6ylece y\u00f6neticiler ileride kar\u015f\u0131la\u015facaklar\u0131 y\u00f6netsel sorunlarla daha iyi<span class=\"excerpt-hellip\"> [\u2026]<\/span><\/p>\n","protected":false},"featured_media":0,"template":"","meta":{"_monsterinsights_skip_tracking":false,"_monsterinsights_sitenote_active":false,"_monsterinsights_sitenote_note":"","_monsterinsights_sitenote_category":0},"product_brand":[],"product_cat":[13043,19008],"product_tag":[],"class_list":{"0":"post-730068","1":"product","2":"type-product","3":"status-publish","5":"product_cat-ekonomi","6":"product_cat-yonetim","7":"pa_cilt-ciltsiz","8":"pa_tur-kitap","9":"pa_yayinevi-ani-yayincilik","10":"pa_yazar-hasan-arslan-nuray-sevinc","12":"first","13":"instock","14":"sale","15":"shipping-taxable","16":"purchasable","17":"product-type-simple"},"_links":{"self":[{"href":"https:\/\/roveyayinevi.com.tr\/index.php\/wp-json\/wp\/v2\/product\/730068","targetHints":{"allow":["GET"]}}],"collection":[{"href":"https:\/\/roveyayinevi.com.tr\/index.php\/wp-json\/wp\/v2\/product"}],"about":[{"href":"https:\/\/roveyayinevi.com.tr\/index.php\/wp-json\/wp\/v2\/types\/product"}],"wp:attachment":[{"href":"https:\/\/roveyayinevi.com.tr\/index.php\/wp-json\/wp\/v2\/media?parent=730068"}],"wp:term":[{"taxonomy":"product_brand","embeddable":true,"href":"https:\/\/roveyayinevi.com.tr\/index.php\/wp-json\/wp\/v2\/product_brand?post=730068"},{"taxonomy":"product_cat","embeddable":true,"href":"https:\/\/roveyayinevi.com.tr\/index.php\/wp-json\/wp\/v2\/product_cat?post=730068"},{"taxonomy":"product_tag","embeddable":true,"href":"https:\/\/roveyayinevi.com.tr\/index.php\/wp-json\/wp\/v2\/product_tag?post=730068"}],"curies":[{"name":"wp","href":"https:\/\/api.w.org\/{rel}","templated":true}]}}