{"id":730066,"date":"2025-08-27T21:07:59","date_gmt":"2025-08-27T18:07:59","guid":{"rendered":"https:\/\/roveyayinevi.com.tr\/index.php\/urun\/cocuklar-icin-hikayeler\/"},"modified":"2026-04-16T02:37:39","modified_gmt":"2026-04-15T23:37:39","slug":"cocuklar-icin-hikayeler","status":"publish","type":"product","link":"https:\/\/roveyayinevi.com.tr\/index.php\/urun\/cocuklar-icin-hikayeler\/","title":{"rendered":"\u00c7ocuklar \u0130\u00e7in Hikayeler"},"content":{"rendered":"<p>Tolstoy, \u00c7ocuklar \u0130\u00e7in Hik\u00e2yeler adl\u0131 bu eserinde birbirinden g\u00fczel on \u00fc\u00e7 k\u0131sa hik\u00e2yeye yer vermi\u015f, \u00e7ocuklarla ba\u011f\u0131n\u0131, kendisi de on \u00fc\u00e7 \u00e7ocu\u011fa sahip bir baba olmas\u0131 dolay\u0131s\u0131yla hi\u00e7bir zaman koparmam\u0131\u015f, onlar\u0131n hayal d\u00fcnyas\u0131na hitap ederek ki\u015filiklerinin geli\u015fmesine yard\u0131mc\u0131 olmak istemi\u015ftir.Ger\u00e7ek\u00e7i ve sars\u0131c\u0131 \u00fcslubuyla sadece \u00e7ocuklar\u0131 de\u011fil, her ya\u015ftan okuru etkisi alt\u0131na alan, tekrar tekrar okunan bu k\u0131sa hik\u00e2yeler \u00f6ylesine inand\u0131r\u0131c\u0131d\u0131r ki, kendinizi \u00f6yk\u00fcn\u00fcn i\u00e7inde, kahramanlara elinizi uzat\u0131p dokunacak denli yak\u0131n hissedersiniz.\u00c7ocuk edebiyat\u0131na, \u00e7ocuk seviyesine ve \u00e7ocu\u011fa g\u00f6relik ilkesine tam anlam\u0131yla uyan, mini mini hik\u00e2yelerden olu\u015fan bu eseri \u00e7ocu\u011funuza bir ba\u015fucu kitab\u0131 olarak keyifle sunabilirsiniz.<\/p>\n","protected":false},"excerpt":{"rendered":"<p>Tolstoy, \u00c7ocuklar \u0130\u00e7in Hik\u00e2yeler adl\u0131 bu eserinde birbirinden g\u00fczel on \u00fc\u00e7 k\u0131sa hik\u00e2yeye yer vermi\u015f, \u00e7ocuklarla ba\u011f\u0131n\u0131, kendisi de on \u00fc\u00e7 \u00e7ocu\u011fa sahip bir baba olmas\u0131<span class=\"excerpt-hellip\"> [\u2026]<\/span><\/p>\n","protected":false},"featured_media":0,"template":"","meta":{"_monsterinsights_skip_tracking":false,"_monsterinsights_sitenote_active":false,"_monsterinsights_sitenote_note":"","_monsterinsights_sitenote_category":0},"product_brand":[],"product_cat":[12274,12284],"product_tag":[],"class_list":{"0":"post-730066","1":"product","2":"type-product","3":"status-publish","5":"product_cat-cocuk-ve-genclik-kitaplari","6":"product_cat-hikayeler","7":"pa_cilt-ciltsiz","8":"pa_tur-kitap","9":"pa_yayinevi-iskele-yayincilik","10":"pa_yazar-lev-nikolayevic-tolstoy","12":"first","13":"instock","14":"sale","15":"shipping-taxable","16":"purchasable","17":"product-type-simple"},"_links":{"self":[{"href":"https:\/\/roveyayinevi.com.tr\/index.php\/wp-json\/wp\/v2\/product\/730066","targetHints":{"allow":["GET"]}}],"collection":[{"href":"https:\/\/roveyayinevi.com.tr\/index.php\/wp-json\/wp\/v2\/product"}],"about":[{"href":"https:\/\/roveyayinevi.com.tr\/index.php\/wp-json\/wp\/v2\/types\/product"}],"wp:attachment":[{"href":"https:\/\/roveyayinevi.com.tr\/index.php\/wp-json\/wp\/v2\/media?parent=730066"}],"wp:term":[{"taxonomy":"product_brand","embeddable":true,"href":"https:\/\/roveyayinevi.com.tr\/index.php\/wp-json\/wp\/v2\/product_brand?post=730066"},{"taxonomy":"product_cat","embeddable":true,"href":"https:\/\/roveyayinevi.com.tr\/index.php\/wp-json\/wp\/v2\/product_cat?post=730066"},{"taxonomy":"product_tag","embeddable":true,"href":"https:\/\/roveyayinevi.com.tr\/index.php\/wp-json\/wp\/v2\/product_tag?post=730066"}],"curies":[{"name":"wp","href":"https:\/\/api.w.org\/{rel}","templated":true}]}}