{"id":730065,"date":"2025-08-27T21:07:58","date_gmt":"2025-08-27T18:07:58","guid":{"rendered":"https:\/\/roveyayinevi.com.tr\/index.php\/urun\/ruhsal-zeka\/"},"modified":"2026-04-16T02:37:39","modified_gmt":"2026-04-15T23:37:39","slug":"ruhsal-zeka","status":"publish","type":"product","link":"https:\/\/roveyayinevi.com.tr\/index.php\/urun\/ruhsal-zeka\/","title":{"rendered":"Ruhsal Zeka"},"content":{"rendered":"<p>Hayat\u0131m\u0131z\u0131 \u015fans, kaza, tesad\u00fcf perdesinde gizlenerek y\u00f6nlendiren ilahi elin hikmetlerini a\u00e7\u0131kl\u0131yor Ruhsal Zek\u00e2\u2026 K\u00e2inat\u0131n ve hayat\u0131n metafizi\u011fine s\u0131ra d\u0131\u015f\u0131 bir bak\u0131\u015f a\u00e7\u0131s\u0131 kazand\u0131r\u0131yor.\u0130nanma g\u00fcc\u00fcm\u00fcz\u00fcn ve niyetimizin niteli\u011fi i\u015flerimizin sonu\u00e7lar\u0131n\u0131 nas\u0131l de\u011fi\u015ftiriyor? Duygular ve \u0131srar maneviyat\u0131 nas\u0131l derinle\u015ftiriyor? Kanaat hissinin ba\u015fard\u0131\u011f\u0131 i\u015fi h\u0131rs neden bozuyor? Ne t\u00fcr ruhani t\u00fcr ruhani etkile\u015fim kanallar\u0131na sahibiz? Y\u00fcce Yaradan\u2019\u0131n uyar\u0131lar\u0131n\u0131 nas\u0131l alg\u0131lay\u0131p toparlanabiliriz?Anne \u015fefkatine i\u00e7g\u00fcd\u00fc, nasiplere \u015fans, belalara kaza demek ve hayat\u0131m\u0131z\u0131 do\u011fa yasalar\u0131n\u0131n y\u00f6netti\u011fini zannetmek b\u00fcy\u00fck yan\u0131lg\u0131&#8230; Tesad\u00fcf yoktur ve kimsenin aya\u011f\u0131na hikmetsiz diken batmaz. Her yapt\u0131\u011f\u0131m\u0131zla ve d\u00fc\u015f\u00fcnd\u00fc\u011f\u00fcm\u00fczle, ilahi g\u00f6zetim alt\u0131nda s\u00fcrekli s\u0131nan\u0131yoruz. Kalplerimizde gizli niyete, kanaate, inanca, sabra ve samimiyete g\u00f6re hayat\u0131m\u0131z\u0131 y\u00f6nlendiriyor Y\u00fcce Yaradan. Lay\u0131\u011f\u0131na g\u00f6re, diledi\u011fi oca\u011f\u0131 s\u00f6nd\u00fcr\u00fcyor; diledi\u011fini de k\u00fcllerinden diriltiyor. \u0130lahi m\u00fcdahale gelince, hayat\u0131m\u0131z ans\u0131z\u0131n y\u00f6n de\u011fi\u015ftiriyor.Okuyucular \u015f\u00f6yle yazd\u0131: \u201cHi\u00e7bir kitab\u0131 bu kadar meraklanarak okudu\u011fumu hat\u0131rlam\u0131yorum.\u201d \u201cBa\u015far\u0131 yolcular\u0131n\u0131n akl\u0131na k\u0131v\u0131lc\u0131mdan \u00f6te bir ate\u015f b\u0131rak\u0131yor.\u201d \u201c\u0130nsan\u0131 \u00f6yle anlat\u0131yorsunuz ki kendime hayran kald\u0131m.\u201d \u201cBir kitaba b\u00f6ylesine ba\u011flanaca\u011f\u0131m\u0131 d\u00fc\u015f\u00fcnemezdim.\u201d<\/p>\n","protected":false},"excerpt":{"rendered":"<p>Hayat\u0131m\u0131z\u0131 \u015fans, kaza, tesad\u00fcf perdesinde gizlenerek y\u00f6nlendiren ilahi elin hikmetlerini a\u00e7\u0131kl\u0131yor Ruhsal Zek\u00e2\u2026 K\u00e2inat\u0131n ve hayat\u0131n metafizi\u011fine s\u0131ra d\u0131\u015f\u0131 bir bak\u0131\u015f a\u00e7\u0131s\u0131 kazand\u0131r\u0131yor.\u0130nanma g\u00fcc\u00fcm\u00fcz\u00fcn ve niyetimizin<span class=\"excerpt-hellip\"> [\u2026]<\/span><\/p>\n","protected":false},"featured_media":0,"template":"","meta":{"_monsterinsights_skip_tracking":false,"_monsterinsights_sitenote_active":false,"_monsterinsights_sitenote_note":"","_monsterinsights_sitenote_category":0},"product_brand":[],"product_cat":[12364,12376],"product_tag":[],"class_list":{"0":"post-730065","1":"product","2":"type-product","3":"status-publish","5":"product_cat-genel-konular","6":"product_cat-kisisel-gelisim","7":"pa_cilt-ciltsiz","8":"pa_tur-kitap","9":"pa_yayinevi-pozitif-yayinlari","10":"pa_yazar-muhammed-bozdag","12":"first","13":"instock","14":"sale","15":"shipping-taxable","16":"purchasable","17":"product-type-simple"},"_links":{"self":[{"href":"https:\/\/roveyayinevi.com.tr\/index.php\/wp-json\/wp\/v2\/product\/730065","targetHints":{"allow":["GET"]}}],"collection":[{"href":"https:\/\/roveyayinevi.com.tr\/index.php\/wp-json\/wp\/v2\/product"}],"about":[{"href":"https:\/\/roveyayinevi.com.tr\/index.php\/wp-json\/wp\/v2\/types\/product"}],"wp:attachment":[{"href":"https:\/\/roveyayinevi.com.tr\/index.php\/wp-json\/wp\/v2\/media?parent=730065"}],"wp:term":[{"taxonomy":"product_brand","embeddable":true,"href":"https:\/\/roveyayinevi.com.tr\/index.php\/wp-json\/wp\/v2\/product_brand?post=730065"},{"taxonomy":"product_cat","embeddable":true,"href":"https:\/\/roveyayinevi.com.tr\/index.php\/wp-json\/wp\/v2\/product_cat?post=730065"},{"taxonomy":"product_tag","embeddable":true,"href":"https:\/\/roveyayinevi.com.tr\/index.php\/wp-json\/wp\/v2\/product_tag?post=730065"}],"curies":[{"name":"wp","href":"https:\/\/api.w.org\/{rel}","templated":true}]}}