{"id":730064,"date":"2025-08-27T21:07:57","date_gmt":"2025-08-27T18:07:57","guid":{"rendered":"https:\/\/roveyayinevi.com.tr\/index.php\/urun\/guclu-iletisimin-sirlari-diksiyon-beden-dili-ve-hitabet\/"},"modified":"2026-04-07T02:47:03","modified_gmt":"2026-04-06T23:47:03","slug":"guclu-iletisimin-sirlari-diksiyon-beden-dili-ve-hitabet","status":"publish","type":"product","link":"https:\/\/roveyayinevi.com.tr\/index.php\/urun\/guclu-iletisimin-sirlari-diksiyon-beden-dili-ve-hitabet\/","title":{"rendered":"G\u00fc\u00e7l\u00fc \u0130leti\u015fimin S\u0131rlar\u0131 Diksiyon Beden Dili ve Hitabet"},"content":{"rendered":"<p>1863\u2019te Amerika\u2019da i\u00e7 sava\u015f\u0131n \u00e7\u0131kt\u0131\u011f\u0131 y\u0131llarda halk\u0131n \u00e7\u0131kard\u0131\u011f\u0131 isyan\u0131 bast\u0131rmak i\u00e7in vali Edward Everett\u2019in yapm\u0131\u015f oldu\u011fu iki saatlik konu\u015fma halkta herhangi bir etki yaratmazken hemen arkas\u0131ndan konu\u015fan Abraham Lincoln iki dakikay\u0131 bile bulmayan sadece 227 kelimeden olu\u015fan \u00f6l\u00fcms\u00fcz konu\u015fmas\u0131yla hem isyan\u0131 bast\u0131r\u0131r hem de Amerikan tarihine ad\u0131n\u0131 yazd\u0131r\u0131r. Lincoln\u2019un bu konu\u015fmas\u0131 valinin iki saatlik konu\u015fmas\u0131n\u0131n bir \u00f6zeti olmakla birlikte az kelimeyle \u00e7ok \u015feyin anlat\u0131labilece\u011finin ve hitabetin nas\u0131l etkili bir sanat oldu\u011funun \u00f6nemini anlatan en g\u00fczel \u00f6rneklerden biridir.   TRT Spikeri ve \u00d6\u011fretim G\u00f6revlisi Mehmet \u00c7elikyay, bu kitab\u0131nda hitabet, diksiyon ve beden dilini do\u011fru kullanman\u0131n insanlar \u00fczerindeki mucizevi etkisini g\u00f6zler \u00f6n\u00fcne seriyor. \u0130\u015f hayat\u0131ndan \u00f6zel hayat\u0131m\u0131za kadar her alanda kullanabilece\u011fimiz bu g\u00fc\u00e7l\u00fc ileti\u015fimin s\u0131rlar\u0131na ula\u015fmak i\u00e7in bize bir kap\u0131 aral\u0131yor. Hem de kolay ve pratik \u00e7al\u0131\u015fmalarla kendi kendimize girebilece\u011fimiz bir kap\u0131. Buyrun, hep birlikte ileti\u015fim s\u0131rlar\u0131n\u0131 ke\u015ffetmeye&#8230;<\/p>\n","protected":false},"excerpt":{"rendered":"<p>1863\u2019te Amerika\u2019da i\u00e7 sava\u015f\u0131n \u00e7\u0131kt\u0131\u011f\u0131 y\u0131llarda halk\u0131n \u00e7\u0131kard\u0131\u011f\u0131 isyan\u0131 bast\u0131rmak i\u00e7in vali Edward Everett\u2019in yapm\u0131\u015f oldu\u011fu iki saatlik konu\u015fma halkta herhangi bir etki yaratmazken hemen arkas\u0131ndan<span class=\"excerpt-hellip\"> [\u2026]<\/span><\/p>\n","protected":false},"featured_media":0,"template":"","meta":{"_monsterinsights_skip_tracking":false,"_monsterinsights_sitenote_active":false,"_monsterinsights_sitenote_note":"","_monsterinsights_sitenote_category":0},"product_brand":[],"product_cat":[12364,12376],"product_tag":[],"class_list":{"0":"post-730064","1":"product","2":"type-product","3":"status-publish","5":"product_cat-genel-konular","6":"product_cat-kisisel-gelisim","7":"pa_cilt-ciltsiz","8":"pa_tur-kitap","9":"pa_yayinevi-pozitif-yayinlari","10":"pa_yazar-mehmet-celikyay","12":"first","13":"instock","14":"sale","15":"shipping-taxable","16":"purchasable","17":"product-type-simple"},"_links":{"self":[{"href":"https:\/\/roveyayinevi.com.tr\/index.php\/wp-json\/wp\/v2\/product\/730064","targetHints":{"allow":["GET"]}}],"collection":[{"href":"https:\/\/roveyayinevi.com.tr\/index.php\/wp-json\/wp\/v2\/product"}],"about":[{"href":"https:\/\/roveyayinevi.com.tr\/index.php\/wp-json\/wp\/v2\/types\/product"}],"wp:attachment":[{"href":"https:\/\/roveyayinevi.com.tr\/index.php\/wp-json\/wp\/v2\/media?parent=730064"}],"wp:term":[{"taxonomy":"product_brand","embeddable":true,"href":"https:\/\/roveyayinevi.com.tr\/index.php\/wp-json\/wp\/v2\/product_brand?post=730064"},{"taxonomy":"product_cat","embeddable":true,"href":"https:\/\/roveyayinevi.com.tr\/index.php\/wp-json\/wp\/v2\/product_cat?post=730064"},{"taxonomy":"product_tag","embeddable":true,"href":"https:\/\/roveyayinevi.com.tr\/index.php\/wp-json\/wp\/v2\/product_tag?post=730064"}],"curies":[{"name":"wp","href":"https:\/\/api.w.org\/{rel}","templated":true}]}}