{"id":730063,"date":"2025-08-27T21:07:57","date_gmt":"2025-08-27T18:07:57","guid":{"rendered":"https:\/\/roveyayinevi.com.tr\/index.php\/urun\/ates-ve-kan-2\/"},"modified":"2026-04-16T02:37:39","modified_gmt":"2026-04-15T23:37:39","slug":"ates-ve-kan-2","status":"publish","type":"product","link":"https:\/\/roveyayinevi.com.tr\/index.php\/urun\/ates-ve-kan-2\/","title":{"rendered":"Ate\u015f ve Kan"},"content":{"rendered":"<p>1914\u2019ten 1945\u2019e 20.Yy\u2019\u0131n ilk yar\u0131s\u0131n\u0131n, t\u00fcm Avrupa\u2019y\u0131 ate\u015f ve kan g\u00f6l\u00fcne \u00e7eviren bir dizi devrim, y\u0131k\u0131m ve sava\u015f d\u00f6nemi oldu\u011fu muhakkakt\u0131r. Enzo Traverso, \u201cAvrupa \u0130\u00e7 Sava\u015f\u0131\u201d kavram\u0131n\u0131n; s\u0131n\u0131r ve hukuk tan\u0131mayan topyek\u00fbn bir sava\u015f\u0131n, soyk\u0131r\u0131mlar\u0131n ve daha yerel d\u00fczeydeki i\u00e7 sava\u015flar\u0131n bu deh\u015fetengiz bile\u015fimini a\u00e7\u0131klayabilece\u011fi kan\u0131s\u0131ndad\u0131r. S\u0131k\u0131 s\u0131k\u0131ya \u00f6r\u00fclm\u00fc\u015f ve belgelendirilmi\u015f bir \u00e7er\u00e7eve d\u00e2hilinde a\u00e7\u0131klama modelinin temel hatlar\u0131n\u0131 \u015fu \u015fekilde s\u0131ralar: modern teknolojinin, so\u011fuk idari-b\u00fcrokratik akl\u0131n ve ilkel \u015fiddetin d\u00fc\u015fman\u0131 tamam\u0131yla yok etmek amac\u0131yla bir araya getirilmesi; toplu g\u00f6\u00e7 ve s\u00fcrg\u00fcne zorlanan kitlelerin her t\u00fcrden zorbal\u0131\u011fa maruz b\u0131rak\u0131lmas\u0131; kendi i\u00e7lerinde par\u00e7alanm\u0131\u015f toplumlarda birey ve gruplar aras\u0131ndaki \u00e7at\u0131\u015fmalar\u0131n \u015fiddetinin s\u0131n\u0131r tan\u0131maz bir seviyeye y\u00fckseli\u015fi (SSCB 1917-1923, \u0130spanya 1936-1939, Fransa -direni\u015f hareketi- 1939-1945); ve elbette insanlar\u0131n zihninde \u00f6l\u00fcm korkusunun geri d\u00f6nd\u00fcr\u00fclemez bi\u00e7imde yer edi\u015fi. Traverso, bu \u00e7al\u0131\u015fmas\u0131yla, tarihin bu d\u00f6nemine ili\u015fkin yeni bir okuma da \u00f6nerir. Totaliter rejimlerin vah\u015fetinin s\u00f6zde ele\u015ftirisi \u00fczerinden, fa\u015fist ya da anti-fa\u015fist olsun, akt\u00f6rlerin o d\u00f6nemde ya\u015fanan trajedilerdeki sorumlulu\u011funu ideolojilere y\u0131kan bir tarih okumas\u0131n\u0131 temelli bi\u00e7imde bertaraf eder. <\/p>\n","protected":false},"excerpt":{"rendered":"<p>1914\u2019ten 1945\u2019e 20.Yy\u2019\u0131n ilk yar\u0131s\u0131n\u0131n, t\u00fcm Avrupa\u2019y\u0131 ate\u015f ve kan g\u00f6l\u00fcne \u00e7eviren bir dizi devrim, y\u0131k\u0131m ve sava\u015f d\u00f6nemi oldu\u011fu muhakkakt\u0131r. Enzo Traverso, \u201cAvrupa \u0130\u00e7 Sava\u015f\u0131\u201d<span class=\"excerpt-hellip\"> [\u2026]<\/span><\/p>\n","protected":false},"featured_media":0,"template":"","meta":{"_monsterinsights_skip_tracking":false,"_monsterinsights_sitenote_active":false,"_monsterinsights_sitenote_note":"","_monsterinsights_sitenote_category":0},"product_brand":[],"product_cat":[12370,12304],"product_tag":[],"class_list":{"0":"post-730063","1":"product","2":"type-product","3":"status-publish","5":"product_cat-arastirma-inceleme","6":"product_cat-tarih","7":"pa_cilt-ciltsiz","8":"pa_tur-kitap","9":"pa_yayinevi-heretik-yayincilik","10":"pa_yazar-enzo-traverso","12":"first","13":"instock","14":"sale","15":"shipping-taxable","16":"purchasable","17":"product-type-simple"},"_links":{"self":[{"href":"https:\/\/roveyayinevi.com.tr\/index.php\/wp-json\/wp\/v2\/product\/730063","targetHints":{"allow":["GET"]}}],"collection":[{"href":"https:\/\/roveyayinevi.com.tr\/index.php\/wp-json\/wp\/v2\/product"}],"about":[{"href":"https:\/\/roveyayinevi.com.tr\/index.php\/wp-json\/wp\/v2\/types\/product"}],"wp:attachment":[{"href":"https:\/\/roveyayinevi.com.tr\/index.php\/wp-json\/wp\/v2\/media?parent=730063"}],"wp:term":[{"taxonomy":"product_brand","embeddable":true,"href":"https:\/\/roveyayinevi.com.tr\/index.php\/wp-json\/wp\/v2\/product_brand?post=730063"},{"taxonomy":"product_cat","embeddable":true,"href":"https:\/\/roveyayinevi.com.tr\/index.php\/wp-json\/wp\/v2\/product_cat?post=730063"},{"taxonomy":"product_tag","embeddable":true,"href":"https:\/\/roveyayinevi.com.tr\/index.php\/wp-json\/wp\/v2\/product_tag?post=730063"}],"curies":[{"name":"wp","href":"https:\/\/api.w.org\/{rel}","templated":true}]}}