{"id":730062,"date":"2025-08-27T21:07:56","date_gmt":"2025-08-27T18:07:56","guid":{"rendered":"https:\/\/roveyayinevi.com.tr\/index.php\/urun\/gazetecilik\/"},"modified":"2026-04-16T02:37:39","modified_gmt":"2026-04-15T23:37:39","slug":"gazetecilik","status":"publish","type":"product","link":"https:\/\/roveyayinevi.com.tr\/index.php\/urun\/gazetecilik\/","title":{"rendered":"Gazetecilik"},"content":{"rendered":"<p>\u201c\u2026U\u011fur Mumcu daha ilk yaz\u0131lar\u0131nda, ince mizah\u0131 ve yazma tutkusuyla kendisini kabul ettirdi\u2026 Bir ba\u015f\u0131na bir adam\u2026 Bence ba\u015far\u0131ya mahk\u00fbmdu. Ku\u015fa\u011f\u0131n\u0131n, ayd\u0131n\u0131n, demokrasinin sesi oldu \u00e7\u00fcnk\u00fc. \u201cT\u00fcrk\u00e7enin kara c\u00fcmlesini\u201d yakalam\u0131\u015ft\u0131. B\u00fcy\u00fck kamu hukuku birikimini, g\u00fcncel olay\u0131n, siyasetin, kavgan\u0131n i\u00e7inde kullanmay\u0131 bildi\u2026 Her zaman a\u00e7\u0131k y\u00fcrekli oldu; cesur davrand\u0131, risklerden korkmad\u0131. Ve elbette en \u00f6nemli nitelik, eli ger\u00e7ekten kalem tutuyordu. \u2026 Sadede bir yazar, yaln\u0131zca bir gazeteci olarak kalmad\u0131; bir d\u00fc\u015f\u00fcn\u00fcr, bir \u00f6zg\u00fcrl\u00fck sava\u015f\u00e7\u0131s\u0131, bir siyaset ve hukuk adam\u0131 olarak da belirdi\u2026 68\u2019lerin a\u00e7\u0131k aln\u0131\u2026 G\u00fcnl\u00fck yaz\u0131, ki\u015fiyi ister istemez yenilemelere g\u00f6t\u00fcr\u00fcr. U\u011fur Mumcu, yinelemeye en g\u00fczel i\u015flevi kazand\u0131rd\u0131: D\u00fc\u015f\u00fcnsel mine\u2019leme\u2026 Okunakl\u0131, orta boy, dev adam\u2026\u201d (Cemal S\u00fcreya, \u201c99 Y\u00fcz\u201d, s. 353-354) <\/p>\n","protected":false},"excerpt":{"rendered":"<p>\u201c\u2026U\u011fur Mumcu daha ilk yaz\u0131lar\u0131nda, ince mizah\u0131 ve yazma tutkusuyla kendisini kabul ettirdi\u2026 Bir ba\u015f\u0131na bir adam\u2026 Bence ba\u015far\u0131ya mahk\u00fbmdu. Ku\u015fa\u011f\u0131n\u0131n, ayd\u0131n\u0131n, demokrasinin sesi oldu \u00e7\u00fcnk\u00fc.<span class=\"excerpt-hellip\"> [\u2026]<\/span><\/p>\n","protected":false},"featured_media":0,"template":"","meta":{"_monsterinsights_skip_tracking":false,"_monsterinsights_sitenote_active":false,"_monsterinsights_sitenote_note":"","_monsterinsights_sitenote_category":0},"product_brand":[],"product_cat":[12337,14543],"product_tag":[],"class_list":{"0":"post-730062","1":"product","2":"type-product","3":"status-publish","5":"product_cat-politika-siyaset","6":"product_cat-turkiye-siyaseti-ve-politikasi","7":"pa_cilt-ciltsiz","8":"pa_tur-kitap","9":"pa_yayinevi-umag-yayinevi","10":"pa_yazar-ugur-mumcu","12":"first","13":"instock","14":"sale","15":"shipping-taxable","16":"purchasable","17":"product-type-simple"},"_links":{"self":[{"href":"https:\/\/roveyayinevi.com.tr\/index.php\/wp-json\/wp\/v2\/product\/730062","targetHints":{"allow":["GET"]}}],"collection":[{"href":"https:\/\/roveyayinevi.com.tr\/index.php\/wp-json\/wp\/v2\/product"}],"about":[{"href":"https:\/\/roveyayinevi.com.tr\/index.php\/wp-json\/wp\/v2\/types\/product"}],"wp:attachment":[{"href":"https:\/\/roveyayinevi.com.tr\/index.php\/wp-json\/wp\/v2\/media?parent=730062"}],"wp:term":[{"taxonomy":"product_brand","embeddable":true,"href":"https:\/\/roveyayinevi.com.tr\/index.php\/wp-json\/wp\/v2\/product_brand?post=730062"},{"taxonomy":"product_cat","embeddable":true,"href":"https:\/\/roveyayinevi.com.tr\/index.php\/wp-json\/wp\/v2\/product_cat?post=730062"},{"taxonomy":"product_tag","embeddable":true,"href":"https:\/\/roveyayinevi.com.tr\/index.php\/wp-json\/wp\/v2\/product_tag?post=730062"}],"curies":[{"name":"wp","href":"https:\/\/api.w.org\/{rel}","templated":true}]}}