{"id":730061,"date":"2025-08-27T21:07:55","date_gmt":"2025-08-27T18:07:55","guid":{"rendered":"https:\/\/roveyayinevi.com.tr\/index.php\/urun\/uyan-gazi-kemal\/"},"modified":"2026-04-16T02:37:39","modified_gmt":"2026-04-15T23:37:39","slug":"uyan-gazi-kemal","status":"publish","type":"product","link":"https:\/\/roveyayinevi.com.tr\/index.php\/urun\/uyan-gazi-kemal\/","title":{"rendered":"Uyan Gazi Kemal"},"content":{"rendered":"<p>Biz, istiklalimizi emin bulundurabilmek i\u00e7in heyet-i umumiyemizce (hepimiz), heyet-i milliyemizce (t\u00fcm ulus olarak) bizi mahvetmek isteyen emperyalizme kar\u015f\u0131 ve bizi yutmak isteyen kapitalizme kar\u015f\u0131 heyet-i milliyece (b\u00fct\u00fcn ulusca) m\u00fccahedeyi (sava\u015fmay\u0131) caiz (gerekli) g\u00f6ren bir mesle\u011fi takip eden insanlar\u0131z\u2026 Mustafa Kemal ATAT\u00dcRK Biz, Ulusal Kurtulu\u015f Sava\u015f\u0131\u2019na ve bu sava\u015f\u0131n y\u00fcce komutan\u0131 Gazi Mustafa Kemal Atat\u00fcrk\u2019e inan\u00e7la ba\u011fl\u0131y\u0131z. \u0130lerici d\u00fc\u015f\u00fcncemizin oda\u011f\u0131na \u201cKemalist\u201d d\u00fc\u015f\u00fcncenin kutsal ba\u011f\u0131ms\u0131zl\u0131k harc\u0131n\u0131 koyar\u0131z. Ulusal Kurtulu\u015f Sava\u015f\u0131\u2019n\u0131 benimsememi\u015f d\u00fc\u015f\u00fcnce ve ak\u0131mlarla hi\u00e7 ama hi\u00e7 ba\u011fda\u015fmay\u0131z. U\u011fur MUMCU <\/p>\n","protected":false},"excerpt":{"rendered":"<p>Biz, istiklalimizi emin bulundurabilmek i\u00e7in heyet-i umumiyemizce (hepimiz), heyet-i milliyemizce (t\u00fcm ulus olarak) bizi mahvetmek isteyen emperyalizme kar\u015f\u0131 ve bizi yutmak isteyen kapitalizme kar\u015f\u0131 heyet-i milliyece<span class=\"excerpt-hellip\"> [\u2026]<\/span><\/p>\n","protected":false},"featured_media":0,"template":"","meta":{"_monsterinsights_skip_tracking":false,"_monsterinsights_sitenote_active":false,"_monsterinsights_sitenote_note":"","_monsterinsights_sitenote_category":0},"product_brand":[],"product_cat":[12337,14543],"product_tag":[],"class_list":{"0":"post-730061","1":"product","2":"type-product","3":"status-publish","5":"product_cat-politika-siyaset","6":"product_cat-turkiye-siyaseti-ve-politikasi","7":"pa_cilt-ciltsiz","8":"pa_tur-kitap","9":"pa_yayinevi-umag-yayinevi","10":"pa_yazar-ugur-mumcu","12":"first","13":"instock","14":"sale","15":"shipping-taxable","16":"purchasable","17":"product-type-simple"},"_links":{"self":[{"href":"https:\/\/roveyayinevi.com.tr\/index.php\/wp-json\/wp\/v2\/product\/730061","targetHints":{"allow":["GET"]}}],"collection":[{"href":"https:\/\/roveyayinevi.com.tr\/index.php\/wp-json\/wp\/v2\/product"}],"about":[{"href":"https:\/\/roveyayinevi.com.tr\/index.php\/wp-json\/wp\/v2\/types\/product"}],"wp:attachment":[{"href":"https:\/\/roveyayinevi.com.tr\/index.php\/wp-json\/wp\/v2\/media?parent=730061"}],"wp:term":[{"taxonomy":"product_brand","embeddable":true,"href":"https:\/\/roveyayinevi.com.tr\/index.php\/wp-json\/wp\/v2\/product_brand?post=730061"},{"taxonomy":"product_cat","embeddable":true,"href":"https:\/\/roveyayinevi.com.tr\/index.php\/wp-json\/wp\/v2\/product_cat?post=730061"},{"taxonomy":"product_tag","embeddable":true,"href":"https:\/\/roveyayinevi.com.tr\/index.php\/wp-json\/wp\/v2\/product_tag?post=730061"}],"curies":[{"name":"wp","href":"https:\/\/api.w.org\/{rel}","templated":true}]}}