{"id":730060,"date":"2025-08-27T21:07:55","date_gmt":"2025-08-27T18:07:55","guid":{"rendered":"https:\/\/roveyayinevi.com.tr\/index.php\/urun\/dijital-cagda-gazeteciligin-krizi-ve-finansmani\/"},"modified":"2026-04-16T02:37:39","modified_gmt":"2026-04-15T23:37:39","slug":"dijital-cagda-gazeteciligin-krizi-ve-finansmani","status":"publish","type":"product","link":"https:\/\/roveyayinevi.com.tr\/index.php\/urun\/dijital-cagda-gazeteciligin-krizi-ve-finansmani\/","title":{"rendered":"Dijital \u00c7a\u011fda Gazetecili\u011fin Krizi ve Finansman\u0131"},"content":{"rendered":"<p>\u0130yi ve kaliteli gazetecilik; do\u011fru, h\u0131zl\u0131, \u00e7ok y\u00f6nl\u00fc, derinlikli ve bol haber, vazge\u00e7ilmez bir kamusal ihtiya\u00e7. Bu ihtiyac\u0131n kar\u015f\u0131lanmas\u0131 i\u00e7in ise ba\u011f\u0131ms\u0131z ve ekonomik olarak g\u00fc\u00e7l\u00fc olan, yani yeterince ve s\u00fcrd\u00fcr\u00fclebilir bir \u015fekilde para kazanan gazetelerin varl\u0131\u011f\u0131 olmazsa olmaz bir \u00f6nem ta\u015f\u0131yor. Ancak gazetecilik sekt\u00f6r\u00fcnde, sadece T\u00fcrkiye\u2019de de\u011fil d\u00fcnyan\u0131n hemen her yerinde, i\u015fler bir s\u00fcredir hi\u00e7 de iyi gitmiyor. Sekt\u00f6r 2008 y\u0131l\u0131ndan bu yana her y\u0131l k\u00fc\u00e7\u00fcl\u00fcyor, gazeteler d\u00fczenli olarak gelir kaybediyor ve g\u00f6r\u00fcnen o ki, bir s\u00fcre daha kaybetmeye devam edecek. Bu kitap \u00e7al\u0131\u015fmas\u0131, gazetecilik sekt\u00f6r\u00fcndeki s\u00f6z konusu gelir kayb\u0131n\u0131n s\u0131ras\u0131yla nedenlerini, sonu\u00e7lar\u0131n\u0131 ve bu durumdan \u00e7\u0131k\u0131\u015f\u0131n ko\u015fullar\u0131n\u0131 ele al\u0131p tart\u0131\u015f\u0131yor. Demokrasinin en temel ara\u00e7lar\u0131ndan birisi olan gazetecilerin i\u00e7inde bulundu\u011fu derin kurumsal krizi a\u015fmak her zaman oldu\u011fundan daha \u00f6nemli. Bu krizin ne oldu\u011funu anlay\u0131p onunla y\u00fczle\u015fmeden \u00e7\u00f6z\u00fcm yollar\u0131 da bulunam\u0131yor. Bu kitap okuru hem bu krizle y\u00fczle\u015fmeye hem de bu krizi a\u015fmak i\u00e7in yollar\u0131n var oldu\u011funa inanmaya davet ediyor. \u00c7\u00fcnk\u00fc gazetecilik, sadece gazetecileri de\u011fil, b\u00fct\u00fcn toplumu ilgilendiren bir meslek ve gazetecili\u011fin i\u00e7inde bulundu\u011fu kriz ancak toplumsal i\u015fbirli\u011fi ile a\u015f\u0131labilir. Bunun i\u00e7in ise gazetelerin y\u0131llard\u0131r gelir elde etmek i\u00e7in dayand\u0131\u011f\u0131 reklamlardan art\u0131k umudunu kesmesi gerekiyor. Zira Google, Facebook ve bunlara benzer dijital platformlar gazetelerin eskiden elde ettikleri kadar b\u00fcy\u00fck reklam geliri elde etmesini \u00f6nemli \u00f6l\u00e7\u00fcde s\u0131n\u0131rlamaya ba\u015flad\u0131. Yazar kitapta bunun nedenlerini uzun uzun tart\u0131\u015f\u0131yor ve okuru ikna ediyor. Burada toplumsal i\u015fbirli\u011finin \u00f6nemi devreye giriyor. Yazar kitab\u0131n sonunda d\u00fcnyadaki ba\u015far\u0131l\u0131 ve ilham verici deneyimlerden \u00f6rnekler vererek, gazetelerin okurlar\u0131ndan gelir elde etmesinin, \u00f6deme duvar\u0131 ve g\u00f6n\u00fcll\u00fc okur deste\u011fi gibi yollar\u0131n\u0131 ve ba\u015far\u0131l\u0131 olmas\u0131n\u0131n ko\u015fullar\u0131n\u0131 tart\u0131\u015f\u0131yor. Gazetecili\u011fin i\u00e7inde bulundu\u011fu kriz, ayn\u0131 zamanda \u00f6zg\u00fcn, d\u00fczg\u00fcn ve kamu yarar\u0131n\u0131 g\u00f6zeten bir gazetecili\u011fin imk\u00e2nlar\u0131n\u0131n yarat\u0131lmas\u0131 i\u00e7in bir f\u0131rsata \u00e7evrilebilir. Kitab\u0131 okuyunca bunun ne kadar m\u00fcmk\u00fcn oldu\u011funa bir kez daha ikna olacaks\u0131n\u0131z. <\/p>\n","protected":false},"excerpt":{"rendered":"<p>\u0130yi ve kaliteli gazetecilik; do\u011fru, h\u0131zl\u0131, \u00e7ok y\u00f6nl\u00fc, derinlikli ve bol haber, vazge\u00e7ilmez bir kamusal ihtiya\u00e7. Bu ihtiyac\u0131n kar\u015f\u0131lanmas\u0131 i\u00e7in ise ba\u011f\u0131ms\u0131z ve ekonomik olarak g\u00fc\u00e7l\u00fc<span class=\"excerpt-hellip\"> [\u2026]<\/span><\/p>\n","protected":false},"featured_media":0,"template":"","meta":{"_monsterinsights_skip_tracking":false,"_monsterinsights_sitenote_active":false,"_monsterinsights_sitenote_note":"","_monsterinsights_sitenote_category":0},"product_brand":[],"product_cat":[12370,12304],"product_tag":[],"class_list":{"0":"post-730060","1":"product","2":"type-product","3":"status-publish","5":"product_cat-arastirma-inceleme","6":"product_cat-tarih","7":"pa_cilt-ciltsiz","8":"pa_tur-kitap","9":"pa_yayinevi-umag-yayinevi","10":"pa_yazar-tolga-cevikel","12":"first","13":"instock","14":"sale","15":"shipping-taxable","16":"purchasable","17":"product-type-simple"},"_links":{"self":[{"href":"https:\/\/roveyayinevi.com.tr\/index.php\/wp-json\/wp\/v2\/product\/730060","targetHints":{"allow":["GET"]}}],"collection":[{"href":"https:\/\/roveyayinevi.com.tr\/index.php\/wp-json\/wp\/v2\/product"}],"about":[{"href":"https:\/\/roveyayinevi.com.tr\/index.php\/wp-json\/wp\/v2\/types\/product"}],"wp:attachment":[{"href":"https:\/\/roveyayinevi.com.tr\/index.php\/wp-json\/wp\/v2\/media?parent=730060"}],"wp:term":[{"taxonomy":"product_brand","embeddable":true,"href":"https:\/\/roveyayinevi.com.tr\/index.php\/wp-json\/wp\/v2\/product_brand?post=730060"},{"taxonomy":"product_cat","embeddable":true,"href":"https:\/\/roveyayinevi.com.tr\/index.php\/wp-json\/wp\/v2\/product_cat?post=730060"},{"taxonomy":"product_tag","embeddable":true,"href":"https:\/\/roveyayinevi.com.tr\/index.php\/wp-json\/wp\/v2\/product_tag?post=730060"}],"curies":[{"name":"wp","href":"https:\/\/api.w.org\/{rel}","templated":true}]}}