{"id":730058,"date":"2025-08-27T21:07:53","date_gmt":"2025-08-27T18:07:53","guid":{"rendered":"https:\/\/roveyayinevi.com.tr\/index.php\/urun\/istanbul-turklugunun-muhafazasi\/"},"modified":"2026-04-16T02:37:39","modified_gmt":"2026-04-15T23:37:39","slug":"istanbul-turklugunun-muhafazasi","status":"publish","type":"product","link":"https:\/\/roveyayinevi.com.tr\/index.php\/urun\/istanbul-turklugunun-muhafazasi\/","title":{"rendered":"\u0130stanbul T\u00fcrkl\u00fc\u011f\u00fcn\u00fcn Muhafazas\u0131"},"content":{"rendered":"<p>Osmanl\u0131 Devleti, Birinci D\u00fcnya Sava\u015f\u0131\u2019ndan yenik olarak ayr\u0131ld\u0131\u011f\u0131 gibi sava\u015f sonras\u0131 T\u00fcrkler, Anadolu ve \u0130stanbul\u2019da varl\u0131k tehlikesine d\u00fc\u015fm\u00fc\u015flerdi. Mondros M\u00fctarekesi\u2019nin imzalanmas\u0131ndan k\u0131sa s\u00fcre sonra \u0130stanbul\u2019un fiilen i\u015fgali, T\u00fcrklerin \u0130stanbul\u2019a dair endi\u015felerini artt\u0131rm\u0131\u015ft\u0131. Bu i\u015fgal ile neler hedeflenmi\u015fti? Ama\u00e7 \u0130stanbul\u2019u tamamen T\u00fcrk idaresinden \u00e7\u0131karacak bir s\u00fcreci ba\u015flatarak T\u00fcrklerin \u0130stanbul ve Anadolu\u2019daki h\u00e2kimiyetine son vermek miydi? Bar\u0131\u015f antla\u015fmas\u0131 imzalanana kadar, sava\u015ftan yenik \u00e7\u0131km\u0131\u015f Osmanl\u0131 idaresini kontrol alt\u0131nda tutmak m\u0131yd\u0131? \u0130\u015fgalle beraber bu sorular\u0131n cevaplar\u0131n\u0131 arayan T\u00fcrk kamuoyunda, \u0130stanbul\u2019a ve \u0130stanbul\u2019da ya\u015fayan M\u00fcsl\u00fcman\/T\u00fcrk ahalinin gelece\u011fine dair ciddi endi\u015feler bulunmaktayd\u0131. M\u00fcttefik devletlerin k\u0131sa s\u00fcre i\u00e7inde ate\u015fkes \u015fartlar\u0131na ayk\u0131r\u0131 uygulamalar\u0131, imzalanacak bar\u0131\u015f antla\u015fmas\u0131nda da T\u00fcrkler lehine bir sonu\u00e7 \u00e7\u0131kmayaca\u011f\u0131n\u0131 g\u00f6stermi\u015fti. Nitekim \u0130tilaf Devletleri&#8217;nin tasarlad\u0131klar\u0131 bar\u0131\u015f metni, Sevr Antla\u015fmas\u0131 olarak masaya getirilecekti. Mustafa Kemal Pa\u015fa liderli\u011finde y\u00fcr\u00fct\u00fclen Mill\u00ee M\u00fccadele\u2019nin asker\u00ee ba\u015far\u0131lar\u0131, bu antla\u015fmay\u0131 h\u00fck\u00fcms\u00fcz k\u0131lm\u0131\u015ft\u0131. M\u00fctareke s\u00fcresince Mill\u00ee M\u00fccadele yanl\u0131s\u0131 T\u00fcrk bas\u0131n\u0131, \u0130stanbul\u2019un T\u00fcrk ve \u0130slam kimli\u011finin vurguland\u0131\u011f\u0131 ve T\u00fcrk idaresinin devam\u0131n\u0131n sa\u011flanmas\u0131na y\u00f6nelik taleplerin dile getirildi\u011fi yay\u0131nlar yapm\u0131\u015ft\u0131. D\u00f6nemin ifadesiyle \u201c\u0130stanbul T\u00fcrkl\u00fc\u011f\u00fc\u2019n\u00fcn muhafazas\u0131\u201d olarak ifade edilen bu talepler, farkl\u0131 sebeplerle \u0130kinci D\u00fcnya Sava\u015f\u0131 y\u0131llar\u0131na kadar belli d\u00f6nemlerde g\u00fcndeme gelmeye devam etmi\u015fti. Bu \u00e7al\u0131\u015fmada, Mondros M\u00fctarekesi\u2019nden \u0130kinci D\u00fcnya Sava\u015f\u0131\u2019n\u0131n ba\u015flad\u0131\u011f\u0131 y\u0131llara kadar T\u00fcrk kamuoyunun \u0130stanbul\u2019a dair endi\u015fe ve talepleri incelenmektedir<\/p>\n","protected":false},"excerpt":{"rendered":"<p>Osmanl\u0131 Devleti, Birinci D\u00fcnya Sava\u015f\u0131\u2019ndan yenik olarak ayr\u0131ld\u0131\u011f\u0131 gibi sava\u015f sonras\u0131 T\u00fcrkler, Anadolu ve \u0130stanbul\u2019da varl\u0131k tehlikesine d\u00fc\u015fm\u00fc\u015flerdi. Mondros M\u00fctarekesi\u2019nin imzalanmas\u0131ndan k\u0131sa s\u00fcre sonra \u0130stanbul\u2019un fiilen<span class=\"excerpt-hellip\"> [\u2026]<\/span><\/p>\n","protected":false},"featured_media":0,"template":"","meta":{"_monsterinsights_skip_tracking":false,"_monsterinsights_sitenote_active":false,"_monsterinsights_sitenote_note":"","_monsterinsights_sitenote_category":0},"product_brand":[],"product_cat":[12370,12304],"product_tag":[],"class_list":{"0":"post-730058","1":"product","2":"type-product","3":"status-publish","5":"product_cat-arastirma-inceleme","6":"product_cat-tarih","7":"pa_cilt-ciltsiz","8":"pa_tur-kitap","9":"pa_yayinevi-otuken-nesriyat","10":"pa_yazar-ramazan-erhan-gullu","12":"first","13":"instock","14":"sale","15":"shipping-taxable","16":"purchasable","17":"product-type-simple"},"_links":{"self":[{"href":"https:\/\/roveyayinevi.com.tr\/index.php\/wp-json\/wp\/v2\/product\/730058","targetHints":{"allow":["GET"]}}],"collection":[{"href":"https:\/\/roveyayinevi.com.tr\/index.php\/wp-json\/wp\/v2\/product"}],"about":[{"href":"https:\/\/roveyayinevi.com.tr\/index.php\/wp-json\/wp\/v2\/types\/product"}],"wp:attachment":[{"href":"https:\/\/roveyayinevi.com.tr\/index.php\/wp-json\/wp\/v2\/media?parent=730058"}],"wp:term":[{"taxonomy":"product_brand","embeddable":true,"href":"https:\/\/roveyayinevi.com.tr\/index.php\/wp-json\/wp\/v2\/product_brand?post=730058"},{"taxonomy":"product_cat","embeddable":true,"href":"https:\/\/roveyayinevi.com.tr\/index.php\/wp-json\/wp\/v2\/product_cat?post=730058"},{"taxonomy":"product_tag","embeddable":true,"href":"https:\/\/roveyayinevi.com.tr\/index.php\/wp-json\/wp\/v2\/product_tag?post=730058"}],"curies":[{"name":"wp","href":"https:\/\/api.w.org\/{rel}","templated":true}]}}