{"id":730057,"date":"2025-08-27T21:07:52","date_gmt":"2025-08-27T18:07:52","guid":{"rendered":"https:\/\/roveyayinevi.com.tr\/index.php\/urun\/imparatorlugu-yikan-orgut-nili\/"},"modified":"2026-04-16T02:37:39","modified_gmt":"2026-04-15T23:37:39","slug":"imparatorlugu-yikan-orgut-nili","status":"publish","type":"product","link":"https:\/\/roveyayinevi.com.tr\/index.php\/urun\/imparatorlugu-yikan-orgut-nili\/","title":{"rendered":"\u0130mparatorlu\u011fu Y\u0131kan \u00d6rg\u00fct  &#8211; Nili"},"content":{"rendered":"<p>Birinci D\u00fcnya Sava\u015f\u0131\u2019nda Aaron Aaronsohn ad\u0131nda bir Siyonist bilim adam\u0131 taraf\u0131ndan kurulan N\u0130L\u0130 casusluk \u00f6rg\u00fct\u00fc, Filistin\u2019de ba\u011f\u0131ms\u0131z bir Yahudi devleti kurmak amac\u0131n\u0131 g\u00fcd\u00fcyordu. Bunu ba\u015farmak i\u00e7in \u00f6ncelikle yap\u0131lmas\u0131 gerekense Filistin\u2019in Osmanl\u0131 \u0130mparatorlu\u011fu\u2019ndan kopar\u0131l\u0131p \u0130ngiliz i\u015fgaline a\u00e7\u0131lmas\u0131yd\u0131. Filistin-Suriye Cephesi\u2019ne da\u011f\u0131lan N\u0130L\u0130 casuslar\u0131, Osmanl\u0131 ordusunun asker say\u0131s\u0131, bulundu\u011fu cepheler, yer de\u011fi\u015fiklikleri, lojistik ve cephane durumu, kulland\u0131\u011f\u0131 yol ve tren hatlar\u0131 konular\u0131nda bir\u00e7ok gizli bilgiye ula\u015ft\u0131lar. \u00d6rg\u00fct\u00fcn Filistin sorumlusu Sarah Aaronsohn\u2019un Siyonist fikirlerle efsunlad\u0131\u011f\u0131 kad\u0131n casuslar, T\u00fcrk ve Alman subaylarla kurduklar\u0131 g\u00f6n\u00fcl ili\u015fkileri sayesinde \u00f6nemli bilgiler sa\u011flad\u0131lar. N\u0130L\u0130\u2019nin toplad\u0131\u011f\u0131 bilgiler, d\u00fczenli olarak M\u0131s\u0131r\u2019daki \u0130ngiliz istihbarat \u00fcss\u00fcne ula\u015ft\u0131r\u0131ld\u0131. N\u0130L\u0130, 1917\u2019nin ba\u015flar\u0131na kadar faaliyetlerini gizli olarak y\u00fcr\u00fctmeyi ba\u015fard\u0131. Osmanl\u0131 istihbarat\u0131, N\u0130L\u0130\u2019yi de\u015fifre edip \u00e7\u00f6kertti\u011finde \u0130ngilizler, \u00e7oktan Kud\u00fcs\u2019\u00fcn kap\u0131lar\u0131na dayanm\u0131\u015ft\u0131. \u0130ngiliz Ordular\u0131 Ba\u015fkomutan\u0131 General Allenby, Osmanl\u0131 ordusunu bozguna u\u011fratt\u0131\u011f\u0131 Nablus (Armagedon) Sava\u015f\u0131\u2019n\u0131n strateji ve takti\u011fini N\u0130L\u0130\u2019nin sa\u011flad\u0131\u011f\u0131 istihbarata g\u00f6re olu\u015fturdu. Sava\u015f sonunda \u0130ngiliz asker\u00ee erk\u00e2n\u0131, kendilerine zaferin anahtar\u0131n\u0131 sunan N\u0130L\u0130 casuslar\u0131na her f\u0131rsatta \u015f\u00fckranlar\u0131n\u0131 sundu. N\u0130L\u0130\u2019nin gizem dolu hik\u00e2yesi, Osmanl\u0131 \u0130mparatorlu\u011fu\u2019nun kutsal topraklarda \u00e7\u00f6k\u00fc\u015f\u00fcn\u00fcn de hik\u00e2yesidir.<\/p>\n","protected":false},"excerpt":{"rendered":"<p>Birinci D\u00fcnya Sava\u015f\u0131\u2019nda Aaron Aaronsohn ad\u0131nda bir Siyonist bilim adam\u0131 taraf\u0131ndan kurulan N\u0130L\u0130 casusluk \u00f6rg\u00fct\u00fc, Filistin\u2019de ba\u011f\u0131ms\u0131z bir Yahudi devleti kurmak amac\u0131n\u0131 g\u00fcd\u00fcyordu. Bunu ba\u015farmak i\u00e7in<span class=\"excerpt-hellip\"> [\u2026]<\/span><\/p>\n","protected":false},"featured_media":0,"template":"","meta":{"_monsterinsights_skip_tracking":false,"_monsterinsights_sitenote_active":false,"_monsterinsights_sitenote_note":"","_monsterinsights_sitenote_category":0},"product_brand":[],"product_cat":[12370,12304],"product_tag":[],"class_list":{"0":"post-730057","1":"product","2":"type-product","3":"status-publish","5":"product_cat-arastirma-inceleme","6":"product_cat-tarih","7":"pa_cilt-ciltsiz","8":"pa_tur-kitap","9":"pa_yayinevi-otuken-nesriyat","10":"pa_yazar-celil-bozkurt","12":"first","13":"instock","14":"sale","15":"shipping-taxable","16":"purchasable","17":"product-type-simple"},"_links":{"self":[{"href":"https:\/\/roveyayinevi.com.tr\/index.php\/wp-json\/wp\/v2\/product\/730057","targetHints":{"allow":["GET"]}}],"collection":[{"href":"https:\/\/roveyayinevi.com.tr\/index.php\/wp-json\/wp\/v2\/product"}],"about":[{"href":"https:\/\/roveyayinevi.com.tr\/index.php\/wp-json\/wp\/v2\/types\/product"}],"wp:attachment":[{"href":"https:\/\/roveyayinevi.com.tr\/index.php\/wp-json\/wp\/v2\/media?parent=730057"}],"wp:term":[{"taxonomy":"product_brand","embeddable":true,"href":"https:\/\/roveyayinevi.com.tr\/index.php\/wp-json\/wp\/v2\/product_brand?post=730057"},{"taxonomy":"product_cat","embeddable":true,"href":"https:\/\/roveyayinevi.com.tr\/index.php\/wp-json\/wp\/v2\/product_cat?post=730057"},{"taxonomy":"product_tag","embeddable":true,"href":"https:\/\/roveyayinevi.com.tr\/index.php\/wp-json\/wp\/v2\/product_tag?post=730057"}],"curies":[{"name":"wp","href":"https:\/\/api.w.org\/{rel}","templated":true}]}}