{"id":730055,"date":"2025-08-27T21:07:50","date_gmt":"2025-08-27T18:07:50","guid":{"rendered":"https:\/\/roveyayinevi.com.tr\/index.php\/urun\/saglik-hizmetlerinde-toplam-kalite-yonetimi-ve-akreditasyon\/"},"modified":"2026-04-16T02:37:39","modified_gmt":"2026-04-15T23:37:39","slug":"saglik-hizmetlerinde-toplam-kalite-yonetimi-ve-akreditasyon","status":"publish","type":"product","link":"https:\/\/roveyayinevi.com.tr\/index.php\/urun\/saglik-hizmetlerinde-toplam-kalite-yonetimi-ve-akreditasyon\/","title":{"rendered":"Sa\u011fl\u0131k Hizmetlerinde Toplam Kalite Y\u00f6netimi ve Akreditasyon"},"content":{"rendered":"<p>Sa\u011fl\u0131kta kalite i\u00e7in \u00fc\u00e7 noktadan bahsetmek m\u00fcmk\u00fcnd\u00fcr. Bunlar; hasta y\u00f6n\u00fcnden, sa\u011fl\u0131k \u00e7al\u0131\u015fan\u0131 y\u00f6n\u00fcnden ve hastane y\u00f6netimi y\u00f6n\u00fcndendir. Sa\u011fl\u0131k hizmetlerinde y\u00f6netim a\u00e7\u0131s\u0131ndan kalite denilince, payda\u015flar\u0131n ihtiya\u00e7lar\u0131n\u0131n kar\u015f\u0131lanmas\u0131 i\u00e7in kaynaklar\u0131n etkin ve verimli kullan\u0131larak hizmet sunumunun   ger\u00e7ekle\u015ftirilmesi  akla gelmektedir Hasta y\u00f6n\u00fcnden kalite kavram\u0131ndan bahsederken ise hastan\u0131n ve hasta yak\u0131nlar\u0131n\u0131n sa\u011fl\u0131k hizmetlerine ili\u015fkin alg\u0131s\u0131 devreye girmekte olup hasta ve hasta yak\u0131nlar\u0131n\u0131n beklentilerinin \u00fczerinde sa\u011fl\u0131k hizmeti verilmesi gerekmektedir. Sa\u011fl\u0131k \u00e7al\u0131\u015fanlar\u0131 y\u00f6n\u00fcnden kaliteyi iki boyutlu de\u011ferlendirmek m\u00fcmk\u00fcnd\u00fcr. Birinci boyut \u00e7al\u0131\u015fanlara verilen hizmetlerin ihtiya\u00e7lar\u0131n\u0131 kar\u015f\u0131lama d\u00fczeyi, ikinci boyutu ise \u00e7al\u0131\u015fanlar\u0131n hasta ve hasta yak\u0131nlar\u0131na vermi\u015f olduklar\u0131 hizmetlerin ihtiyac\u0131 kar\u015f\u0131lama d\u00fczeyi olarak de\u011ferlendirilebilir. T\u00fcm payda\u015flar\u0131n sonsuz mutlulu\u011funu sa\u011flama olarak tan\u0131mlanabilecek toplam kalite y\u00f6netimi yakla\u015f\u0131m\u0131n\u0131n sa\u011fl\u0131k hizmetlerinin sunumuna \u00e7ok \u00f6nemli katk\u0131lar\u0131n\u0131n olaca\u011f\u0131 ku\u015fkusuzdur. Bu denenle di\u011fer t\u00fcm sekt\u00f6rlerde oldu\u011fu gibi sa\u011fl\u0131k sekt\u00f6r\u00fcnde de olan toplam kalite y\u00f6netimi yakla\u015f\u0131m\u0131 ilkelerinin benimsenerek y\u00f6ntem ve tekniklerinin uygulanmas\u0131 gerekmektedir. Sa\u011fl\u0131kta kalite ve sa\u011fl\u0131kta toplam kalite y\u00f6ntem ve yakla\u015f\u0131mlar\u0131n\u0131n t\u00fcm boyutlar\u0131 ile de\u011ferlendirildi\u011fi bu kitab\u0131n t\u00fcm payda\u015flara yararl\u0131 olmas\u0131 dile\u011fiyle\u2026.<\/p>\n","protected":false},"excerpt":{"rendered":"<p>Sa\u011fl\u0131kta kalite i\u00e7in \u00fc\u00e7 noktadan bahsetmek m\u00fcmk\u00fcnd\u00fcr. Bunlar; hasta y\u00f6n\u00fcnden, sa\u011fl\u0131k \u00e7al\u0131\u015fan\u0131 y\u00f6n\u00fcnden ve hastane y\u00f6netimi y\u00f6n\u00fcndendir. Sa\u011fl\u0131k hizmetlerinde y\u00f6netim a\u00e7\u0131s\u0131ndan kalite denilince, payda\u015flar\u0131n ihtiya\u00e7lar\u0131n\u0131n kar\u015f\u0131lanmas\u0131<span class=\"excerpt-hellip\"> [\u2026]<\/span><\/p>\n","protected":false},"featured_media":0,"template":"","meta":{"_monsterinsights_skip_tracking":false,"_monsterinsights_sitenote_active":false,"_monsterinsights_sitenote_note":"","_monsterinsights_sitenote_category":0},"product_brand":[],"product_cat":[13366,13365],"product_tag":[],"class_list":{"0":"post-730055","1":"product","2":"type-product","3":"status-publish","5":"product_cat-diger-saglik","6":"product_cat-saglik","7":"pa_cilt-ciltsiz","8":"pa_tur-kitap","9":"pa_yayinevi-siyasal-kitabevi-akademik-kitaplar","10":"pa_yazar-siyasal-kitabevi-kolektif","12":"first","13":"instock","14":"sale","15":"shipping-taxable","16":"purchasable","17":"product-type-simple"},"_links":{"self":[{"href":"https:\/\/roveyayinevi.com.tr\/index.php\/wp-json\/wp\/v2\/product\/730055","targetHints":{"allow":["GET"]}}],"collection":[{"href":"https:\/\/roveyayinevi.com.tr\/index.php\/wp-json\/wp\/v2\/product"}],"about":[{"href":"https:\/\/roveyayinevi.com.tr\/index.php\/wp-json\/wp\/v2\/types\/product"}],"wp:attachment":[{"href":"https:\/\/roveyayinevi.com.tr\/index.php\/wp-json\/wp\/v2\/media?parent=730055"}],"wp:term":[{"taxonomy":"product_brand","embeddable":true,"href":"https:\/\/roveyayinevi.com.tr\/index.php\/wp-json\/wp\/v2\/product_brand?post=730055"},{"taxonomy":"product_cat","embeddable":true,"href":"https:\/\/roveyayinevi.com.tr\/index.php\/wp-json\/wp\/v2\/product_cat?post=730055"},{"taxonomy":"product_tag","embeddable":true,"href":"https:\/\/roveyayinevi.com.tr\/index.php\/wp-json\/wp\/v2\/product_tag?post=730055"}],"curies":[{"name":"wp","href":"https:\/\/api.w.org\/{rel}","templated":true}]}}