{"id":730053,"date":"2025-08-27T21:07:49","date_gmt":"2025-08-27T18:07:49","guid":{"rendered":"https:\/\/roveyayinevi.com.tr\/index.php\/urun\/koron-a-asisi\/"},"modified":"2026-04-16T02:37:39","modified_gmt":"2026-04-15T23:37:39","slug":"koron-a-asisi","status":"publish","type":"product","link":"https:\/\/roveyayinevi.com.tr\/index.php\/urun\/koron-a-asisi\/","title":{"rendered":"Koron a A\u015f\u0131s\u0131"},"content":{"rendered":"<p>\u0130\u015fte Akl\u0131n\u0131zdaki T\u00fcm Sorular\u0131n Yan\u0131tlar\u0131 Alt\u0131n\u0131 \u00e7izerek s\u00f6yleyelim bu \u201ca\u015f\u0131 kar\u015f\u0131t\u0131\u201d bir kitap de\u011fildir! Ama b\u00fcy\u00fck ihtimalle belli \u00e7evrelerce bu \u015fekilde yaftalanacakt\u0131r. \u00c7\u00fcnk\u00fc \u201cpandemi\u201d kelimesinin telaffuz edildi\u011fi ilk g\u00fcnden beri, ana ak\u0131m medyada bizleri \u201cayd\u0131nlatan\u201d uzmanlar \u0131srarla a\u015f\u0131 olmam\u0131z gerekti\u011fi, herkesin a\u015f\u0131 olmas\u0131 gerekti\u011fi, acilen a\u015f\u0131 olmam\u0131z gerekti\u011fi, gerekirse 1 doz, 2 doz, 3 doz, \u00e7ok doz bile olmam\u0131z gerekti\u011fi y\u00f6n\u00fcnde propaganda yapt\u0131lar. Konuyu, \u201cTek yol a\u015f\u0131, ba\u015fka \u00e7are yok, herkes a\u015f\u0131lanmazsa kurtulu\u015f yok, pandemi a\u015f\u0131s\u0131z bitmez\u201d  ekseninde i\u015flediler. Meseleye daha b\u00fct\u00fcnc\u00fcl yakla\u015f\u0131p ba\u011f\u0131\u015f\u0131kl\u0131k sistemine \u00f6nem atfedenlere, a\u015f\u0131lar\u0131n olas\u0131 risk ve yan etkilerini sorgulamaya kalkan uzmanlara ise ekranlar\u0131 kapatt\u0131lar, onlar\u0131 aforoz ve dahi lin\u00e7 etmeye kalk\u0131\u015ft\u0131lar. Hatta \u201cherkese \u00e7ip tak\u0131lmal\u0131, herkesin dijital a\u015f\u0131 kart\u0131 olmal\u0131, a\u015f\u0131 olmayanlar sosyal hizmetlerden mahrum b\u0131rak\u0131lmal\u0131\u201d diyenler bile oldu. Bir ad\u0131m ileri gidenler \u201ca\u015f\u0131 olmayan vatan hainidir\u201d dedi. Kimin vatan haini oldu\u011funu zaman g\u00f6sterecek!  FARKLI KAYNAKLARDAN B\u0130LG\u0130LENMEK Evet koronavir\u00fcs s\u00fcrecinde hep onlar\u0131n \u201cemirlerini\u201d dinledik, hep onlar konu\u015ftu, hep onlar vard\u0131. Ama T\u00fcrkiye\u2019de ve d\u00fcnyada farkl\u0131 konu\u015fan, farkl\u0131 d\u00fc\u015f\u00fcnen ba\u015fkalar\u0131 da vard\u0131! \u00dcstelik bu ki\u015filer uzmand\u0131, \u201ckomplocu\u201d damgas\u0131 yiyemeyecek kadar uzmand\u0131. Aralar\u0131nda y\u0131llar\u0131n\u0131 bu i\u015fe vermi\u015f profes\u00f6rler, doktorlar, eski ila\u00e7 \u015firketi \u00e7al\u0131\u015fanlar\u0131, D\u00fcnya Sa\u011fl\u0131k \u00d6rg\u00fct\u00fc yetkilileri bile vard\u0131. \u0130\u015fte elinizdeki kitab\u0131n ilk amac\u0131, T\u00fcrk halk\u0131n\u0131n \u00e7oklu kaynaklardan beslenerek bilgilenmesi i\u00e7in bu uzmanlar\u0131n g\u00f6r\u00fc\u015f ve yakla\u015f\u0131mlar\u0131n\u0131 sizinle payla\u015fmak. Bu uzmanlar dinlediklerinizden farkl\u0131 ne mi diyor? Pandemi provas\u0131n\u0131n y\u0131llar \u00f6ncesinden yap\u0131ld\u0131\u011f\u0131n\u0131, b\u00f6yle bir pandeminin y\u0131llar \u00f6ncesinden planland\u0131\u011f\u0131n\u0131 s\u00f6yleyenler var. Ortada ger\u00e7ek bir pandemi olmad\u0131\u011f\u0131n\u0131 s\u00f6yleyenler var. A\u015f\u0131n\u0131n ger\u00e7ek amac\u0131n\u0131n insanl\u0131\u011f\u0131n genetik yap\u0131s\u0131n\u0131 de\u011fi\u015ftirmek oldu\u011funu s\u00f6yleyenler. A\u015f\u0131n\u0131n, \u201cgreat reset\u201d yani b\u00fcy\u00fck s\u0131f\u0131rlama i\u00e7in harika bir ara basamak oldu\u011funu, i\u00e7inde \u201ca\u015f\u0131lanarak geneti\u011fi de\u011fi\u015ftirilmi\u015f ve insani vas\u0131flar\u0131n\u0131 kaybetmi\u015f, \u00e7ipli, kontrol edilebilen, manip\u00fcle edilebilir\u201d insanlar\u0131n ya\u015fad\u0131\u011f\u0131 bir \u201cyeni\u201d d\u00fcnya i\u00e7in bi\u00e7ilmi\u015f kaftan oldu\u011funu dillendirenler var. PCR testlerinin yanl\u0131\u015f sonu\u00e7 verdi\u011fini ve anlams\u0131z oldu\u011funu ileri s\u00fcrenler var. As\u0131l b\u00fcy\u00fck sa\u011fl\u0131k sorununun vir\u00fcsten \u00f6te, sevdiklerimize sar\u0131lamamak, a\u00e7\u0131k havaya \u00e7\u0131kamamak, varolan di\u011fer hastal\u0131klarla ilgili gereken sa\u011fl\u0131k hizmetini alamamak, Covid-19 tedavisindeki yanl\u0131\u015fl\u0131klar oldu\u011funu s\u00f6yleyenler var. \u201cA\u015f\u0131dan \u00f6nce ba\u011f\u0131\u015f\u0131kl\u0131k sistemimizi g\u00fc\u00e7lendirmeliyiz\u201d diyenler var. Kitapta bu uzmanlar\u0131n g\u00f6r\u00fc\u015flerini kronolojik olarak, kaynak referanslar ve bilimsel dayanaklar e\u015fli\u011finde okuyacaks\u0131n\u0131zAKLIMIZDAK\u0130 SORULAR Kitab\u0131n ikinci amac\u0131 halk\u0131m\u0131z\u0131n akl\u0131ndaki \u015fu sorulara yine bilimsel referanslar \u0131\u015f\u0131\u011f\u0131nda yan\u0131t vermek: A\u015f\u0131 olmal\u0131 m\u0131y\u0131m? Annem, babam a\u015f\u0131 olsun mu? A\u015f\u0131 olmazsam toplumdan d\u0131\u015flan\u0131r m\u0131y\u0131m, i\u015fimi kaybeder miyim, sosyal hizmetlerden mahrum b\u0131rak\u0131l\u0131r m\u0131y\u0131m? \u00d6l\u00fcr m\u00fcy\u00fcm? Hangi a\u015f\u0131y\u0131 olmal\u0131y\u0131m? (\u015eu an i\u00e7in T\u00fcrkiye\u2019de sadece \u00c7in men\u015feli Coronovac a\u015f\u0131s\u0131 olsa da orta ve uzun vadede di\u011fer a\u015f\u0131lar g\u00fcndeme gelebilir.) A\u015f\u0131lar aras\u0131ndaki fark ne? \u0130ki dozdan sonra i\u015f bitecek mi? Ba\u015fka dozlar g\u00fcndeme gelebilir mi? A\u015f\u0131 beni ne kadar koruyacak? Yoksa a\u015f\u0131 belli aral\u0131klarla rutin bir hale mi gelecek? Ve son olarak a\u015f\u0131n\u0131n k\u0131sa ve uzun vadeli yan etkileri ve riskleri neler? KARAR VER\u0130RKEN&#8230; Evet son soru \u00f6zellikle kritik. Bu soruya yan\u0131t ararken \u015fu ger\u00e7ekleri akl\u0131m\u0131zda tutmakta fayda var: Hi\u00e7bir a\u015f\u0131 g\u00fcvenilirli\u011fini tam olarak kan\u0131tlayamad\u0131 \u00e7\u00fcnk\u00fc hi\u00e7bir a\u015f\u0131da t\u0131bb\u0131n \u201ca\u015f\u0131n\u0131n piyasaya \u00e7\u0131karak halka uygulanmas\u0131\u201d i\u00e7in \u00f6ng\u00f6rd\u00fc\u011f\u00fc fazlar (\u00f6zellikle faz 3) s\u00fcre ve denek say\u0131s\u0131 anlam\u0131nda tamamlanmad\u0131. Pandemi var denerek ve bir\u00e7ok hayati s\u00fcre\u00e7 h\u0131zland\u0131r\u0131larak ya da es ge\u00e7ilerek \u201cacil izin\u201d al\u0131nd\u0131. \u00dcstelik a\u015f\u0131 \u00fcreten \u015firketler \u201ca\u015f\u0131 nedeniyle do\u011fabilecek zarar ve yan etkilerden sorumlu de\u011filiz\u201d dediler ve bunu hukuki olarak da g\u00fcvence alt\u0131na almaya \u00e7al\u0131\u015ft\u0131lar. Dolay\u0131s\u0131yla \u015fu an i\u00e7in hi\u00e7bir a\u015f\u0131n\u0131n orta ve uzun vadedeki riskleri, yan etkileri ve koruyuculu\u011fu belli de\u011fil. Ya\u015fl\u0131lar \u00fczerindeki etkileri belli de\u011fil. D\u00fcnyada a\u015f\u0131 olup tekrar vir\u00fcse maruz kalanlar, a\u015f\u0131 olup aniden hastalananlar hatta \u00f6lenler var. A\u015f\u0131 \u015firketleri k\u0131s\u0131tl\u0131 denek say\u0131s\u0131yla yap\u0131lan \u00e7al\u0131\u015fmalar sonucu g\u00fcvenilirlik y\u00fczdeleri veriyor ama rakamlar ve \u00e7al\u0131\u015fmalar dikkatlice incelendi\u011finde bilimsel olarak eksiklikler g\u00f6ze \u00e7arp\u0131yor. End\u00fcstriyel t\u0131bb\u0131n sicili biraz didiklendi\u011finde, insanlara zarar veren hatta \u00f6ld\u00fcren kimi ila\u00e7lar\u0131n y\u0131llar sonra \u201cpardon, \u00f6z\u00fcr dileriz, yanl\u0131\u015f yapm\u0131\u015f\u0131z\u201d denerek piyasadan kald\u0131r\u0131ld\u0131\u011f\u0131na tan\u0131k oldu\u011fumuz i\u00e7in, t\u00fcm insanl\u0131\u011f\u0131 ilgilendiren b\u00f6ylesine bir \u201ck\u00fcresel a\u015f\u0131lama\u201d kampanyas\u0131nda \u015firketlerin beyanlar\u0131na temkinli yakla\u015fmak gerekiyor. KADRAJI GEN\u0130\u015eLETMEK Kayg\u0131l\u0131y\u0131z, hatta korkuyoruz \u00e7\u00fcnk\u00fc insanl\u0131k tarihinde daha \u00f6nce b\u00f6yle bir \u015fey ya\u015fanmad\u0131, bunun bir benzeri yok! Adeta bir bilimkurgu filminin i\u00e7indeyiz. B\u00fct\u00fcn d\u00fcnya bir vir\u00fcs nedeniyle bir y\u0131l\u0131 a\u015fk\u0131n bir zamand\u0131r, bundan \u00e7ok de\u011fil, \u00fc\u00e7-be\u015f y\u0131l \u00f6nce s\u00f6ylense dalga m\u0131 ge\u00e7iyorsun denecek bir durumun i\u00e7inde ve bunun ne kadar s\u00fcrece\u011fi, nas\u0131l sonu\u00e7lanaca\u011f\u0131 bilinmiyor. Do\u011fal olarak g\u00f6z\u00fcm\u00fcz a\u015f\u0131da \u00e7\u00fcnk\u00fc bug\u00fcne kadar vir\u00fcsten kurtulma yolu olarak lanse edilen yeg\u00e2ne \u015fey a\u015f\u0131. Peki yeterince a\u015f\u0131 al\u0131nabildi\u011finde, a\u015f\u0131 olmay\u0131 ba\u015farabildi\u011fimizde bu i\u015f bitecek mi? Hepsi bu mu? \u0130nsanl\u0131k tarihinde daha \u00f6nce hi\u00e7bir zaman mRNA veya nano par\u00e7ac\u0131klar i\u00e7eren a\u015f\u0131lar insanlar \u00fczerinde kullan\u0131lmam\u0131\u015ft\u0131! Bunlar\u0131n uzun vadeli etkileri konusunda hi\u00e7bir fikrimiz yok. Tekrarlamakta fayda var, \u015fu anda kullan\u0131mda olan a\u015f\u0131lar\u0131n hi\u00e7birinin ruhsat\u0131 yok, sadece \u201cacil kullan\u0131m onaylar\u0131\u201d var. Ruhsat demek, gerekli s\u00fcrelerde yeterince insan \u00fczerinde deneyi yap\u0131lm\u0131\u015f, olas\u0131 b\u00fct\u00fcn etkileri ve yan etkileri g\u00f6zlenmi\u015f demek. Bize vurulacak a\u015f\u0131lar bu niteli\u011fi ta\u015f\u0131m\u0131yor. K\u00fcresel \u00f6l\u00e7ekte bir sorundan s\u00f6z etti\u011fimizde bunun sadece sorunun kendisiyle s\u0131n\u0131rl\u0131 olmad\u0131\u011f\u0131n\u0131 art\u0131k biliyoruz. O y\u00fczden, Covid-19 hem bir vir\u00fcs hem de bir vir\u00fcs olman\u0131n \u00e7ok \u00f6tesinde meseleler bar\u0131nd\u0131r\u0131yor. Olay\u0131 b\u00fct\u00fcn\u00fcyle kavramak i\u00e7in yeni sorular sormam\u0131z gerekiyor: Mesela Bill Gates ve Elon Musk gibi \u201charika \u00e7ocuklar\u201d ni\u00e7in s\u00fcrekli topa girip k\u00fcresel a\u015f\u0131 kampanyas\u0131n\u0131n s\u00f6zc\u00fcl\u00fc\u011f\u00fcne soyunuyor? Ni\u00e7in y\u0131llard\u0131r denenmi\u015f inaktif \u00f6l\u00fc vir\u00fcs a\u015f\u0131lar\u0131 dururken, mRNA teknolojisi masaya s\u00fcr\u00fcl\u00fcyor? Ni\u00e7in pandemi ile e\u015fzamanl\u0131 olarak Klaus Schwab\u2019\u0131n Covid-19 The Great Reset kitab\u0131 piyasaya \u00e7\u0131k\u0131veriyor? \u0130nsanlar\u0131n eve kapand\u0131\u011f\u0131, yaln\u0131zla\u015ft\u0131\u011f\u0131, sanal d\u00fcnyaya her zamankinden daha ba\u011f\u0131ml\u0131 oldu\u011fu \u015fu g\u00fcnlerde, insanlar\u0131 ve e\u015fyalar\u0131 birbirine ba\u011flayacak, milimetrik dalgalarla d\u00fcnyan\u0131nen \u00fccra k\u00f6\u015felerine darbeli radyasyon yayacak, Wuhan\u2019daki insanlar\u0131 oksijensizlikten yere y\u0131kan 5G teknolojisi ni\u00e7in bir an \u00f6nce hayat\u0131m\u0131za sokulmaya \u00e7al\u0131\u015f\u0131l\u0131yor? A\u015f\u0131 olmay\u0131 reddedenlere ve dijital a\u015f\u0131 kart\u0131 ta\u015f\u0131mayanlara uygulanacak psikolojik ve sosyal tacizlerin boyutu nereye varacak? Eski normalden uzak nas\u0131l bir d\u00fcnya bizi bekliyor? Kitap, f\u00fct\u00fcrist perspektiften bu ve benzeri sorularla ilgili ipu\u00e7lar\u0131 vermeyi de taahh\u00fct ediyor. S\u00d6ZKONUSU BEDENLER\u0130N\u0130Z VE RUHUNUZ&#8230; VE SON KARAR S\u0130Z\u0130N!  \u00d6zetle elinizdeki kitapta Covid-19 vir\u00fcs\u00fcn\u00fcn ve a\u015f\u0131lar\u0131n nitelikleri, i\u00e7erikleri, olas\u0131 yan etkileri, koruyuculuklar\u0131n\u0131n yan\u0131 s\u0131ra konunun ulusal ve uluslararas\u0131 d\u00fczeyde hukuki boyutu ele al\u0131n\u0131yor, a\u015f\u0131 \u00fczerinden k\u00fcresel boyutta bizi nas\u0131l bir gelece\u011fin bekliyor olabilece\u011fi bilim insanlar\u0131n\u0131n g\u00f6z\u00fcnden aktar\u0131l\u0131yor. Ayr\u0131ca vir\u00fcslere kar\u015f\u0131 v\u00fccudumuzu ve ruhumuzu nas\u0131l koruyabilece\u011fimiz, beslenme ve ya\u015fam bi\u00e7imimizde ne gibi de\u011fi\u015fiklikler yaparak ya\u015fam kalitemizi art\u0131rabilece\u011fimiz de yine konunun uzmanlar\u0131 taraf\u0131ndan anlat\u0131l\u0131yor. Biz a\u015f\u0131 konusunda halk\u0131n m\u00fcmk\u00fcn olan t\u00fcm farkl\u0131 a\u00e7\u0131lardan bilgilendirilmesi gerekti\u011fini d\u00fc\u015f\u00fcnd\u00fck \u00e7\u00fcnk\u00fc s\u00f6z konusu olan bizlerin ve \u00e7ocuklar\u0131m\u0131z\u0131n biricik bedenleri ve ruhlar\u0131. Tabii ki son karar sizin! <\/p>\n","protected":false},"excerpt":{"rendered":"<p>\u0130\u015fte Akl\u0131n\u0131zdaki T\u00fcm Sorular\u0131n Yan\u0131tlar\u0131 Alt\u0131n\u0131 \u00e7izerek s\u00f6yleyelim bu \u201ca\u015f\u0131 kar\u015f\u0131t\u0131\u201d bir kitap de\u011fildir! Ama b\u00fcy\u00fck ihtimalle belli \u00e7evrelerce bu \u015fekilde yaftalanacakt\u0131r. \u00c7\u00fcnk\u00fc \u201cpandemi\u201d kelimesinin telaffuz<span class=\"excerpt-hellip\"> [\u2026]<\/span><\/p>\n","protected":false},"featured_media":0,"template":"","meta":{"_monsterinsights_skip_tracking":false,"_monsterinsights_sitenote_active":false,"_monsterinsights_sitenote_note":"","_monsterinsights_sitenote_category":0},"product_brand":[],"product_cat":[13366,13365],"product_tag":[],"class_list":{"0":"post-730053","1":"product","2":"type-product","3":"status-publish","5":"product_cat-diger-saglik","6":"product_cat-saglik","7":"pa_cilt-ciltsiz","8":"pa_tur-kitap","9":"pa_yayinevi-hayykitap","10":"pa_yazar-hayykitap-kolektif","12":"first","13":"instock","14":"sale","15":"shipping-taxable","16":"purchasable","17":"product-type-simple"},"_links":{"self":[{"href":"https:\/\/roveyayinevi.com.tr\/index.php\/wp-json\/wp\/v2\/product\/730053","targetHints":{"allow":["GET"]}}],"collection":[{"href":"https:\/\/roveyayinevi.com.tr\/index.php\/wp-json\/wp\/v2\/product"}],"about":[{"href":"https:\/\/roveyayinevi.com.tr\/index.php\/wp-json\/wp\/v2\/types\/product"}],"wp:attachment":[{"href":"https:\/\/roveyayinevi.com.tr\/index.php\/wp-json\/wp\/v2\/media?parent=730053"}],"wp:term":[{"taxonomy":"product_brand","embeddable":true,"href":"https:\/\/roveyayinevi.com.tr\/index.php\/wp-json\/wp\/v2\/product_brand?post=730053"},{"taxonomy":"product_cat","embeddable":true,"href":"https:\/\/roveyayinevi.com.tr\/index.php\/wp-json\/wp\/v2\/product_cat?post=730053"},{"taxonomy":"product_tag","embeddable":true,"href":"https:\/\/roveyayinevi.com.tr\/index.php\/wp-json\/wp\/v2\/product_tag?post=730053"}],"curies":[{"name":"wp","href":"https:\/\/api.w.org\/{rel}","templated":true}]}}