{"id":730050,"date":"2025-08-27T21:07:46","date_gmt":"2025-08-27T18:07:46","guid":{"rendered":"https:\/\/roveyayinevi.com.tr\/index.php\/urun\/uc-nokta\/"},"modified":"2026-04-16T02:37:39","modified_gmt":"2026-04-15T23:37:39","slug":"uc-nokta","status":"publish","type":"product","link":"https:\/\/roveyayinevi.com.tr\/index.php\/urun\/uc-nokta\/","title":{"rendered":"\u00dc\u00e7 Nokta"},"content":{"rendered":"<p>Bu kitapta bir muhabbete davetlisiniz\u2026 Anlam aray\u0131\u015f\u0131nda her \u015feyi yeniden anlamland\u0131raca\u011f\u0131n\u0131z bir yolculuk bu\u2026 Kalbe dokunan, samimi bir el uzat\u0131\u015f ile bir \u00e7a\u011fr\u0131 yap\u0131yor yazar\u2026 Varolu\u015fun \u00f6z\u00fcne d\u00f6n\u00fcyor ve bizi hakikate yakla\u015ft\u0131ran o kederli ve uzun yolun s\u0131rl\u0131 g\u00fczelliklerine kap\u0131 aral\u0131yor\u2026  \u0130\u015fte bu yolculuk insan\u0131n en keskin duygusu Yaln\u0131zl\u0131k ile ba\u015fl\u0131yor\u2026   Bir \u2018tek\u2019 vard\u0131r sahibi&#8230; M\u00e2n\u00e2 \u2018O\u2019na durmakt\u0131r. Varmak da yoktur ama; Yokluk, aramamakt\u0131r<\/p>\n","protected":false},"excerpt":{"rendered":"<p>Bu kitapta bir muhabbete davetlisiniz\u2026 Anlam aray\u0131\u015f\u0131nda her \u015feyi yeniden anlamland\u0131raca\u011f\u0131n\u0131z bir yolculuk bu\u2026 Kalbe dokunan, samimi bir el uzat\u0131\u015f ile bir \u00e7a\u011fr\u0131 yap\u0131yor yazar\u2026 Varolu\u015fun<span class=\"excerpt-hellip\"> [\u2026]<\/span><\/p>\n","protected":false},"featured_media":0,"template":"","meta":{"_monsterinsights_skip_tracking":false,"_monsterinsights_sitenote_active":false,"_monsterinsights_sitenote_note":"","_monsterinsights_sitenote_category":0},"product_brand":[],"product_cat":[12777,12291],"product_tag":[],"class_list":{"0":"post-730050","1":"product","2":"type-product","3":"status-publish","5":"product_cat-deneme","6":"product_cat-edebiyat","7":"pa_cilt-ciltsiz","8":"pa_tur-kitap","9":"pa_yayinevi-hayykitap","10":"pa_yazar-ahsen-ilhan","12":"first","13":"instock","14":"sale","15":"shipping-taxable","16":"purchasable","17":"product-type-simple"},"_links":{"self":[{"href":"https:\/\/roveyayinevi.com.tr\/index.php\/wp-json\/wp\/v2\/product\/730050","targetHints":{"allow":["GET"]}}],"collection":[{"href":"https:\/\/roveyayinevi.com.tr\/index.php\/wp-json\/wp\/v2\/product"}],"about":[{"href":"https:\/\/roveyayinevi.com.tr\/index.php\/wp-json\/wp\/v2\/types\/product"}],"wp:attachment":[{"href":"https:\/\/roveyayinevi.com.tr\/index.php\/wp-json\/wp\/v2\/media?parent=730050"}],"wp:term":[{"taxonomy":"product_brand","embeddable":true,"href":"https:\/\/roveyayinevi.com.tr\/index.php\/wp-json\/wp\/v2\/product_brand?post=730050"},{"taxonomy":"product_cat","embeddable":true,"href":"https:\/\/roveyayinevi.com.tr\/index.php\/wp-json\/wp\/v2\/product_cat?post=730050"},{"taxonomy":"product_tag","embeddable":true,"href":"https:\/\/roveyayinevi.com.tr\/index.php\/wp-json\/wp\/v2\/product_tag?post=730050"}],"curies":[{"name":"wp","href":"https:\/\/api.w.org\/{rel}","templated":true}]}}