{"id":730049,"date":"2025-08-27T21:07:45","date_gmt":"2025-08-27T18:07:45","guid":{"rendered":"https:\/\/roveyayinevi.com.tr\/index.php\/urun\/istanbul-cirkin-kralice\/"},"modified":"2026-04-16T02:37:39","modified_gmt":"2026-04-15T23:37:39","slug":"istanbul-cirkin-kralice","status":"publish","type":"product","link":"https:\/\/roveyayinevi.com.tr\/index.php\/urun\/istanbul-cirkin-kralice\/","title":{"rendered":"\u0130stanbul  \u00c7irkin Krali\u00e7e"},"content":{"rendered":"<p>\u201c\u0130stanbul\u201d, renkleri, sesleri, sosyal hayat\u0131 ve her t\u00fcr g\u00fczellik ve ya\u015fama inceli\u011fiyle \u00f6r\u00fclm\u00fc\u015f, d\u00fcnyan\u0131n ba\u015f\u015fehriydi bir zamanlar, di\u011fer b\u00fct\u00fcn \u015fehirlerin lideriydi&#8230; K\u0131skand\u0131ran, \u015fanl\u0131 bir tarihi vard\u0131. Yenilmezdi; b\u00fct\u00fcn \u00fcst\u00fcnl\u00fck yar\u0131\u015flar\u0131nda, yan\u0131na yakla\u015f\u0131lamaz bir \u015fehirdi&#8230; \u00c7ok g\u00fc\u00e7l\u00fcyd\u00fc; do\u011fal konumunun g\u00fczelli\u011fi ve zengin tarihiyle, sadece d\u00fcnyan\u0131n de\u011fil, adeta \u201cevrenin g\u00f6zbebe\u011fi\u201d idi\u2026 Kim derdi ki bir devir gelecek ve kar\u015f\u0131s\u0131na korkun\u00e7 bir rakip \u00e7\u0131k\u0131p onu peri\u015fan edecek; \u015fan\u0131n\u0131, g\u00fczelli\u011fini, inan\u0131lmaz \u00e7ekicili\u011fini mahvedecek, onu yorgun bir sava\u015f\u00e7\u0131ya d\u00f6n\u00fc\u015ft\u00fcrecek, \u201c\u00e7irkin bir krali\u00e7eye\u201d benzetip boynu b\u00fck\u00fck, \u00fczg\u00fcn ve s\u00fczg\u00fcn bir hale sokacak diye\u2026 Nereden bilecekti ki o g\u00fc\u00e7l\u00fc canavarlar\u0131n \u201cbi\u00e7imsiz beton y\u0131\u011f\u0131nlar\u0131\u201d olaca\u011f\u0131n\u0131&#8230; Haldun H\u00fcrel, bir \u201ckrali\u00e7e\u201d kadar \u201cal\u0131ml\u0131\u201d bir \u015fehrin ruhunun nas\u0131l \u00e7irkinle\u015ftirildi\u011fini, ya\u015fanmas\u0131 zor, zahmetli ve yorucu bir hale d\u00f6n\u00fc\u015ft\u00fcr\u00fcld\u00fc\u011f\u00fcn\u00fc, bir sanat\u00e7\u0131 duyarl\u0131l\u0131\u011f\u0131 ve y\u00fcksek kent bilgisiyle birle\u015ftirerek anlat\u0131yor\u2026 G\u00f6n\u00fcllerde s\u00fcren bu saltanat\u0131n, bu g\u00fczelli\u011fin d\u00f6k\u00fcl\u00fc\u015f\u00fcne dikkat \u00e7ekerken herkesi ba\u015f\u0131n\u0131 elleri aras\u0131na al\u0131p d\u00fc\u015f\u00fcnmeye \u00e7a\u011f\u0131r\u0131yor. <\/p>\n","protected":false},"excerpt":{"rendered":"<p>\u201c\u0130stanbul\u201d, renkleri, sesleri, sosyal hayat\u0131 ve her t\u00fcr g\u00fczellik ve ya\u015fama inceli\u011fiyle \u00f6r\u00fclm\u00fc\u015f, d\u00fcnyan\u0131n ba\u015f\u015fehriydi bir zamanlar, di\u011fer b\u00fct\u00fcn \u015fehirlerin lideriydi&#8230; K\u0131skand\u0131ran, \u015fanl\u0131 bir tarihi vard\u0131.<span class=\"excerpt-hellip\"> [\u2026]<\/span><\/p>\n","protected":false},"featured_media":0,"template":"","meta":{"_monsterinsights_skip_tracking":false,"_monsterinsights_sitenote_active":false,"_monsterinsights_sitenote_note":"","_monsterinsights_sitenote_category":0},"product_brand":[],"product_cat":[13054,20153],"product_tag":[],"class_list":{"0":"post-730049","1":"product","2":"type-product","3":"status-publish","5":"product_cat-gezi-ve-rehber-kitaplari","6":"product_cat-istanbul-rehberi","7":"pa_cilt-ciltsiz","8":"pa_tur-kitap","9":"pa_yayinevi-kapi-yayinlari","10":"pa_yazar-haldun-hurel","12":"first","13":"instock","14":"sale","15":"shipping-taxable","16":"purchasable","17":"product-type-simple"},"_links":{"self":[{"href":"https:\/\/roveyayinevi.com.tr\/index.php\/wp-json\/wp\/v2\/product\/730049","targetHints":{"allow":["GET"]}}],"collection":[{"href":"https:\/\/roveyayinevi.com.tr\/index.php\/wp-json\/wp\/v2\/product"}],"about":[{"href":"https:\/\/roveyayinevi.com.tr\/index.php\/wp-json\/wp\/v2\/types\/product"}],"wp:attachment":[{"href":"https:\/\/roveyayinevi.com.tr\/index.php\/wp-json\/wp\/v2\/media?parent=730049"}],"wp:term":[{"taxonomy":"product_brand","embeddable":true,"href":"https:\/\/roveyayinevi.com.tr\/index.php\/wp-json\/wp\/v2\/product_brand?post=730049"},{"taxonomy":"product_cat","embeddable":true,"href":"https:\/\/roveyayinevi.com.tr\/index.php\/wp-json\/wp\/v2\/product_cat?post=730049"},{"taxonomy":"product_tag","embeddable":true,"href":"https:\/\/roveyayinevi.com.tr\/index.php\/wp-json\/wp\/v2\/product_tag?post=730049"}],"curies":[{"name":"wp","href":"https:\/\/api.w.org\/{rel}","templated":true}]}}