{"id":730047,"date":"2025-08-27T21:07:44","date_gmt":"2025-08-27T18:07:44","guid":{"rendered":"https:\/\/roveyayinevi.com.tr\/index.php\/urun\/beden-bir-kullanici-kilavuzu\/"},"modified":"2026-04-16T02:37:39","modified_gmt":"2026-04-15T23:37:39","slug":"beden-bir-kullanici-kilavuzu","status":"publish","type":"product","link":"https:\/\/roveyayinevi.com.tr\/index.php\/urun\/beden-bir-kullanici-kilavuzu\/","title":{"rendered":"Beden &#8211; Bir Kullan\u0131c\u0131 K\u0131lavuzu"},"content":{"rendered":"<p>HEMEN HER \u015eEY\u0130N KISA TAR\u0130H\u0130&#8217;N\u0130N YAZARINDAN Sizi in\u015fa etmek i\u00e7in gereken atom say\u0131s\u0131 toplamda yedi milyar-milyar-milyar (7 oktilyon). Bu  yedi milyar-milyar-milyar atomun sizi olu\u015fturmak i\u00e7in duydu\u011fu bu yo\u011fun arzunun nedenini ise bilen yok. B\u00fct\u00fcn hayat\u0131m\u0131z\u0131 bir bedende ge\u00e7iriyoruz ama pek az\u0131m\u0131z\u0131n onun nas\u0131l i\u015fledi\u011fine, i\u00e7inde neler olup bitti\u011fine dair fikri var. Kula\u011fa ne kadar inan\u0131lmaz gelse de, bir toprak par\u00e7as\u0131n\u0131n i\u00e7inde bulaca\u011f\u0131m\u0131z materyalin ayn\u0131s\u0131ndan ibaretiz. Bizi olu\u015fturan elementleri \u00f6zel k\u0131lan tek \u015fey, bizi olu\u015fturuyor olmalar\u0131. Ya\u015fam\u0131n mucizesi i\u015fte bu.  Bu kitab\u0131n niyeti ise bu muhte\u015fem d\u00fczene\u011fi, kendimizi anlamak.  \u00dcnl\u00fc kitab\u0131 Hemen Her \u015eeyin K\u0131sa Tarihi ile bilimi anla\u015f\u0131l\u0131r ve e\u011flenceli k\u0131lmakta \u00e7\u0131tay\u0131 olduk\u00e7a y\u00fckseklere \u00e7eken, \u00e7a\u011f\u0131m\u0131z\u0131n en b\u00fcy\u00fck anlat\u0131c\u0131lar\u0131ndan Bill Bryson, \u015fimdi insan bedeninin i\u015fleyi\u015fine, kendini iyile\u015ftirme konusundaki ola\u011fan\u00fcst\u00fc becerilerine odaklan\u0131yor. K\u0131sa s\u00fcrede bir klasi\u011fe d\u00f6n\u00fc\u015fen Beden: Bir Kullan\u0131c\u0131 K\u0131lavuzu, i\u015fgal etti\u011fimiz alana, varolu\u015funuzun bar\u0131nd\u0131rd\u0131\u011f\u0131 dehaya tekrar tekrar \u015fa\u015f\u0131rman\u0131z\u0131 sa\u011flayacak bir kitap. Anlatan Bryson olunca, bizim hik\u00e2yemizden daha b\u00fcy\u00fcleyici bir hik\u00e2ye, ger\u00e7ekten yok. \u201cBryson, metafor ve te\u015fbihler konusunda benzeri olmayan bir anlat\u0131 \u00fcstad\u0131&#8230; Ba\u015ftan sona s\u00fcr\u00fckleyici, k\u0131\u015fk\u0131rt\u0131c\u0131 ve e\u011flenceli.\u201d  Wall Street Journal &#8220;Bir harikalar rehberi&#8230; Ya\u015fama dair nihai bir re\u00e7ete belki de.\u201d Gavin Francis &#8211; Guardian Y\u0131l\u0131n En \u0130yi Bilim Kitab\u0131  &#8211; Sunday Times Kraliyet Akademisi  Bilim Kitab\u0131 \u00d6d\u00fcl\u00fc Finalisti Y\u0131l\u0131n Kitab\u0131 Se\u00e7kilerinde  &#8211; Washington Post \u2022 Financial Times \u2022 Boston Globe <\/p>\n","protected":false},"excerpt":{"rendered":"<p>HEMEN HER \u015eEY\u0130N KISA TAR\u0130H\u0130&#8217;N\u0130N YAZARINDAN Sizi in\u015fa etmek i\u00e7in gereken atom say\u0131s\u0131 toplamda yedi milyar-milyar-milyar (7 oktilyon). Bu yedi milyar-milyar-milyar atomun sizi olu\u015fturmak i\u00e7in duydu\u011fu<span class=\"excerpt-hellip\"> [\u2026]<\/span><\/p>\n","protected":false},"featured_media":0,"template":"","meta":{"_monsterinsights_skip_tracking":false,"_monsterinsights_sitenote_active":false,"_monsterinsights_sitenote_note":"","_monsterinsights_sitenote_category":0},"product_brand":[],"product_cat":[13005,13006],"product_tag":[],"class_list":{"0":"post-730047","1":"product","2":"type-product","3":"status-publish","5":"product_cat-bilim-muhendislik","6":"product_cat-populer-bilim","7":"pa_cilt-ciltsiz","8":"pa_tur-kitap","9":"pa_yayinevi-domingo-yayinevi","10":"pa_yazar-bill-bryson","12":"first","13":"instock","14":"sale","15":"shipping-taxable","16":"purchasable","17":"product-type-simple"},"_links":{"self":[{"href":"https:\/\/roveyayinevi.com.tr\/index.php\/wp-json\/wp\/v2\/product\/730047","targetHints":{"allow":["GET"]}}],"collection":[{"href":"https:\/\/roveyayinevi.com.tr\/index.php\/wp-json\/wp\/v2\/product"}],"about":[{"href":"https:\/\/roveyayinevi.com.tr\/index.php\/wp-json\/wp\/v2\/types\/product"}],"wp:attachment":[{"href":"https:\/\/roveyayinevi.com.tr\/index.php\/wp-json\/wp\/v2\/media?parent=730047"}],"wp:term":[{"taxonomy":"product_brand","embeddable":true,"href":"https:\/\/roveyayinevi.com.tr\/index.php\/wp-json\/wp\/v2\/product_brand?post=730047"},{"taxonomy":"product_cat","embeddable":true,"href":"https:\/\/roveyayinevi.com.tr\/index.php\/wp-json\/wp\/v2\/product_cat?post=730047"},{"taxonomy":"product_tag","embeddable":true,"href":"https:\/\/roveyayinevi.com.tr\/index.php\/wp-json\/wp\/v2\/product_tag?post=730047"}],"curies":[{"name":"wp","href":"https:\/\/api.w.org\/{rel}","templated":true}]}}