{"id":730045,"date":"2025-08-27T21:07:42","date_gmt":"2025-08-27T18:07:42","guid":{"rendered":"https:\/\/roveyayinevi.com.tr\/index.php\/urun\/mottom\/"},"modified":"2026-04-16T02:37:39","modified_gmt":"2026-04-15T23:37:39","slug":"mottom","status":"publish","type":"product","link":"https:\/\/roveyayinevi.com.tr\/index.php\/urun\/mottom\/","title":{"rendered":"Mottom"},"content":{"rendered":"<p>Tebess\u00fcm sihirli bir \u015fey&#8230; Onu dosta hediye edersen rahatlarD\u00fc\u015fmana hediye etsen pi\u015fmanl\u0131k duyar Tan\u0131mad\u0131\u011f\u0131n birine hediye etsen onun dostu olursun Kendin i\u00e7in g\u00fcl\u00fcmsersen kuvvetin daha bir artarMutlu olaca\u011f\u0131m\u0131z vakitler olmas\u0131 dile\u011fi ile \u0130N\u015eAALLAH\u2026<\/p>\n","protected":false},"excerpt":{"rendered":"<p>Tebess\u00fcm sihirli bir \u015fey&#8230; Onu dosta hediye edersen rahatlarD\u00fc\u015fmana hediye etsen pi\u015fmanl\u0131k duyar Tan\u0131mad\u0131\u011f\u0131n birine hediye etsen onun dostu olursun Kendin i\u00e7in g\u00fcl\u00fcmsersen kuvvetin daha bir<span class=\"excerpt-hellip\"> [\u2026]<\/span><\/p>\n","protected":false},"featured_media":0,"template":"","meta":{"_monsterinsights_skip_tracking":false,"_monsterinsights_sitenote_active":false,"_monsterinsights_sitenote_note":"","_monsterinsights_sitenote_category":0},"product_brand":[],"product_cat":[12291,12509],"product_tag":[],"class_list":{"0":"post-730045","1":"product","2":"type-product","3":"status-publish","5":"product_cat-edebiyat","6":"product_cat-siir","7":"pa_cilt-ciltsiz","8":"pa_tur-kitap","9":"pa_yayinevi-kuytu-yayinlari","10":"pa_yazar-erhan-ziya-sancar","12":"first","13":"instock","14":"sale","15":"shipping-taxable","16":"purchasable","17":"product-type-simple"},"_links":{"self":[{"href":"https:\/\/roveyayinevi.com.tr\/index.php\/wp-json\/wp\/v2\/product\/730045","targetHints":{"allow":["GET"]}}],"collection":[{"href":"https:\/\/roveyayinevi.com.tr\/index.php\/wp-json\/wp\/v2\/product"}],"about":[{"href":"https:\/\/roveyayinevi.com.tr\/index.php\/wp-json\/wp\/v2\/types\/product"}],"wp:attachment":[{"href":"https:\/\/roveyayinevi.com.tr\/index.php\/wp-json\/wp\/v2\/media?parent=730045"}],"wp:term":[{"taxonomy":"product_brand","embeddable":true,"href":"https:\/\/roveyayinevi.com.tr\/index.php\/wp-json\/wp\/v2\/product_brand?post=730045"},{"taxonomy":"product_cat","embeddable":true,"href":"https:\/\/roveyayinevi.com.tr\/index.php\/wp-json\/wp\/v2\/product_cat?post=730045"},{"taxonomy":"product_tag","embeddable":true,"href":"https:\/\/roveyayinevi.com.tr\/index.php\/wp-json\/wp\/v2\/product_tag?post=730045"}],"curies":[{"name":"wp","href":"https:\/\/api.w.org\/{rel}","templated":true}]}}